{"id":45025,"date":"2024-07-22T06:41:00","date_gmt":"2024-07-22T06:41:00","guid":{"rendered":"https:\/\/frocase.com\/blog\/"},"modified":"2025-06-05T13:36:10","modified_gmt":"2025-06-05T13:36:10","slug":"blog","status":"publish","type":"page","link":"https:\/\/frocase.com\/pl\/blog\/","title":{"rendered":"Blog"},"content":{"rendered":"\t\t<div data-elementor-type=\"wp-page\" data-elementor-id=\"45025\" class=\"elementor elementor-45025 elementor-44017\">\n\t\t\t\t\t\t<section class=\"elementor-section elementor-top-section elementor-element elementor-element-40088df7 elementor-section-boxed elementor-section-height-default elementor-section-height-default\" data-id=\"40088df7\" data-element_type=\"section\">\n\t\t\t\t\t\t<div class=\"elementor-container elementor-column-gap-default\">\n\t\t\t\t\t<div class=\"elementor-column elementor-col-100 elementor-top-column elementor-element elementor-element-40e0d21\" data-id=\"40e0d21\" data-element_type=\"column\">\n\t\t\t<div class=\"elementor-widget-wrap elementor-element-populated\">\n\t\t\t\t\t\t<div class=\"elementor-element elementor-element-78eebee4 elementor-widget elementor-widget-ceaposts\" data-id=\"78eebee4\" data-element_type=\"widget\" data-widget_type=\"ceaposts.default\">\n\t\t\t\t\r\n\t\t<div class=\"elementor-widget-container blog-wrapper blog-style-default blog-light blog-slide-model\">\r\n\t\t\r\n\t\t\t<div class=\"cea-carousel owl-carousel\" data-loop=\"0\" data-margin=\"10\" data-center=\"0\" data-nav=\"0\" data-dots=\"0\" data-autoplay=\"0\" data-items=\"3\" data-items-tab=\"2\" data-items-mob=\"1\" data-duration=\"5000\" data-smartspeed=\"250\" data-scrollby=\"1\" data-autoheight=\"0\"><div class=\"owl-carousel-item\"><div class=\"blog-inner\"><div class=\"post-thumb post-overlay-active\"><a href=\"https:\/\/frocase.com\/pl\/dedykowane-uslugi-transportowe-ekspresowa-dostawa-w-calej-europie\/\" class=\"post-image-link\"><img decoding=\"async\" src=\"https:\/\/frocase.com\/wp-content\/uploads\/elementor\/thumbs\/Projekt-bez-nazwy-r6fdpr57uz8g3hlzjh8kgvs62ygcroh2ij9a1lhrrc.png\" title=\"Projekt bez nazwy\" alt=\"\" class=\"img-fluid rounded\" \/><\/a><div class=\"post-overlay-items\"><div class=\"entry-title\"><h4 class=\"post-title-head\"><a href=\"https:\/\/frocase.com\/pl\/dedykowane-uslugi-transportowe-ekspresowa-dostawa-w-calej-europie\/\" class=\"post-title\">Dedykowane us\u0142ugi transportowe - ekspresowa dostawa w ca\u0142ej Europie<\/a><\/h4><\/div><!-- .entry-title --><div class=\"bottom-meta clearfix\"><ul class=\"nav bottom-meta-list meta-left\"><li><div class=\"post-more\"><a href=\"https:\/\/frocase.com\/pl\/dedykowane-uslugi-transportowe-ekspresowa-dostawa-w-calej-europie\/\" class=\"read-more elementor-button\">Read More<\/a><\/div><\/li><\/ul><\/div><\/div><\/div><!-- .post-thumb --><div class=\"top-meta clearfix\"><ul class=\"nav top-meta-list meta-left\"><li><div class=\"post-date\"><a href=\"https:\/\/frocase.com\/pl\/2025\/04\/11\/\" ><i class=\"icon icon-calendar\"><\/i> 11 kwietnia, 2025<\/a><\/div><\/li><\/ul><\/div><\/div><!-- .blog-inner --><\/div><!-- .col \/ .owl-carousel-item \/ .isotope --><div class=\"owl-carousel-item\"><div class=\"blog-inner\"><div class=\"post-thumb post-overlay-active\"><a href=\"https:\/\/frocase.com\/pl\/jakie-dokumenty-sa-potrzebne-do-transportu-miedzy-ue-a-wielka-brytania-w-2025-r\/\" class=\"post-image-link\"><img decoding=\"async\" src=\"https:\/\/frocase.com\/wp-content\/uploads\/elementor\/thumbs\/Projekt-bez-nazwy2-r6fdt77wx3yao0lreyvbm0h0htgszq5mzldde4dsy0.png\" title=\"Projekt bez nazwy2\" alt=\"\" class=\"img-fluid rounded img-fluid rounded\" \/><\/a><div class=\"post-overlay-items\"><div class=\"entry-title\"><h4 class=\"post-title-head\"><a href=\"https:\/\/frocase.com\/pl\/jakie-dokumenty-sa-potrzebne-do-transportu-miedzy-ue-a-wielka-brytania-w-2025-r\/\" class=\"post-title\">Jakie dokumenty s\u0105 potrzebne do transportu mi\u0119dzy UE a Wielk\u0105 Brytani\u0105 w 2025 r.?<\/a><\/h4><\/div><!-- .entry-title --><div class=\"bottom-meta clearfix\"><ul class=\"nav bottom-meta-list meta-left\"><li><div class=\"post-more\"><a href=\"https:\/\/frocase.com\/pl\/jakie-dokumenty-sa-potrzebne-do-transportu-miedzy-ue-a-wielka-brytania-w-2025-r\/\" class=\"read-more elementor-button\">Read More<\/a><\/div><\/li><\/ul><\/div><\/div><\/div><!-- .post-thumb --><div class=\"top-meta clearfix\"><ul class=\"nav top-meta-list meta-left\"><li><div class=\"post-date\"><a href=\"https:\/\/frocase.com\/pl\/2025\/01\/06\/\" ><i class=\"icon icon-calendar\"><\/i> 6 stycznia, 2025<\/a><\/div><\/li><\/ul><\/div><\/div><!-- .blog-inner --><\/div><!-- .col \/ .owl-carousel-item \/ .isotope --><div class=\"owl-carousel-item\"><div class=\"blog-inner\"><div class=\"post-thumb post-overlay-active\"><a href=\"https:\/\/frocase.com\/pl\/jak-wybrac-odpowiedniego-przewoznika-dla-swoich-towarow-krotki-przewodnik-dla-firm\/\" class=\"post-image-link\"><img decoding=\"async\" src=\"https:\/\/frocase.com\/wp-content\/uploads\/elementor\/thumbs\/making_agreement-r6fdxhdg1xtbk2dueti4yxklx0d0235m8sd03i18lk.png\" title=\"making_agreement\" alt=\"\" class=\"img-fluid rounded img-fluid rounded img-fluid rounded\" \/><\/a><div class=\"post-overlay-items\"><div class=\"entry-title\"><h4 class=\"post-title-head\"><a href=\"https:\/\/frocase.com\/pl\/jak-wybrac-odpowiedniego-przewoznika-dla-swoich-towarow-krotki-przewodnik-dla-firm\/\" class=\"post-title\">Jak wybra\u0107 odpowiedniego przewo\u017anika dla swoich towar\u00f3w - kr\u00f3tki przewodnik dla firm<\/a><\/h4><\/div><!-- .entry-title --><div class=\"bottom-meta clearfix\"><ul class=\"nav bottom-meta-list meta-left\"><li><div class=\"post-more\"><a href=\"https:\/\/frocase.com\/pl\/jak-wybrac-odpowiedniego-przewoznika-dla-swoich-towarow-krotki-przewodnik-dla-firm\/\" class=\"read-more elementor-button\">Read More<\/a><\/div><\/li><\/ul><\/div><\/div><\/div><!-- .post-thumb --><div class=\"top-meta clearfix\"><ul class=\"nav top-meta-list meta-left\"><li><div class=\"post-date\"><a href=\"https:\/\/frocase.com\/pl\/2024\/11\/22\/\" ><i class=\"icon icon-calendar\"><\/i> 22 listopada, 2024<\/a><\/div><\/li><\/ul><\/div><\/div><!-- .blog-inner --><\/div><!-- .col \/ .owl-carousel-item \/ .isotope --><\/div><!-- .owl-carousel -->\t\t\t\r\n\t\t<\/div>\r\n\t\t\t\t<\/div>\n\t\t\t\t\t<\/div>\n\t\t<\/div>\n\t\t\t\t\t<\/div>\n\t\t<\/section>\n\t\t\t\t<\/div>\n\t\t","protected":false},"excerpt":{"rendered":"<p>Dedicated Transport Services \u2013 Express Delivery Across Europe Read More April 11, 2025 What Documents..<\/p>\n","protected":false},"author":2,"featured_media":0,"parent":0,"menu_order":0,"comment_status":"closed","ping_status":"closed","template":"","meta":{"footnotes":""},"class_list":["post-45025","page","type-page","status-publish","hentry"],"_links":{"self":[{"href":"https:\/\/frocase.com\/pl\/wp-json\/wp\/v2\/pages\/45025","targetHints":{"allow":["GET"]}}],"collection":[{"href":"https:\/\/frocase.com\/pl\/wp-json\/wp\/v2\/pages"}],"about":[{"href":"https:\/\/frocase.com\/pl\/wp-json\/wp\/v2\/types\/page"}],"author":[{"embeddable":true,"href":"https:\/\/frocase.com\/pl\/wp-json\/wp\/v2\/users\/2"}],"replies":[{"embeddable":true,"href":"https:\/\/frocase.com\/pl\/wp-json\/wp\/v2\/comments?post=45025"}],"version-history":[{"count":4,"href":"https:\/\/frocase.com\/pl\/wp-json\/wp\/v2\/pages\/45025\/revisions"}],"predecessor-version":[{"id":46973,"href":"https:\/\/frocase.com\/pl\/wp-json\/wp\/v2\/pages\/45025\/revisions\/46973"}],"wp:attachment":[{"href":"https:\/\/frocase.com\/pl\/wp-json\/wp\/v2\/media?parent=45025"}],"curies":[{"name":"wp","href":"https:\/\/api.w.org\/{rel}","templated":true}]}}