{"id":46817,"date":"2024-07-22T06:41:00","date_gmt":"2024-07-22T06:41:00","guid":{"rendered":"https:\/\/frocase.com\/kariera\/"},"modified":"2025-06-04T03:34:15","modified_gmt":"2025-06-04T03:34:15","slug":"kariera","status":"publish","type":"page","link":"https:\/\/frocase.com\/pl\/kariera\/","title":{"rendered":"Kariera"},"content":{"rendered":"\t\t<div data-elementor-type=\"wp-page\" data-elementor-id=\"46817\" class=\"elementor elementor-46817 elementor-44019\">\n\t\t\t\t<div class=\"elementor-element elementor-element-d0204ca e-flex e-con-boxed e-con e-parent\" data-id=\"d0204ca\" data-element_type=\"container\">\n\t\t\t\t\t<div class=\"e-con-inner\">\n\t\t\t\t<div class=\"elementor-element elementor-element-847ede8 elementor-widget-divider--view-line_text elementor-widget-divider--element-align-center elementor-widget elementor-widget-divider\" data-id=\"847ede8\" data-element_type=\"widget\" data-widget_type=\"divider.default\">\n\t\t\t\t<div class=\"elementor-widget-container\">\n\t\t\t\t\t\t\t<div class=\"elementor-divider\">\n\t\t\t<span class=\"elementor-divider-separator\">\n\t\t\t\t\t\t\t<span class=\"elementor-divider__text elementor-divider__element\">\n\t\t\t\tAKTYWNY TERAZ\t\t\t\t<\/span>\n\t\t\t\t\t\t<\/span>\n\t\t<\/div>\n\t\t\t\t\t\t<\/div>\n\t\t\t\t<\/div>\n\t\t\t\t\t<\/div>\n\t\t\t\t<\/div>\n\t\t\t\t<section class=\"elementor-section elementor-top-section elementor-element elementor-element-5e71145d elementor-section-stretched elementor-section-boxed elementor-section-height-default elementor-section-height-default\" data-id=\"5e71145d\" data-element_type=\"section\" data-settings=\"{&quot;stretch_section&quot;:&quot;section-stretched&quot;,&quot;background_background&quot;:&quot;classic&quot;}\">\n\t\t\t\t\t\t<div class=\"elementor-container elementor-column-gap-default\">\n\t\t\t\t\t<div class=\"elementor-column elementor-col-50 elementor-top-column elementor-element elementor-element-180f3fab\" data-id=\"180f3fab\" data-element_type=\"column\">\n\t\t\t<div class=\"elementor-widget-wrap elementor-element-populated\">\n\t\t\t\t\t\t<div class=\"elementor-element elementor-element-1e710b9a cea-view-framed cea-shape-circle elementor-widget elementor-widget-ceafeaturebox\" data-id=\"1e710b9a\" data-element_type=\"widget\" data-widget_type=\"ceafeaturebox.default\">\n\t\t\t\t<div class=\"elementor-widget-container feature-box-wrapper feature-box-default\">\n\t\t\t<div class=\"feature-box-inner\"><h4 class=\"feature-box-title\">Kierowca mi\u0119dzynarodowy<\/h4><div class=\"fbox-content\"><a href=\"#\" class=\"theme-color\">Polska<\/a> | Pe\u0142ny etat, tymczasowy<\/div>\t\t\t\t<div class=\"cea-button-wrapper\">\n\t\t\t\t\t<a href=\"https:\/\/frocase.com\/kontakt\/\" class=\"cea-button-link elementor-button cea-button elementor-size-xs\">\n\t\t\t\t\t\t\t\t<span class=\"cea-button-content-wrapper\">\n\t\t\t\t\t\t<span class=\"cea-button-icon cea-align-icon-\">\n\t\t\t\t\t\t\t<\/span>\n\t\t\t\t\t\t<span class=\"cea-button-text\">Aplikuj teraz<\/span>\n\t\t<\/span>\n\t\t\t\t\t\t\t<\/a>\n\t\t\t\t<\/div>\n\t\t\t\t<\/div>\t\t<\/div>\n\t\t\t\t<\/div>\n\t\t\t\t\t<\/div>\n\t\t<\/div>\n\t\t\t\t<div class=\"elementor-column elementor-col-50 elementor-top-column elementor-element elementor-element-7bd3bbc\" data-id=\"7bd3bbc\" data-element_type=\"column\">\n\t\t\t<div class=\"elementor-widget-wrap elementor-element-populated\">\n\t\t\t\t\t\t<div class=\"elementor-element elementor-element-7d2894e8 cea-view-framed cea-shape-circle elementor-widget elementor-widget-ceafeaturebox\" data-id=\"7d2894e8\" data-element_type=\"widget\" data-widget_type=\"ceafeaturebox.default\">\n\t\t\t\t<div class=\"elementor-widget-container feature-box-wrapper feature-box-default\">\n\t\t\t<div class=\"feature-box-inner\"><h4 class=\"feature-box-title\">Spedytor mi\u0119dzynarodowy<\/h4><div class=\"fbox-content\"><a href=\"#\" class=\"theme-color\">Polska<\/a> | Pe\u0142ny etat<\/div>\t\t\t\t<div class=\"cea-button-wrapper\">\n\t\t\t\t\t<a href=\"https:\/\/frocase.com\/kontakt\/\" class=\"cea-button-link elementor-button cea-button elementor-size-xs\">\n\t\t\t\t\t\t\t\t<span class=\"cea-button-content-wrapper\">\n\t\t\t\t\t\t<span class=\"cea-button-icon cea-align-icon-\">\n\t\t\t\t\t\t\t<\/span>\n\t\t\t\t\t\t<span class=\"cea-button-text\">Aplikuj teraz<\/span>\n\t\t<\/span>\n\t\t\t\t\t\t\t<\/a>\n\t\t\t\t<\/div>\n\t\t\t\t<\/div>\t\t<\/div>\n\t\t\t\t<\/div>\n\t\t\t\t\t<\/div>\n\t\t<\/div>\n\t\t\t\t\t<\/div>\n\t\t<\/section>\n\t\t\t\t<section class=\"elementor-section elementor-top-section elementor-element elementor-element-31c0195a elementor-section-stretched elementor-section-boxed elementor-section-height-default elementor-section-height-default\" data-id=\"31c0195a\" data-element_type=\"section\" data-settings=\"{&quot;stretch_section&quot;:&quot;section-stretched&quot;,&quot;background_background&quot;:&quot;classic&quot;}\">\n\t\t\t\t\t\t\t<div class=\"elementor-background-overlay\"><\/div>\n\t\t\t\t\t\t\t<div class=\"elementor-container elementor-column-gap-no\">\n\t\t\t\t\t<div class=\"elementor-column elementor-col-50 elementor-top-column elementor-element elementor-element-434f848c\" data-id=\"434f848c\" data-element_type=\"column\">\n\t\t\t<div class=\"elementor-widget-wrap elementor-element-populated\">\n\t\t\t\t\t\t<div class=\"elementor-element elementor-element-3b234371 cea-separator-type-normal elementor-invisible elementor-widget elementor-widget-ceasectiontitle\" data-id=\"3b234371\" data-element_type=\"widget\" data-settings=\"{&quot;_animation&quot;:&quot;fadeInUp&quot;}\" data-widget_type=\"ceasectiontitle.default\">\n\t\t\t\t<div class=\"elementor-widget-container\">\n\t\t\t\t\t<div class=\"section-title-wrapper\"><div class=\"title-wrap\"><span class=\"sub-title\"><span class=\"subtitle-dots\">Kariera<\/span><\/span><h2 class=\"section-title\">\u015acie\u017cka kariery we Frocase.<\/h2><div class=\"elementor-divider\"><span class=\"elementor-divider-separator\"><\/span><\/div><\/div><!-- .title-wrap --><div class=\"section-description\"><p class=\"section-content\">Mo\u017cliwo\u015bci rozwoju, podnoszenia kwalifikacji i osi\u0105gania cel\u00f3w razem z nami.<\/p><\/div><!-- .section-description --><\/div><!-- .section-title-wrapper -->\t\t\t\t<\/div>\n\t\t\t\t<\/div>\n\t\t\t\t\t<\/div>\n\t\t<\/div>\n\t\t\t\t<div class=\"elementor-column elementor-col-50 elementor-top-column elementor-element elementor-element-70656330\" data-id=\"70656330\" data-element_type=\"column\">\n\t\t\t<div class=\"elementor-widget-wrap elementor-element-populated\">\n\t\t\t\t\t\t<section class=\"elementor-section elementor-inner-section elementor-element elementor-element-1e9817e6 elementor-section-boxed elementor-section-height-default elementor-section-height-default\" data-id=\"1e9817e6\" data-element_type=\"section\">\n\t\t\t\t\t\t<div class=\"elementor-container elementor-column-gap-default\">\n\t\t\t\t\t<div class=\"elementor-column elementor-col-50 elementor-inner-column elementor-element elementor-element-ed594f3\" data-id=\"ed594f3\" data-element_type=\"column\">\n\t\t\t<div class=\"elementor-widget-wrap elementor-element-populated\">\n\t\t\t\t\t\t<div class=\"elementor-element elementor-element-dfd543c cea-view-default elementor-widget elementor-widget-ceafeaturebox\" data-id=\"dfd543c\" data-element_type=\"widget\" data-widget_type=\"ceafeaturebox.default\">\n\t\t\t\t<div class=\"elementor-widget-container feature-box-wrapper feature-box-default\">\n\t\t\t<div class=\"feature-box-inner\"><div class=\"cea-featured-icon\"><i aria-hidden=\"true\" class=\" bi-back\"><\/i><\/div><h4 class=\"feature-box-title\">Doskona\u0142e wsparcie<\/h4><div class=\"fbox-content\">Wsparcie na ka\u017cdym kroku, dzi\u0119ki kt\u00f3remu nigdy nie b\u0119dziesz sam w swojej podr\u00f3\u017cy.<\/div><\/div>\t\t<\/div>\n\t\t\t\t<\/div>\n\t\t\t\t\t<\/div>\n\t\t<\/div>\n\t\t\t\t<div class=\"elementor-column elementor-col-50 elementor-inner-column elementor-element elementor-element-4cccbd11\" data-id=\"4cccbd11\" data-element_type=\"column\">\n\t\t\t<div class=\"elementor-widget-wrap elementor-element-populated\">\n\t\t\t\t\t\t<div class=\"elementor-element elementor-element-44d6a8d0 cea-view-default elementor-widget elementor-widget-ceafeaturebox\" data-id=\"44d6a8d0\" data-element_type=\"widget\" data-widget_type=\"ceafeaturebox.default\">\n\t\t\t\t<div class=\"elementor-widget-container feature-box-wrapper feature-box-default\">\n\t\t\t<div class=\"feature-box-inner\"><div class=\"cea-featured-icon\"><i aria-hidden=\"true\" class=\"ti ti-user\"><\/i><\/div><h5 class=\"feature-box-title\">\u015awietni wsp\u00f3\u0142pracownicy<\/h5><div class=\"fbox-content\">Tworzenie pozytywnego i inspiruj\u0105cego \u015brodowiska pracy, w kt\u00f3rym wszyscy dobrze si\u0119 rozwijaj\u0105.<\/div><\/div>\t\t<\/div>\n\t\t\t\t<\/div>\n\t\t\t\t\t<\/div>\n\t\t<\/div>\n\t\t\t\t\t<\/div>\n\t\t<\/section>\n\t\t\t\t\t<\/div>\n\t\t<\/div>\n\t\t\t\t\t<\/div>\n\t\t<\/section>\n\t\t\t\t<section class=\"elementor-section elementor-top-section elementor-element elementor-element-bf1d10b elementor-section-stretched elementor-section-boxed elementor-section-height-default elementor-section-height-default\" data-id=\"bf1d10b\" data-element_type=\"section\" data-settings=\"{&quot;stretch_section&quot;:&quot;section-stretched&quot;,&quot;background_background&quot;:&quot;classic&quot;}\">\n\t\t\t\t\t\t\t<div class=\"elementor-background-overlay\"><\/div>\n\t\t\t\t\t\t\t<div class=\"elementor-container elementor-column-gap-default\">\n\t\t\t\t\t<div class=\"elementor-column elementor-col-100 elementor-top-column elementor-element elementor-element-467f9457\" data-id=\"467f9457\" data-element_type=\"column\" data-settings=\"{&quot;background_background&quot;:&quot;classic&quot;}\">\n\t\t\t<div class=\"elementor-widget-wrap elementor-element-populated\">\n\t\t\t\t\t<div class=\"elementor-background-overlay\"><\/div>\n\t\t\t\t\t\t<section class=\"elementor-section elementor-inner-section elementor-element elementor-element-15df0e81 elementor-section-content-bottom elementor-section-boxed elementor-section-height-default elementor-section-height-default\" data-id=\"15df0e81\" data-element_type=\"section\">\n\t\t\t\t\t\t<div class=\"elementor-container elementor-column-gap-wide\">\n\t\t\t\t\t<div class=\"elementor-column elementor-col-50 elementor-inner-column elementor-element elementor-element-1832d355 blur-shaded\" data-id=\"1832d355\" data-element_type=\"column\">\n\t\t\t<div class=\"elementor-widget-wrap elementor-element-populated\">\n\t\t\t\t\t\t<div class=\"elementor-element elementor-element-453da7 cea-align-left elementor-widget elementor-widget-ceasectiontitle\" data-id=\"453da7\" data-element_type=\"widget\" data-widget_type=\"ceasectiontitle.default\">\n\t\t\t\t<div class=\"elementor-widget-container\">\n\t\t\t\t\t<div class=\"section-title-wrapper\"><div class=\"title-wrap\"><span class=\"sub-title\"><span class=\"subtitle-dots\">Do\u0142\u0105cz do nas<\/span><\/span><h2 class=\"section-title\">Do\u0142\u0105cz i zdob\u0105d\u017a wymarzon\u0105 prac\u0119.<\/h2><\/div><!-- .title-wrap --><div class=\"section-description\">\t\t\t\t\t<div class=\"cea-button-wrapper\">\r\n\t\t\t\t\t\t<a href=\"mailto:office@frocase.com\" class=\"cea-button-link elementor-button cea-button elementor-size-sm\">\r\n\t\t\t\t\t\t\t\t\t<span class=\"cea-button-content-wrapper\">\r\n\t\t\t\t\t\t<span class=\"cea-button-icon cea-align-icon-left\">\r\n\t\t\t\t<i aria-hidden=\"true\" class=\" bi-cloud-upload\"><\/i>\t\t\t<\/span>\r\n\t\t\t\t\t\t<span class=\"cea-button-text\">Przesy\u0142anie dokument\u00f3w<\/span>\r\n\t\t<\/span>\r\n\t\t\t\t\t\t\t\t<\/a>\r\n\t\t\t\t\t<\/div>\r\n\t\t\t\t\t<\/div><!-- .section-description --><\/div><!-- .section-title-wrapper -->\t\t\t\t<\/div>\n\t\t\t\t<\/div>\n\t\t\t\t\t<\/div>\n\t\t<\/div>\n\t\t\t\t<div class=\"elementor-column elementor-col-50 elementor-inner-column elementor-element elementor-element-2b24bd36\" data-id=\"2b24bd36\" data-element_type=\"column\">\n\t\t\t<div class=\"elementor-widget-wrap elementor-element-populated\">\n\t\t\t\t\t\t<div class=\"elementor-element elementor-element-73390f8b elementor-widget elementor-widget-image\" data-id=\"73390f8b\" data-element_type=\"widget\" data-widget_type=\"image.default\">\n\t\t\t\t<div class=\"elementor-widget-container\">\n\t\t\t\t\t\t\t\t\t\t\t\t\t\t\t<img fetchpriority=\"high\" decoding=\"async\" width=\"1024\" height=\"960\" src=\"https:\/\/frocase.com\/wp-content\/uploads\/2025\/02\/freepik__a-caucasian-woman-with-glasses-45-years-old-red-ha__36007.png\" class=\"attachment-full size-full wp-image-45185\" alt=\"\" srcset=\"https:\/\/frocase.com\/wp-content\/uploads\/2025\/02\/freepik__a-caucasian-woman-with-glasses-45-years-old-red-ha__36007.png 1024w, https:\/\/frocase.com\/wp-content\/uploads\/2025\/02\/freepik__a-caucasian-woman-with-glasses-45-years-old-red-ha__36007-768x720.png 768w\" sizes=\"(max-width: 1024px) 100vw, 1024px\" \/>\t\t\t\t\t\t\t\t\t\t\t\t\t\t\t<\/div>\n\t\t\t\t<\/div>\n\t\t\t\t\t<\/div>\n\t\t<\/div>\n\t\t\t\t\t<\/div>\n\t\t<\/section>\n\t\t\t\t\t<\/div>\n\t\t<\/div>\n\t\t\t\t\t<\/div>\n\t\t<\/section>\n\t\t\t\t<\/div>\n\t\t","protected":false},"excerpt":{"rendered":"<p>AKTYWNY TERAZ Kierowca mi\u0119dzynarodowy Polska | Pe\u0142ny etat, tymczasowy Aplikuj teraz Spedytor mi\u0119dzynarodowy Polska | Pe\u0142ny etat Aplikuj teraz Kariera \u015acie\u017cka kariery we Frocase. Mo\u017cliwo\u015bci rozwoju, podnoszenia..<\/p>\n","protected":false},"author":2,"featured_media":0,"parent":0,"menu_order":0,"comment_status":"closed","ping_status":"closed","template":"","meta":{"footnotes":""},"class_list":["post-46817","page","type-page","status-publish","hentry"],"_links":{"self":[{"href":"https:\/\/frocase.com\/pl\/wp-json\/wp\/v2\/pages\/46817","targetHints":{"allow":["GET"]}}],"collection":[{"href":"https:\/\/frocase.com\/pl\/wp-json\/wp\/v2\/pages"}],"about":[{"href":"https:\/\/frocase.com\/pl\/wp-json\/wp\/v2\/types\/page"}],"author":[{"embeddable":true,"href":"https:\/\/frocase.com\/pl\/wp-json\/wp\/v2\/users\/2"}],"replies":[{"embeddable":true,"href":"https:\/\/frocase.com\/pl\/wp-json\/wp\/v2\/comments?post=46817"}],"version-history":[{"count":1,"href":"https:\/\/frocase.com\/pl\/wp-json\/wp\/v2\/pages\/46817\/revisions"}],"predecessor-version":[{"id":46818,"href":"https:\/\/frocase.com\/pl\/wp-json\/wp\/v2\/pages\/46817\/revisions\/46818"}],"wp:attachment":[{"href":"https:\/\/frocase.com\/pl\/wp-json\/wp\/v2\/media?parent=46817"}],"curies":[{"name":"wp","href":"https:\/\/api.w.org\/{rel}","templated":true}]}}