{"id":46832,"date":"2025-03-22T10:27:22","date_gmt":"2025-03-22T10:27:22","guid":{"rendered":"https:\/\/frocase.com\/transport-cysternami\/"},"modified":"2025-06-14T16:51:42","modified_gmt":"2025-06-14T16:51:42","slug":"transport-cysternami","status":"publish","type":"page","link":"https:\/\/frocase.com\/pl\/transport-cysternami\/","title":{"rendered":"Transport cysternami"},"content":{"rendered":"\t\t<div data-elementor-type=\"wp-page\" data-elementor-id=\"46832\" class=\"elementor elementor-46832 elementor-46341\">\n\t\t\t\t\t\t<section class=\"elementor-section elementor-top-section elementor-element elementor-element-6b903eb1 elementor-section-stretched elementor-section-boxed elementor-section-height-default elementor-section-height-default\" data-id=\"6b903eb1\" data-element_type=\"section\" data-settings=\"{&quot;stretch_section&quot;:&quot;section-stretched&quot;,&quot;background_background&quot;:&quot;classic&quot;}\">\n\t\t\t\t\t\t<div class=\"elementor-container elementor-column-gap-default\">\n\t\t\t\t\t<div class=\"elementor-column elementor-col-50 elementor-top-column elementor-element elementor-element-88a1cdd\" data-id=\"88a1cdd\" data-element_type=\"column\">\n\t\t\t<div class=\"elementor-widget-wrap elementor-element-populated\">\n\t\t\t\t\t\t<div class=\"elementor-element elementor-element-3101337c elementor-widget elementor-widget-image\" data-id=\"3101337c\" data-element_type=\"widget\" data-widget_type=\"image.default\">\n\t\t\t\t<div class=\"elementor-widget-container\">\n\t\t\t\t\t\t\t\t\t\t\t\t\t\t\t<img decoding=\"async\" src=\"https:\/\/frocase.com\/wp-content\/uploads\/elementor\/thumbs\/tanker_transport-r38aiset4fck3iq6tswhdkwbhdnvnz6g05up02wele.png\" title=\"tanker_transport\" alt=\"tanker_transport\" loading=\"lazy\" \/>\t\t\t\t\t\t\t\t\t\t\t\t\t\t\t<\/div>\n\t\t\t\t<\/div>\n\t\t\t\t\t<\/div>\n\t\t<\/div>\n\t\t\t\t<div class=\"elementor-column elementor-col-50 elementor-top-column elementor-element elementor-element-4e4da2df\" data-id=\"4e4da2df\" data-element_type=\"column\" data-settings=\"{&quot;background_background&quot;:&quot;classic&quot;}\">\n\t\t\t<div class=\"elementor-widget-wrap elementor-element-populated\">\n\t\t\t\t\t\t<div class=\"elementor-element elementor-element-4089ad21 cea-separator-type-normal elementor-invisible elementor-widget elementor-widget-ceasectiontitle\" data-id=\"4089ad21\" data-element_type=\"widget\" data-settings=\"{&quot;_animation&quot;:&quot;fadeInUp&quot;}\" data-widget_type=\"ceasectiontitle.default\">\n\t\t\t\t<div class=\"elementor-widget-container\">\n\t\t\t\t\t<div class=\"section-title-wrapper\"><div class=\"title-wrap\"><h6 class=\"sub-title\"><span class=\"subtitle-dots\">transport cysternami<\/span><\/h6><h2 class=\"section-title\">Profesjonalny transport cysternami<\/h2><div class=\"elementor-divider\"><span class=\"elementor-divider-separator\"><\/span><\/div><\/div><!-- .title-wrap --><div class=\"section-description\"><\/div><!-- .section-description --><\/div><!-- .section-title-wrapper -->\t\t\t\t<\/div>\n\t\t\t\t<\/div>\n\t\t\t\t<div class=\"elementor-element elementor-element-3d5639ba elementor-invisible elementor-widget elementor-widget-text-editor\" data-id=\"3d5639ba\" data-element_type=\"widget\" data-settings=\"{&quot;_animation&quot;:&quot;fadeInUp&quot;}\" data-widget_type=\"text-editor.default\">\n\t\t\t\t<div class=\"elementor-widget-container\">\n\t\t\t\t\t\t\t\t\t<p data-pm-slice=\"1 1 []\">Jeste\u015bmy ekspertami w transporcie towar\u00f3w p\u0142ynnych i substancji wymagaj\u0105cych specjalistycznych cystern. Dzia\u0142amy na terenie Wielkiej Brytanii, Polski i Europy, zapewniaj\u0105c pe\u0142ne bezpiecze\u0144stwo, punktualno\u015b\u0107 i zgodno\u015b\u0107 z obowi\u0105zuj\u0105cymi przepisami transportowymi. <\/p>\t\t\t\t\t\t\t\t<\/div>\n\t\t\t\t<\/div>\n\t\t\t\t\t<\/div>\n\t\t<\/div>\n\t\t\t\t\t<\/div>\n\t\t<\/section>\n\t\t\t\t<section class=\"elementor-section elementor-top-section elementor-element elementor-element-7268e433 elementor-section-boxed elementor-section-height-default elementor-section-height-default\" data-id=\"7268e433\" data-element_type=\"section\">\n\t\t\t\t\t\t<div class=\"elementor-container elementor-column-gap-default\">\n\t\t\t\t\t<div class=\"elementor-column elementor-col-50 elementor-top-column elementor-element elementor-element-69368a87\" data-id=\"69368a87\" data-element_type=\"column\">\n\t\t\t<div class=\"elementor-widget-wrap\">\n\t\t\t\t\t\t\t<\/div>\n\t\t<\/div>\n\t\t\t\t<div class=\"elementor-column elementor-col-50 elementor-top-column elementor-element elementor-element-5e71c326\" data-id=\"5e71c326\" data-element_type=\"column\" data-settings=\"{&quot;background_background&quot;:&quot;classic&quot;}\">\n\t\t\t<div class=\"elementor-widget-wrap elementor-element-populated\">\n\t\t\t\t\t\t<section class=\"elementor-section elementor-inner-section elementor-element elementor-element-af3a477 elementor-section-content-middle elementor-section-boxed elementor-section-height-default elementor-section-height-default elementor-invisible\" data-id=\"af3a477\" data-element_type=\"section\" data-settings=\"{&quot;background_background&quot;:&quot;classic&quot;,&quot;animation&quot;:&quot;fadeInUp&quot;}\">\n\t\t\t\t\t\t\t<div class=\"elementor-background-overlay\"><\/div>\n\t\t\t\t\t\t\t<div class=\"elementor-container elementor-column-gap-default\">\n\t\t\t\t\t<div class=\"elementor-column elementor-col-100 elementor-inner-column elementor-element elementor-element-524a8af9\" data-id=\"524a8af9\" data-element_type=\"column\">\n\t\t\t<div class=\"elementor-widget-wrap elementor-element-populated\">\n\t\t\t\t\t\t<div class=\"elementor-element elementor-element-138dc05f elementor-widget elementor-widget-ceaiconlist\" data-id=\"138dc05f\" data-element_type=\"widget\" data-widget_type=\"ceaiconlist.default\">\n\t\t\t\t<div class=\"elementor-widget-container\">\n\t\t\t\t\t\t\t\r\n\t\t<ul class=\"nav flex-column cea-icon-list\">\r\n\t\t<li class=\"cea-icon-list-item\">\t\t\t\t\t<span class=\"cea-icon-list-icon\">\r\n\t\t\t\t\t\t<i aria-hidden=\"true\" class=\" bi-send-fill\"><\/i>\t\t\t\t\t<\/span>\r\n\t\t\t\t<span class=\"icon-list-text\">Rodzaje cystern - paliwowe, spo\u017cywcze, chemiczne, ADR i izotermiczne<\/span><\/li><li class=\"cea-icon-list-item\">\t\t\t\t\t<span class=\"cea-icon-list-icon\">\r\n\t\t\t\t\t\t<i aria-hidden=\"true\" class=\" bi-send-fill\"><\/i>\t\t\t\t\t<\/span>\r\n\t\t\t\t<span class=\"icon-list-text\">Pojemno\u015b\u0107 cysterny - od 25 000 do 40 000 litr\u00f3w<\/span><\/li><li class=\"cea-icon-list-item\">\t\t\t\t\t<span class=\"cea-icon-list-icon\">\r\n\t\t\t\t\t\t<i aria-hidden=\"true\" class=\" bi-send-fill\"><\/i>\t\t\t\t\t<\/span>\r\n\t\t\t\t<span class=\"icon-list-text\">Kontrola temperatury - opcjonalne systemy ogrzewania i ch\u0142odzenia<\/span><\/li><li class=\"cea-icon-list-item\">\t\t\t\t\t<span class=\"cea-icon-list-icon\">\r\n\t\t\t\t\t\t<i aria-hidden=\"true\" class=\" bi-send-fill\"><\/i>\t\t\t\t\t<\/span>\r\n\t\t\t\t<span class=\"icon-list-text\">Funkcje bezpiecze\u0144stwa - systemy zapobiegaj\u0105ce wyciekom, \u015bledzenie GPS, zawory bezpiecze\u0144stwa<\/span><\/li>\t\t<\/ul>\r\n\t\t\r\n\t\t\t\t\t\t<\/div>\n\t\t\t\t<\/div>\n\t\t\t\t\t<\/div>\n\t\t<\/div>\n\t\t\t\t\t<\/div>\n\t\t<\/section>\n\t\t\t\t\t<\/div>\n\t\t<\/div>\n\t\t\t\t\t<\/div>\n\t\t<\/section>\n\t\t<div class=\"elementor-element elementor-element-4549a1ac e-flex e-con-boxed e-con e-parent\" data-id=\"4549a1ac\" data-element_type=\"container\">\n\t\t\t\t\t<div class=\"e-con-inner\">\n\t\t<div class=\"elementor-element elementor-element-5d95cccf e-con-full e-flex e-con e-child\" data-id=\"5d95cccf\" data-element_type=\"container\">\n\t\t<div class=\"elementor-element elementor-element-1af29159 e-con-full e-flex e-con e-child\" data-id=\"1af29159\" data-element_type=\"container\">\n\t\t\t\t<div class=\"elementor-element elementor-element-31fdc2c5 animated-fast elementor-invisible elementor-widget elementor-widget-ceasectiontitle\" data-id=\"31fdc2c5\" data-element_type=\"widget\" data-settings=\"{&quot;_animation&quot;:&quot;fadeInUp&quot;}\" data-widget_type=\"ceasectiontitle.default\">\n\t\t\t\t<div class=\"elementor-widget-container\">\n\t\t\t\t\t<div class=\"section-title-wrapper\"><div class=\"title-wrap\"><div class=\"sub-title\"><span class=\"subtitle-dots\">Przew\u00f3z towar\u00f3w p\u0142ynnych i ADR<\/span><\/div><h2 class=\"section-title\">Bezpieczny i specjalistyczny transport cysternami<\/h2><\/div><!-- .title-wrap --><div class=\"section-description\"><p class=\"section-content\"><p>Specjalizujemy si\u0119 w transporcie substancji p\u0142ynnych. Planujemy tras\u0119, zajmujemy si\u0119 odpraw\u0105 celn\u0105 i zapewniamy odpowiednie pojazdy. Posiadamy wszystkie wymagane uprawnienia: Certyfikat HACCP do przewozu \u017cywno\u015bci, Certyfikaty ADR do przewozu materia\u0142\u00f3w niebezpiecznych.  <\/p><\/div><!-- .section-description --><\/div><!-- .section-title-wrapper -->\t\t\t\t<\/div>\n\t\t\t\t<\/div>\n\t\t\t\t<div class=\"elementor-element elementor-element-7d1d83c0 animated-fast elementor-invisible elementor-widget elementor-widget-ceasectiontitle\" data-id=\"7d1d83c0\" data-element_type=\"widget\" data-settings=\"{&quot;_animation&quot;:&quot;fadeInUp&quot;}\" data-widget_type=\"ceasectiontitle.default\">\n\t\t\t\t<div class=\"elementor-widget-container\">\n\t\t\t\t\t<div class=\"section-title-wrapper\"><div class=\"title-wrap\"><h3 class=\"section-title\">Nasze us\u0142ugi obejmuj\u0105<\/h3><\/div><!-- .title-wrap --><div class=\"section-description\"><\/div><!-- .section-description --><\/div><!-- .section-title-wrapper -->\t\t\t\t<\/div>\n\t\t\t\t<\/div>\n\t\t\t\t<div class=\"elementor-element elementor-element-e66023b elementor-align-left elementor-widget elementor-widget-ceaiconlist\" data-id=\"e66023b\" data-element_type=\"widget\" data-widget_type=\"ceaiconlist.default\">\n\t\t\t\t<div class=\"elementor-widget-container\">\n\t\t\t\t\t\t\t\r\n\t\t<ul class=\"nav flex-column cea-icon-list\">\r\n\t\t<li class=\"cea-icon-list-item\">\t\t\t\t\t<span class=\"cea-icon-list-icon\">\r\n\t\t\t\t\t\t<i aria-hidden=\"true\" class=\" bi-chevron-double-right\"><\/i>\t\t\t\t\t<\/span>\r\n\t\t\t\t<span class=\"icon-list-text\"><b>Transport paliw p\u0142ynnych <\/b> <p>- Benzyna, olej nap\u0119dowy, LPG, LNG, bioetanol.<\/span><\/li><li class=\"cea-icon-list-item\">\t\t\t\t\t<span class=\"cea-icon-list-icon\">\r\n\t\t\t\t\t\t<i aria-hidden=\"true\" class=\" bi-chevron-double-right\"><\/i>\t\t\t\t\t<\/span>\r\n\t\t\t\t<span class=\"icon-list-text\"><b>Transport chemiczny <\/b> <p>- Kwasy, zasady, rozpuszczalniki, p\u0142yny przemys\u0142owe, smary i \u015brodki ochrony ro\u015blin.<\/span><\/li><li class=\"cea-icon-list-item\">\t\t\t\t\t<span class=\"cea-icon-list-icon\">\r\n\t\t\t\t\t\t<i aria-hidden=\"true\" class=\" bi-chevron-double-right\"><\/i>\t\t\t\t\t<\/span>\r\n\t\t\t\t<span class=\"icon-list-text\"><b>Transport p\u0142yn\u00f3w spo\u017cywczych<\/b> <p>- Mleko, oleje ro\u015blinne, soki, czekolada, glukoza, syropy spo\u017cywcze.<\/span><\/li><li class=\"cea-icon-list-item\">\t\t\t\t\t<span class=\"cea-icon-list-icon\">\r\n\t\t\t\t\t\t<i aria-hidden=\"true\" class=\" bi-chevron-double-right\"><\/i>\t\t\t\t\t<\/span>\r\n\t\t\t\t<span class=\"icon-list-text\"><b>Transport materia\u0142\u00f3w niebezpiecznych (ADR)<\/b> <p>- Obs\u0142ugujemy substancje sklasyfikowane jako niebezpieczne zgodnie z normami ADR.<\/span><\/li><li class=\"cea-icon-list-item\">\t\t\t\t\t<span class=\"cea-icon-list-icon\">\r\n\t\t\t\t\t\t<i aria-hidden=\"true\" class=\" bi-chevron-double-right\"><\/i>\t\t\t\t\t<\/span>\r\n\t\t\t\t<span class=\"icon-list-text\"><b>Transport wody i \u015bciek\u00f3w przemys\u0142owych<\/b> <p>- w tym wody technologicznej, wody deszczowej, \u015bciek\u00f3w i innych p\u0142ynnych odpad\u00f3w przemys\u0142owych.<\/span><\/li>\t\t<\/ul>\r\n\t\t\r\n\t\t\t\t\t\t<\/div>\n\t\t\t\t<\/div>\n\t\t\t\t<div class=\"elementor-element elementor-element-5518c328 animated-fast elementor-invisible elementor-widget elementor-widget-ceasectiontitle\" data-id=\"5518c328\" data-element_type=\"widget\" data-settings=\"{&quot;_animation&quot;:&quot;fadeInUp&quot;}\" data-widget_type=\"ceasectiontitle.default\">\n\t\t\t\t<div class=\"elementor-widget-container\">\n\t\t\t\t\t<div class=\"section-title-wrapper\"><div class=\"title-wrap\"><h3 class=\"section-title\">Dlaczego warto Nas wybra\u0107?<\/h3><\/div><!-- .title-wrap --><div class=\"section-description\"><\/div><!-- .section-description --><\/div><!-- .section-title-wrapper -->\t\t\t\t<\/div>\n\t\t\t\t<\/div>\n\t\t\t\t<div class=\"elementor-element elementor-element-44d56591 elementor-align-left elementor-widget elementor-widget-ceaiconlist\" data-id=\"44d56591\" data-element_type=\"widget\" data-widget_type=\"ceaiconlist.default\">\n\t\t\t\t<div class=\"elementor-widget-container\">\n\t\t\t\t\t\t\t\r\n\t\t<ul class=\"nav flex-column cea-icon-list\">\r\n\t\t<li class=\"cea-icon-list-item\">\t\t\t\t\t<span class=\"cea-icon-list-icon\">\r\n\t\t\t\t\t\t<i aria-hidden=\"true\" class=\" bi-chevron-double-right\"><\/i>\t\t\t\t\t<\/span>\r\n\t\t\t\t<span class=\"icon-list-text\"><b>Nowoczesna flota cystern<\/b> - Obs\u0142ugujemy specjalistyczne cysterny do transportu \u017cywno\u015bci, chemikali\u00f3w i paliw, spe\u0142niaj\u0105ce surowe wymogi bezpiecze\u0144stwa.<\/span><\/li><li class=\"cea-icon-list-item\">\t\t\t\t\t<span class=\"cea-icon-list-icon\">\r\n\t\t\t\t\t\t<i aria-hidden=\"true\" class=\" bi-chevron-double-right\"><\/i>\t\t\t\t\t<\/span>\r\n\t\t\t\t<span class=\"icon-list-text\"><b>Bezpiecze\u0144stwo transportu<\/b> - Nasze cysterny s\u0105 regularnie serwisowane i wyposa\u017cone w systemy monitorowania GPS i zapobiegania wyciekom.<\/span><\/li><li class=\"cea-icon-list-item\">\t\t\t\t\t<span class=\"cea-icon-list-icon\">\r\n\t\t\t\t\t\t<i aria-hidden=\"true\" class=\" bi-chevron-double-right\"><\/i>\t\t\t\t\t<\/span>\r\n\t\t\t\t<span class=\"icon-list-text\"><b>Pe\u0142na zgodno\u015b\u0107 z ADR<\/b> - posiadamy wszystkie niezb\u0119dne zezwolenia i certyfikaty dotycz\u0105ce transportu materia\u0142\u00f3w niebezpiecznych.<\/span><\/li><li class=\"cea-icon-list-item\">\t\t\t\t\t<span class=\"cea-icon-list-icon\">\r\n\t\t\t\t\t\t<i aria-hidden=\"true\" class=\" bi-chevron-double-right\"><\/i>\t\t\t\t\t<\/span>\r\n\t\t\t\t<span class=\"icon-list-text\"><b>Do\u015bwiadczenie i profesjonalizm<\/b> - Wieloletnie do\u015bwiadczenie w logistyce \u0142adunk\u00f3w p\u0142ynnych zapewnia najwy\u017csz\u0105 jako\u015b\u0107 us\u0142ug.<\/span><\/li><li class=\"cea-icon-list-item\">\t\t\t\t\t<span class=\"cea-icon-list-icon\">\r\n\t\t\t\t\t\t<i aria-hidden=\"true\" class=\" bi-chevron-double-right\"><\/i>\t\t\t\t\t<\/span>\r\n\t\t\t\t<span class=\"icon-list-text\"><b>Kompleksowe wsparcie logistyczne<\/b> - zajmujemy si\u0119 planowaniem transportu, uzyskiwaniem pozwole\u0144 i odpraw\u0105 celn\u0105.<\/span><\/li><li class=\"cea-icon-list-item\">\t\t\t\t\t<span class=\"cea-icon-list-icon\">\r\n\t\t\t\t\t\t<i aria-hidden=\"true\" class=\" bi-chevron-double-right\"><\/i>\t\t\t\t\t<\/span>\r\n\t\t\t\t<span class=\"icon-list-text\"><b>Konkurencyjne ceny<\/b> - spersonalizowane wyceny w oparciu o rodzaj \u0142adunku i tras\u0119 dostawy.<\/span><\/li>\t\t<\/ul>\r\n\t\t\r\n\t\t\t\t\t\t<\/div>\n\t\t\t\t<\/div>\n\t\t\t\t<div class=\"elementor-element elementor-element-42f4cd55 animated-fast elementor-invisible elementor-widget elementor-widget-ceasectiontitle\" data-id=\"42f4cd55\" data-element_type=\"widget\" data-settings=\"{&quot;_animation&quot;:&quot;fadeInUp&quot;}\" data-widget_type=\"ceasectiontitle.default\">\n\t\t\t\t<div class=\"elementor-widget-container\">\n\t\t\t\t\t<div class=\"section-title-wrapper\"><div class=\"title-wrap\"><h3 class=\"section-title\">Skontaktuj si\u0119 z nami i zoptymalizuj swoj\u0105 logistyk\u0119!<\/h3><\/div><!-- .title-wrap --><div class=\"section-description\"><p class=\"section-content\"><br>Potrzebujesz niezawodnego transportu? Chcesz usprawni\u0107 logistyk\u0119 swojej firmy? Skontaktuj si\u0119 z nami, a przygotujemy dla Ciebie indywidualn\u0105 ofert\u0119!  <\/p><\/div><!-- .section-description --><\/div><!-- .section-title-wrapper -->\t\t\t\t<\/div>\n\t\t\t\t<\/div>\n\t\t\t\t<\/div>\n\t\t\t\t<\/div>\n\t\t\t\t\t<\/div>\n\t\t\t\t<\/div>\n\t\t<div class=\"elementor-element elementor-element-7379350d e-flex e-con-boxed e-con e-parent\" data-id=\"7379350d\" data-element_type=\"container\">\n\t\t\t\t\t<div class=\"e-con-inner\">\n\t\t<div class=\"elementor-element elementor-element-5bd5e2c7 e-con-full e-flex e-con e-child\" data-id=\"5bd5e2c7\" data-element_type=\"container\">\n\t\t\t\t<div class=\"elementor-element elementor-element-7d63f81f cea-view-stacked cea-shape-circle elementor-widget elementor-widget-ceafeaturebox\" data-id=\"7d63f81f\" data-element_type=\"widget\" data-widget_type=\"ceafeaturebox.default\">\n\t\t\t\t<div class=\"elementor-widget-container feature-box-wrapper feature-box-modern\">\n\t\t\t<div class=\"media\"><div class=\"media-icon-part align-self-center\"><div class=\"cea-featured-icon\"><i aria-hidden=\"true\" class=\" bi-geo-alt-fill\"><\/i><\/div><\/div><div class=\"media-body align-self-center\"><h4 class=\"feature-box-title\">Nasz adres<\/h4><div class=\"fbox-content\">Dworki 2, 82-335 Gronowo Elbl\u0105skie, POLSKA<\/div><\/div><!-- .media-body --><\/div><!-- .media -->\t\t<\/div>\n\t\t\t\t<\/div>\n\t\t\t\t<\/div>\n\t\t<div class=\"elementor-element elementor-element-695d3e0b e-con-full e-flex e-con e-child\" data-id=\"695d3e0b\" data-element_type=\"container\">\n\t\t\t\t<div class=\"elementor-element elementor-element-6aa3aeb8 cea-view-stacked cea-shape-circle elementor-widget elementor-widget-ceafeaturebox\" data-id=\"6aa3aeb8\" data-element_type=\"widget\" data-widget_type=\"ceafeaturebox.default\">\n\t\t\t\t<div class=\"elementor-widget-container feature-box-wrapper feature-box-modern\">\n\t\t\t<div class=\"media\"><div class=\"media-icon-part align-self-center\"><div class=\"cea-featured-icon\"><i aria-hidden=\"true\" class=\" bi-headset\"><\/i><\/div><\/div><div class=\"media-body align-self-center\"><h4 class=\"feature-box-title\">Wsparcie 24\/7<\/h4><div class=\"fbox-content\"><a href=\"tel: (+48)%20573%20588%20299\">(+48) 573 588 299<\/a>\n<br><a href=\"tel:(+48)%20573%20588%20299\">(+48) 573 588 299<\/a><\/div><\/div><!-- .media-body --><\/div><!-- .media -->\t\t<\/div>\n\t\t\t\t<\/div>\n\t\t\t\t<\/div>\n\t\t<div class=\"elementor-element elementor-element-5283985d e-con-full e-flex e-con e-child\" data-id=\"5283985d\" data-element_type=\"container\">\n\t\t\t\t<div class=\"elementor-element elementor-element-34159bd6 cea-view-stacked cea-shape-circle elementor-widget elementor-widget-ceafeaturebox\" data-id=\"34159bd6\" data-element_type=\"widget\" data-widget_type=\"ceafeaturebox.default\">\n\t\t\t\t<div class=\"elementor-widget-container feature-box-wrapper feature-box-modern\">\n\t\t\t<div class=\"media\"><div class=\"media-icon-part align-self-center\"><div class=\"cea-featured-icon\"><i aria-hidden=\"true\" class=\" bi-envelope-fill\"><\/i><\/div><\/div><div class=\"media-body align-self-center\"><h4 class=\"feature-box-title\">Wy\u015blij e-mail<\/h4><div class=\"fbox-content\"><a href=\"mailto:office@frocase.com\">office@frocase.com<\/a>\n<br><a href=\"mailto:office@frocase.com\">office@frocase.com<\/a><\/div><\/div><!-- .media-body --><\/div><!-- .media -->\t\t<\/div>\n\t\t\t\t<\/div>\n\t\t\t\t<\/div>\n\t\t<div class=\"elementor-element elementor-element-2b89c20 e-con-full e-flex e-con e-child\" data-id=\"2b89c20\" data-element_type=\"container\">\n\t\t\t\t<div class=\"elementor-element elementor-element-1da4afe8 cea-view-stacked cea-shape-circle elementor-widget elementor-widget-ceafeaturebox\" data-id=\"1da4afe8\" data-element_type=\"widget\" data-widget_type=\"ceafeaturebox.default\">\n\t\t\t\t<div class=\"elementor-widget-container feature-box-wrapper feature-box-modern\">\n\t\t\t<div class=\"media\"><div class=\"media-icon-part align-self-center\"><div class=\"cea-featured-icon\"><i aria-hidden=\"true\" class=\" bi-alarm-fill\"><\/i><\/div><\/div><div class=\"media-body align-self-center\"><h4 class=\"feature-box-title\">Godziny otwarcia<\/h4><div class=\"fbox-content\">Od poniedzia\u0142ku do soboty: 07.00-20.00 <br> <p>Niedziela - zamkni\u0119te<\/p><\/div><\/div><!-- .media-body --><\/div><!-- .media -->\t\t<\/div>\n\t\t\t\t<\/div>\n\t\t\t\t<\/div>\n\t\t\t\t\t<\/div>\n\t\t\t\t<\/div>\n\t\t\t\t<\/div>\n\t\t","protected":false},"excerpt":{"rendered":"<p>transport cysternami Profesjonalny transport cysternami Jeste\u015bmy ekspertami w transporcie towar\u00f3w p\u0142ynnych i substancji wymagaj\u0105cych specjalistycznych cystern. Dzia\u0142amy na terenie Wielkiej Brytanii, Polski i Europy, zapewniaj\u0105c pe\u0142ne bezpiecze\u0144stwo,..<\/p>\n","protected":false},"author":3,"featured_media":0,"parent":0,"menu_order":0,"comment_status":"closed","ping_status":"closed","template":"","meta":{"footnotes":""},"class_list":["post-46832","page","type-page","status-publish","hentry"],"_links":{"self":[{"href":"https:\/\/frocase.com\/pl\/wp-json\/wp\/v2\/pages\/46832","targetHints":{"allow":["GET"]}}],"collection":[{"href":"https:\/\/frocase.com\/pl\/wp-json\/wp\/v2\/pages"}],"about":[{"href":"https:\/\/frocase.com\/pl\/wp-json\/wp\/v2\/types\/page"}],"author":[{"embeddable":true,"href":"https:\/\/frocase.com\/pl\/wp-json\/wp\/v2\/users\/3"}],"replies":[{"embeddable":true,"href":"https:\/\/frocase.com\/pl\/wp-json\/wp\/v2\/comments?post=46832"}],"version-history":[{"count":3,"href":"https:\/\/frocase.com\/pl\/wp-json\/wp\/v2\/pages\/46832\/revisions"}],"predecessor-version":[{"id":47233,"href":"https:\/\/frocase.com\/pl\/wp-json\/wp\/v2\/pages\/46832\/revisions\/47233"}],"wp:attachment":[{"href":"https:\/\/frocase.com\/pl\/wp-json\/wp\/v2\/media?parent=46832"}],"curies":[{"name":"wp","href":"https:\/\/api.w.org\/{rel}","templated":true}]}}