{"id":46833,"date":"2025-03-22T11:03:39","date_gmt":"2025-03-22T11:03:39","guid":{"rendered":"https:\/\/frocase.com\/transport-po-stronie-kurtyny\/"},"modified":"2025-06-16T12:14:37","modified_gmt":"2025-06-16T12:14:37","slug":"transport-po-stronie-kurtyny","status":"publish","type":"page","link":"https:\/\/frocase.com\/pl\/transport-po-stronie-kurtyny\/","title":{"rendered":"Transport plandekowy"},"content":{"rendered":"\t\t<div data-elementor-type=\"wp-page\" data-elementor-id=\"46833\" class=\"elementor elementor-46833 elementor-46356\">\n\t\t\t\t\t\t<section class=\"elementor-section elementor-top-section elementor-element elementor-element-1ed1c5a9 elementor-section-stretched elementor-section-boxed elementor-section-height-default elementor-section-height-default\" data-id=\"1ed1c5a9\" data-element_type=\"section\" data-settings=\"{&quot;stretch_section&quot;:&quot;section-stretched&quot;,&quot;background_background&quot;:&quot;classic&quot;}\">\n\t\t\t\t\t\t<div class=\"elementor-container elementor-column-gap-default\">\n\t\t\t\t\t<div class=\"elementor-column elementor-col-50 elementor-top-column elementor-element elementor-element-689a7b3e\" data-id=\"689a7b3e\" data-element_type=\"column\">\n\t\t\t<div class=\"elementor-widget-wrap elementor-element-populated\">\n\t\t\t\t\t\t<div class=\"elementor-element elementor-element-5163783e elementor-widget elementor-widget-image\" data-id=\"5163783e\" data-element_type=\"widget\" data-widget_type=\"image.default\">\n\t\t\t\t<div class=\"elementor-widget-container\">\n\t\t\t\t\t\t\t\t\t\t\t\t\t\t\t<img decoding=\"async\" src=\"https:\/\/frocase.com\/wp-content\/uploads\/elementor\/thumbs\/pallet_transport-1-r38c48bqrxzdlnafemrpr32ed2je237x8h2wstqaci.png\" title=\"pallet_transport\" alt=\"pallet_transport\" loading=\"lazy\" \/>\t\t\t\t\t\t\t\t\t\t\t\t\t\t\t<\/div>\n\t\t\t\t<\/div>\n\t\t\t\t\t<\/div>\n\t\t<\/div>\n\t\t\t\t<div class=\"elementor-column elementor-col-50 elementor-top-column elementor-element elementor-element-262dc8b7\" data-id=\"262dc8b7\" data-element_type=\"column\" data-settings=\"{&quot;background_background&quot;:&quot;classic&quot;}\">\n\t\t\t<div class=\"elementor-widget-wrap elementor-element-populated\">\n\t\t\t\t\t\t<div class=\"elementor-element elementor-element-49db7064 cea-separator-type-normal elementor-invisible elementor-widget elementor-widget-ceasectiontitle\" data-id=\"49db7064\" data-element_type=\"widget\" data-settings=\"{&quot;_animation&quot;:&quot;fadeInUp&quot;}\" data-widget_type=\"ceasectiontitle.default\">\n\t\t\t\t<div class=\"elementor-widget-container\">\n\t\t\t\t\t<div class=\"section-title-wrapper\"><div class=\"title-wrap\"><h6 class=\"sub-title\"><span class=\"subtitle-dots\">transport plandekowy<\/span><\/h6><h2 class=\"section-title\">Profesjonalny transport naczepami plandekowymi<\/h2><div class=\"elementor-divider\"><span class=\"elementor-divider-separator\"><\/span><\/div><\/div><!-- .title-wrap --><div class=\"section-description\"><\/div><!-- .section-description --><\/div><!-- .section-title-wrapper -->\t\t\t\t<\/div>\n\t\t\t\t<\/div>\n\t\t\t\t<div class=\"elementor-element elementor-element-51f52329 elementor-invisible elementor-widget elementor-widget-text-editor\" data-id=\"51f52329\" data-element_type=\"widget\" data-settings=\"{&quot;_animation&quot;:&quot;fadeInUp&quot;}\" data-widget_type=\"text-editor.default\">\n\t\t\t\t<div class=\"elementor-widget-container\">\n\t\t\t\t\t\t\t\t\t<p data-pm-slice=\"1 1 []\">Nasza firma jest liderem w transporcie towar\u00f3w naczepami plandekowymi na trasach krajowych i mi\u0119dzynarodowych \u2013 od Polski, przez Wielk\u0105 Brytani\u0119, po ca\u0142\u0105 Europ\u0119.<\/p>\t\t\t\t\t\t\t\t<\/div>\n\t\t\t\t<\/div>\n\t\t\t\t\t<\/div>\n\t\t<\/div>\n\t\t\t\t\t<\/div>\n\t\t<\/section>\n\t\t\t\t<section class=\"elementor-section elementor-top-section elementor-element elementor-element-892b800 elementor-section-boxed elementor-section-height-default elementor-section-height-default\" data-id=\"892b800\" data-element_type=\"section\">\n\t\t\t\t\t\t<div class=\"elementor-container elementor-column-gap-default\">\n\t\t\t\t\t<div class=\"elementor-column elementor-col-50 elementor-top-column elementor-element elementor-element-2024f663\" data-id=\"2024f663\" data-element_type=\"column\">\n\t\t\t<div class=\"elementor-widget-wrap\">\n\t\t\t\t\t\t\t<\/div>\n\t\t<\/div>\n\t\t\t\t<div class=\"elementor-column elementor-col-50 elementor-top-column elementor-element elementor-element-646b77fa\" data-id=\"646b77fa\" data-element_type=\"column\" data-settings=\"{&quot;background_background&quot;:&quot;classic&quot;}\">\n\t\t\t<div class=\"elementor-widget-wrap elementor-element-populated\">\n\t\t\t\t\t\t<section class=\"elementor-section elementor-inner-section elementor-element elementor-element-82696a0 elementor-section-content-middle elementor-section-boxed elementor-section-height-default elementor-section-height-default elementor-invisible\" data-id=\"82696a0\" data-element_type=\"section\" data-settings=\"{&quot;background_background&quot;:&quot;classic&quot;,&quot;animation&quot;:&quot;fadeInUp&quot;}\">\n\t\t\t\t\t\t\t<div class=\"elementor-background-overlay\"><\/div>\n\t\t\t\t\t\t\t<div class=\"elementor-container elementor-column-gap-default\">\n\t\t\t\t\t<div class=\"elementor-column elementor-col-100 elementor-inner-column elementor-element elementor-element-94c2013\" data-id=\"94c2013\" data-element_type=\"column\">\n\t\t\t<div class=\"elementor-widget-wrap elementor-element-populated\">\n\t\t\t\t\t\t<div class=\"elementor-element elementor-element-3fc07b36 elementor-widget elementor-widget-ceaiconlist\" data-id=\"3fc07b36\" data-element_type=\"widget\" data-widget_type=\"ceaiconlist.default\">\n\t\t\t\t<div class=\"elementor-widget-container\">\n\t\t\t\t\t\t\t\r\n\t\t<ul class=\"nav flex-column cea-icon-list\">\r\n\t\t<li class=\"cea-icon-list-item\">\t\t\t\t\t<span class=\"cea-icon-list-icon\">\r\n\t\t\t\t\t\t<i aria-hidden=\"true\" class=\" bi-send-fill\"><\/i>\t\t\t\t\t<\/span>\r\n\t\t\t\t<span class=\"icon-list-text\">Typy naczep - plandeka, mega, z muld\u0105 na kr\u0119gi stalowe (coil-mulde)<\/span><\/li><li class=\"cea-icon-list-item\">\t\t\t\t\t<span class=\"cea-icon-list-icon\">\r\n\t\t\t\t\t\t<i aria-hidden=\"true\" class=\" bi-send-fill\"><\/i>\t\t\t\t\t<\/span>\r\n\t\t\t\t<span class=\"icon-list-text\">\u0141adowno\u015b\u0107 - do 25 ton<\/span><\/li><li class=\"cea-icon-list-item\">\t\t\t\t\t<span class=\"cea-icon-list-icon\">\r\n\t\t\t\t\t\t<i aria-hidden=\"true\" class=\" bi-send-fill\"><\/i>\t\t\t\t\t<\/span>\r\n\t\t\t\t<span class=\"icon-list-text\">Opcje \u0142adowania - tylne, boczne, g\u00f3rne<\/span><\/li><li class=\"cea-icon-list-item\">\t\t\t\t\t<span class=\"cea-icon-list-icon\">\r\n\t\t\t\t\t\t<i aria-hidden=\"true\" class=\" bi-send-fill\"><\/i>\t\t\t\t\t<\/span>\r\n\t\t\t\t<span class=\"icon-list-text\">Wymiary przestrzeni \u0142adunkowej - Standard: 2,7 m, Mega: 3,0 m<\/span><\/li>\t\t<\/ul>\r\n\t\t\r\n\t\t\t\t\t\t<\/div>\n\t\t\t\t<\/div>\n\t\t\t\t\t<\/div>\n\t\t<\/div>\n\t\t\t\t\t<\/div>\n\t\t<\/section>\n\t\t\t\t\t<\/div>\n\t\t<\/div>\n\t\t\t\t\t<\/div>\n\t\t<\/section>\n\t\t<div class=\"elementor-element elementor-element-c6a3d0f e-flex e-con-boxed e-con e-parent\" data-id=\"c6a3d0f\" data-element_type=\"container\">\n\t\t\t\t\t<div class=\"e-con-inner\">\n\t\t<div class=\"elementor-element elementor-element-538f2c53 e-con-full e-flex e-con e-child\" data-id=\"538f2c53\" data-element_type=\"container\">\n\t\t<div class=\"elementor-element elementor-element-6e6da44d e-con-full e-flex e-con e-child\" data-id=\"6e6da44d\" data-element_type=\"container\">\n\t\t\t\t<div class=\"elementor-element elementor-element-6b487744 animated-fast elementor-invisible elementor-widget elementor-widget-ceasectiontitle\" data-id=\"6b487744\" data-element_type=\"widget\" data-settings=\"{&quot;_animation&quot;:&quot;fadeInUp&quot;}\" data-widget_type=\"ceasectiontitle.default\">\n\t\t\t\t<div class=\"elementor-widget-container\">\n\t\t\t\t\t<div class=\"section-title-wrapper\"><div class=\"title-wrap\"><div class=\"sub-title\"><span class=\"subtitle-dots\">Szybko, bezpiecznie, na czas<\/span><\/div><h2 class=\"section-title\">Specjalistyczny transport naczepami plandekowymi (w tym Mega i Tautliner)<\/h2><\/div><!-- .title-wrap --><div class=\"section-description\"><p class=\"section-content\"><p>\u015awiadczymy kompleksowe us\u0142ugi logistyczne, zapewniaj\u0105c szybkie, bezpieczne i terminowe dostawy dla r\u00f3\u017cnych bran\u017c. Nasza nowoczesna flota, do\u015bwiadczeni kierowcy i profesjonalne wsparcie logistyczne gwarantuj\u0105 najwy\u017csz\u0105 jako\u015b\u0107 us\u0142ug. <\/p><\/div><!-- .section-description --><\/div><!-- .section-title-wrapper -->\t\t\t\t<\/div>\n\t\t\t\t<\/div>\n\t\t\t\t<div class=\"elementor-element elementor-element-1d8d031a animated-fast elementor-invisible elementor-widget elementor-widget-ceasectiontitle\" data-id=\"1d8d031a\" data-element_type=\"widget\" data-settings=\"{&quot;_animation&quot;:&quot;fadeInUp&quot;}\" data-widget_type=\"ceasectiontitle.default\">\n\t\t\t\t<div class=\"elementor-widget-container\">\n\t\t\t\t\t<div class=\"section-title-wrapper\"><div class=\"title-wrap\"><h3 class=\"section-title\">Nasze us\u0142ugi obejmuj\u0105<\/h3><\/div><!-- .title-wrap --><div class=\"section-description\"><\/div><!-- .section-description --><\/div><!-- .section-title-wrapper -->\t\t\t\t<\/div>\n\t\t\t\t<\/div>\n\t\t\t\t<div class=\"elementor-element elementor-element-17c93211 elementor-align-left elementor-widget elementor-widget-ceaiconlist\" data-id=\"17c93211\" data-element_type=\"widget\" data-widget_type=\"ceaiconlist.default\">\n\t\t\t\t<div class=\"elementor-widget-container\">\n\t\t\t\t\t\t\t\r\n\t\t<ul class=\"nav flex-column cea-icon-list\">\r\n\t\t<li class=\"cea-icon-list-item\">\t\t\t\t\t<span class=\"cea-icon-list-icon\">\r\n\t\t\t\t\t\t<i aria-hidden=\"true\" class=\" bi-chevron-double-right\"><\/i>\t\t\t\t\t<\/span>\r\n\t\t\t\t<span class=\"icon-list-text\"><b>Transport towar\u00f3w na paletach <\/b> <p>- Produkty przemys\u0142owe, elektronika, \u017cywno\u015b\u0107, chemikalia, farmaceutyki, artyku\u0142y biurowe, kosmetyki.<\/span><\/li><li class=\"cea-icon-list-item\">\t\t\t\t\t<span class=\"cea-icon-list-icon\">\r\n\t\t\t\t\t\t<i aria-hidden=\"true\" class=\" bi-chevron-double-right\"><\/i>\t\t\t\t\t<\/span>\r\n\t\t\t\t<span class=\"icon-list-text\"><b>Transport materia\u0142\u00f3w budowlanych <\/b> <p>- Ceg\u0142y, p\u0142yty gipsowo-kartonowe, bloczki betonowe, dach\u00f3wki, elementy stalowe, drewno, rury, materia\u0142y izolacyjne.<\/span><\/li><li class=\"cea-icon-list-item\">\t\t\t\t\t<span class=\"cea-icon-list-icon\">\r\n\t\t\t\t\t\t<i aria-hidden=\"true\" class=\" bi-chevron-double-right\"><\/i>\t\t\t\t\t<\/span>\r\n\t\t\t\t<span class=\"icon-list-text\"><b>Transport maszyn i urz\u0105dze\u0144<\/b> <p>- Przewozimy maszyny przemys\u0142owe, sprz\u0119t rolniczy, maszyny budowlane, linie produkcyjne i urz\u0105dzenia technologiczne.<\/span><\/li><li class=\"cea-icon-list-item\">\t\t\t\t\t<span class=\"cea-icon-list-icon\">\r\n\t\t\t\t\t\t<i aria-hidden=\"true\" class=\" bi-chevron-double-right\"><\/i>\t\t\t\t\t<\/span>\r\n\t\t\t\t<span class=\"icon-list-text\"><b>Transport towar\u00f3w ADR<\/b> <p>- Substancje niebezpieczne, takie jak chemikalia, paliwa, farby, rozpuszczalniki, baterie i inne \u0142adunki podlegaj\u0105ce regulacjom.<\/span><\/li><li class=\"cea-icon-list-item\">\t\t\t\t\t<span class=\"cea-icon-list-icon\">\r\n\t\t\t\t\t\t<i aria-hidden=\"true\" class=\" bi-chevron-double-right\"><\/i>\t\t\t\t\t<\/span>\r\n\t\t\t\t<span class=\"icon-list-text\"><b>Transport towar\u00f3w ponadgabarytowych<\/b> <p>- Elementy konstrukcyjne, komponenty stalowe, cz\u0119\u015bci pojazd\u00f3w i inne nietypowe \u0142adunki.<\/span><\/li><li class=\"cea-icon-list-item\">\t\t\t\t\t<span class=\"cea-icon-list-icon\">\r\n\t\t\t\t\t\t<i aria-hidden=\"true\" class=\" bi-chevron-double-right\"><\/i>\t\t\t\t\t<\/span>\r\n\t\t\t\t<span class=\"icon-list-text\"><b>Transport lekkich \u0142adunk\u00f3w o du\u017cej obj\u0119to\u015bci<\/b> <p>- Przewozimy towary o du\u017cej obj\u0119to\u015bci, ale niskiej wadze, wymagaj\u0105ce przestronnych naczep typu Mega.<\/span><\/li>\t\t<\/ul>\r\n\t\t\r\n\t\t\t\t\t\t<\/div>\n\t\t\t\t<\/div>\n\t\t\t\t<div class=\"elementor-element elementor-element-48bdb482 animated-fast elementor-invisible elementor-widget elementor-widget-ceasectiontitle\" data-id=\"48bdb482\" data-element_type=\"widget\" data-settings=\"{&quot;_animation&quot;:&quot;fadeInUp&quot;}\" data-widget_type=\"ceasectiontitle.default\">\n\t\t\t\t<div class=\"elementor-widget-container\">\n\t\t\t\t\t<div class=\"section-title-wrapper\"><div class=\"title-wrap\"><h3 class=\"section-title\">Dlaczego warto Nas wybra\u0107?<\/h3><\/div><!-- .title-wrap --><div class=\"section-description\"><\/div><!-- .section-description --><\/div><!-- .section-title-wrapper -->\t\t\t\t<\/div>\n\t\t\t\t<\/div>\n\t\t\t\t<div class=\"elementor-element elementor-element-7cafa70a elementor-align-left elementor-widget elementor-widget-ceaiconlist\" data-id=\"7cafa70a\" data-element_type=\"widget\" data-widget_type=\"ceaiconlist.default\">\n\t\t\t\t<div class=\"elementor-widget-container\">\n\t\t\t\t\t\t\t\r\n\t\t<ul class=\"nav flex-column cea-icon-list\">\r\n\t\t<li class=\"cea-icon-list-item\">\t\t\t\t\t<span class=\"cea-icon-list-icon\">\r\n\t\t\t\t\t\t<i aria-hidden=\"true\" class=\" bi-chevron-double-right\"><\/i>\t\t\t\t\t<\/span>\r\n\t\t\t\t<span class=\"icon-list-text\"><b>Flota dostosowana do Twoich potrzeb<\/b> - Obs\u0142ugujemy standardowe naczepy plandekowe, naczepy typu tautliner, naczepy typu mega i naczepy typu coil-mulde do transportu zwoj\u00f3w stali.<\/span><\/li><li class=\"cea-icon-list-item\">\t\t\t\t\t<span class=\"cea-icon-list-icon\">\r\n\t\t\t\t\t\t<i aria-hidden=\"true\" class=\" bi-chevron-double-right\"><\/i>\t\t\t\t\t<\/span>\r\n\t\t\t\t<span class=\"icon-list-text\"><b>Elastyczne opcje za\u0142adunku i roz\u0142adunku<\/b> - dost\u0119pny za\u0142adunek boczny, tylny i g\u00f3rny, idealny do obs\u0142ugi niestandardowych \u0142adunk\u00f3w.<\/span><\/li><li class=\"cea-icon-list-item\">\t\t\t\t\t<span class=\"cea-icon-list-icon\">\r\n\t\t\t\t\t\t<i aria-hidden=\"true\" class=\" bi-chevron-double-right\"><\/i>\t\t\t\t\t<\/span>\r\n\t\t\t\t<span class=\"icon-list-text\"><b>Bezpiecze\u0144stwo \u0142adunku<\/b> - stosujemy systemy mocowania \u0142adunku, pasy, maty antypo\u015blizgowe, a nasze pojazdy s\u0105 wyposa\u017cone w monitoring GPS.<\/span><\/li><li class=\"cea-icon-list-item\">\t\t\t\t\t<span class=\"cea-icon-list-icon\">\r\n\t\t\t\t\t\t<i aria-hidden=\"true\" class=\" bi-chevron-double-right\"><\/i>\t\t\t\t\t<\/span>\r\n\t\t\t\t<span class=\"icon-list-text\"><b>Do\u015bwiadczony zesp\u00f3\u0142 i profesjonalne planowanie tras<\/b> - Zapewniamy punktualne dostawy i optymalizacj\u0119 koszt\u00f3w dzi\u0119ki precyzyjnej logistyce.<\/span><\/li><li class=\"cea-icon-list-item\">\t\t\t\t\t<span class=\"cea-icon-list-icon\">\r\n\t\t\t\t\t\t<i aria-hidden=\"true\" class=\" bi-chevron-double-right\"><\/i>\t\t\t\t\t<\/span>\r\n\t\t\t\t<span class=\"icon-list-text\"><b>Ubezpieczenie i pe\u0142na dokumentacja<\/b> - ka\u017cda przesy\u0142ka jest obj\u0119ta ubezpieczeniem odpowiedzialno\u015bci cywilnej przewo\u017anika (OCP), co zapewnia ochron\u0119 towar\u00f3w.<\/span><\/li><li class=\"cea-icon-list-item\">\t\t\t\t\t<span class=\"cea-icon-list-icon\">\r\n\t\t\t\t\t\t<i aria-hidden=\"true\" class=\" bi-chevron-double-right\"><\/i>\t\t\t\t\t<\/span>\r\n\t\t\t\t<span class=\"icon-list-text\"><b>Konkurencyjne ceny i elastyczna wsp\u00f3\u0142praca<\/b> - Dostosowujemy nasz\u0105 ofert\u0119 do indywidualnych potrzeb logistycznych i oferujemy atrakcyjne warunki transportu.<\/span><\/li>\t\t<\/ul>\r\n\t\t\r\n\t\t\t\t\t\t<\/div>\n\t\t\t\t<\/div>\n\t\t\t\t<div class=\"elementor-element elementor-element-1398790a animated-fast elementor-invisible elementor-widget elementor-widget-ceasectiontitle\" data-id=\"1398790a\" data-element_type=\"widget\" data-settings=\"{&quot;_animation&quot;:&quot;fadeInUp&quot;}\" data-widget_type=\"ceasectiontitle.default\">\n\t\t\t\t<div class=\"elementor-widget-container\">\n\t\t\t\t\t<div class=\"section-title-wrapper\"><div class=\"title-wrap\"><h3 class=\"section-title\">Skontaktuj si\u0119 z nami i zoptymalizuj swoj\u0105 logistyk\u0119!<\/h3><\/div><!-- .title-wrap --><div class=\"section-description\"><p class=\"section-content\"><br>Potrzebujesz niezawodnego transportu? Chcesz usprawni\u0107 logistyk\u0119 swojej firmy? Skontaktuj si\u0119 z nami, a przygotujemy dla Ciebie indywidualn\u0105 ofert\u0119!  <\/p><\/div><!-- .section-description --><\/div><!-- .section-title-wrapper -->\t\t\t\t<\/div>\n\t\t\t\t<\/div>\n\t\t\t\t<\/div>\n\t\t\t\t<\/div>\n\t\t\t\t\t<\/div>\n\t\t\t\t<\/div>\n\t\t<div class=\"elementor-element elementor-element-44f650 e-flex e-con-boxed e-con e-parent\" data-id=\"44f650\" data-element_type=\"container\">\n\t\t\t\t\t<div class=\"e-con-inner\">\n\t\t<div class=\"elementor-element elementor-element-1ebfe141 e-con-full e-flex e-con e-child\" data-id=\"1ebfe141\" data-element_type=\"container\">\n\t\t\t\t<div class=\"elementor-element elementor-element-19e64338 cea-view-stacked cea-shape-circle elementor-widget elementor-widget-ceafeaturebox\" data-id=\"19e64338\" data-element_type=\"widget\" data-widget_type=\"ceafeaturebox.default\">\n\t\t\t\t<div class=\"elementor-widget-container feature-box-wrapper feature-box-modern\">\n\t\t\t<div class=\"media\"><div class=\"media-icon-part align-self-center\"><div class=\"cea-featured-icon\"><i aria-hidden=\"true\" class=\" bi-geo-alt-fill\"><\/i><\/div><\/div><div class=\"media-body align-self-center\"><h4 class=\"feature-box-title\">Nasz adres<\/h4><div class=\"fbox-content\">Dworki 2, 82-335 Gronowo Elbl\u0105skie, POLSKA<\/div><\/div><!-- .media-body --><\/div><!-- .media -->\t\t<\/div>\n\t\t\t\t<\/div>\n\t\t\t\t<\/div>\n\t\t<div class=\"elementor-element elementor-element-5beea9cf e-con-full e-flex e-con e-child\" data-id=\"5beea9cf\" data-element_type=\"container\">\n\t\t\t\t<div class=\"elementor-element elementor-element-761eb8b8 cea-view-stacked cea-shape-circle elementor-widget elementor-widget-ceafeaturebox\" data-id=\"761eb8b8\" data-element_type=\"widget\" data-widget_type=\"ceafeaturebox.default\">\n\t\t\t\t<div class=\"elementor-widget-container feature-box-wrapper feature-box-modern\">\n\t\t\t<div class=\"media\"><div class=\"media-icon-part align-self-center\"><div class=\"cea-featured-icon\"><i aria-hidden=\"true\" class=\" bi-headset\"><\/i><\/div><\/div><div class=\"media-body align-self-center\"><h4 class=\"feature-box-title\">Wsparcie 24\/7<\/h4><div class=\"fbox-content\"><a href=\"tel: (+48)%20573%20588%20299\">(+48) 573 588 299<\/a>\n<br><a href=\"tel:(+48)%20573%20588%20299\">(+48) 573 588 299<\/a><\/div><\/div><!-- .media-body --><\/div><!-- .media -->\t\t<\/div>\n\t\t\t\t<\/div>\n\t\t\t\t<\/div>\n\t\t<div class=\"elementor-element elementor-element-13ab826a e-con-full e-flex e-con e-child\" data-id=\"13ab826a\" data-element_type=\"container\">\n\t\t\t\t<div class=\"elementor-element elementor-element-33a9d7e2 cea-view-stacked cea-shape-circle elementor-widget elementor-widget-ceafeaturebox\" data-id=\"33a9d7e2\" data-element_type=\"widget\" data-widget_type=\"ceafeaturebox.default\">\n\t\t\t\t<div class=\"elementor-widget-container feature-box-wrapper feature-box-modern\">\n\t\t\t<div class=\"media\"><div class=\"media-icon-part align-self-center\"><div class=\"cea-featured-icon\"><i aria-hidden=\"true\" class=\" bi-envelope-fill\"><\/i><\/div><\/div><div class=\"media-body align-self-center\"><h4 class=\"feature-box-title\">Wy\u015blij e-mail<\/h4><div class=\"fbox-content\"><a href=\"mailto:office@frocase.com\">office@frocase.com<\/a>\n<br><a href=\"mailto:office@frocase.com\">office@frocase.com<\/a><\/div><\/div><!-- .media-body --><\/div><!-- .media -->\t\t<\/div>\n\t\t\t\t<\/div>\n\t\t\t\t<\/div>\n\t\t<div class=\"elementor-element elementor-element-2b293748 e-con-full e-flex e-con e-child\" data-id=\"2b293748\" data-element_type=\"container\">\n\t\t\t\t<div class=\"elementor-element elementor-element-457fce04 cea-view-stacked cea-shape-circle elementor-widget elementor-widget-ceafeaturebox\" data-id=\"457fce04\" data-element_type=\"widget\" data-widget_type=\"ceafeaturebox.default\">\n\t\t\t\t<div class=\"elementor-widget-container feature-box-wrapper feature-box-modern\">\n\t\t\t<div class=\"media\"><div class=\"media-icon-part align-self-center\"><div class=\"cea-featured-icon\"><i aria-hidden=\"true\" class=\" bi-alarm-fill\"><\/i><\/div><\/div><div class=\"media-body align-self-center\"><h4 class=\"feature-box-title\">Godziny otwarcia<\/h4><div class=\"fbox-content\">Od poniedzia\u0142ku do soboty: 07.00-20.00 <br> <p>Niedziela - zamkni\u0119te<\/p><\/div><\/div><!-- .media-body --><\/div><!-- .media -->\t\t<\/div>\n\t\t\t\t<\/div>\n\t\t\t\t<\/div>\n\t\t\t\t\t<\/div>\n\t\t\t\t<\/div>\n\t\t\t\t<\/div>\n\t\t","protected":false},"excerpt":{"rendered":"<p>transport plandekowy Profesjonalny transport naczepami plandekowymi Nasza firma jest liderem w transporcie towar\u00f3w naczepami plandekowymi na trasach krajowych i mi\u0119dzynarodowych \u2013 od Polski, przez Wielk\u0105 Brytani\u0119, po..<\/p>\n","protected":false},"author":3,"featured_media":0,"parent":0,"menu_order":0,"comment_status":"closed","ping_status":"closed","template":"","meta":{"footnotes":""},"class_list":["post-46833","page","type-page","status-publish","hentry"],"_links":{"self":[{"href":"https:\/\/frocase.com\/pl\/wp-json\/wp\/v2\/pages\/46833","targetHints":{"allow":["GET"]}}],"collection":[{"href":"https:\/\/frocase.com\/pl\/wp-json\/wp\/v2\/pages"}],"about":[{"href":"https:\/\/frocase.com\/pl\/wp-json\/wp\/v2\/types\/page"}],"author":[{"embeddable":true,"href":"https:\/\/frocase.com\/pl\/wp-json\/wp\/v2\/users\/3"}],"replies":[{"embeddable":true,"href":"https:\/\/frocase.com\/pl\/wp-json\/wp\/v2\/comments?post=46833"}],"version-history":[{"count":5,"href":"https:\/\/frocase.com\/pl\/wp-json\/wp\/v2\/pages\/46833\/revisions"}],"predecessor-version":[{"id":47250,"href":"https:\/\/frocase.com\/pl\/wp-json\/wp\/v2\/pages\/46833\/revisions\/47250"}],"wp:attachment":[{"href":"https:\/\/frocase.com\/pl\/wp-json\/wp\/v2\/media?parent=46833"}],"curies":[{"name":"wp","href":"https:\/\/api.w.org\/{rel}","templated":true}]}}