{"id":46837,"date":"2024-07-22T06:50:00","date_gmt":"2024-07-22T06:50:00","guid":{"rendered":"https:\/\/frocase.com\/referencje\/"},"modified":"2025-06-04T03:34:09","modified_gmt":"2025-06-04T03:34:09","slug":"referencje","status":"publish","type":"page","link":"https:\/\/frocase.com\/pl\/referencje\/","title":{"rendered":"Referencje"},"content":{"rendered":"\t\t<div data-elementor-type=\"wp-page\" data-elementor-id=\"46837\" class=\"elementor elementor-46837 elementor-44055\">\n\t\t\t\t\t\t<section class=\"elementor-section elementor-top-section elementor-element elementor-element-2dc0e9ef elementor-section-content-middle elementor-section-stretched cus-float-img elementor-section-boxed elementor-section-height-default elementor-section-height-default\" data-id=\"2dc0e9ef\" data-element_type=\"section\" data-settings=\"{&quot;stretch_section&quot;:&quot;section-stretched&quot;,&quot;background_background&quot;:&quot;classic&quot;}\">\n\t\t\t\t\t\t\t<div class=\"elementor-background-overlay\"><\/div>\n\t\t\t\t\t\t\t<div class=\"elementor-container elementor-column-gap-extended\">\n\t\t\t\t\t<div class=\"elementor-column elementor-col-100 elementor-top-column elementor-element elementor-element-315d56c6\" data-id=\"315d56c6\" data-element_type=\"column\">\n\t\t\t<div class=\"elementor-widget-wrap elementor-element-populated\">\n\t\t\t\t\t\t<section class=\"elementor-section elementor-inner-section elementor-element elementor-element-417c4f6e elementor-section-boxed elementor-section-height-default elementor-section-height-default\" data-id=\"417c4f6e\" data-element_type=\"section\">\n\t\t\t\t\t\t<div class=\"elementor-container elementor-column-gap-default\">\n\t\t\t\t\t<div class=\"elementor-column elementor-col-100 elementor-inner-column elementor-element elementor-element-54811ece\" data-id=\"54811ece\" data-element_type=\"column\">\n\t\t\t<div class=\"elementor-widget-wrap elementor-element-populated\">\n\t\t\t\t\t\t<div class=\"elementor-element elementor-element-47692fff cus-testimonial-page elementor-invisible elementor-widget elementor-widget-ceatestimonial\" data-id=\"47692fff\" data-element_type=\"widget\" data-settings=\"{&quot;_animation&quot;:&quot;fadeInUp&quot;}\" data-widget_type=\"ceatestimonial.default\">\n\t\t\t\t\n\t\t<div class=\"elementor-widget-container testimonial-wrapper testimonial-style-list testimonial-light testimonial-normal-model image-gallery\">\n\t\t\n\t\t\t<div class=\"row\"><div class=\"col-lg-12 col-md-12\" ><div class=\"testimonial-inner\"><div class=\"media\"><div class=\"post-thumb\"><a href=\"https:\/\/frocase.com\/pl\/references\/sebastian-chudy\/\" class=\"post-image-link\"><img decoding=\"async\" src=\"https:\/\/frocase.com\/wp-content\/uploads\/elementor\/thumbs\/pexels-chloekalaartist-1043473-scaled-r267gge2tu9zumhimihlh1gnvdjqj11n9t04bv1ft8.jpg\" title=\"pexels-chloekalaartist-1043473\" alt=\"\" class=\"img-fluid squared\" \/><\/a><\/div><!-- .post-thumb --><div class=\"media-body\"><div class=\"post-excerpt\">Zalecenie W imieniu DHL Poland pragniemy serdecznie zarekomendowa\u0107 firm\u0119 US\u0141UGI TRANSPORTOWE \u201eNIKOL\u201d DARIUSZA FRONTCZAKA, z kt\u00f3rym wsp\u00f3\u0142pracujemy nieprzerwanie od 15 lat w zakresie dostaw paczek i przesy\u0142ek kurierskich w ramach naszej dzia\u0142alno\u015bci logistycznej. W trakcie tej wsp\u00f3\u0142pracy firma NIKOL konsekwentnie wykazywa\u0142a si\u0119 wyj\u0105tkow\u0105 rzetelno\u015bci\u0105, profesjonalizmem i niezachwian\u0105 wysok\u0105 jako\u015bci\u0105 us\u0142ug...<\/div><!-- .post-excerpt --><h4 class=\"post-title-head\"><a href=\"https:\/\/frocase.com\/pl\/references\/sebastian-chudy\/\" class=\"client-name post-title\">Sebastian Chudy<\/a><\/h4><div class=\"top-meta clearfix\"><ul class=\"nav top-meta-list meta-left\"><li><div class=\"testimonial-designation\"><div class=\"post-designation-head\">DHL Polska<\/div><\/div><!-- .testimonial-designation --><\/li><li><\/li><\/ul><\/div><\/div><!-- .media --><\/div><!-- .media-body --><\/div><!-- .testimonial-inner --><\/div><!-- .col \/ .owl-carousel-item \/ .isotope --><\/div><!-- .row --><div class=\"row\"><div class=\"col-lg-12 col-md-12\" ><div class=\"testimonial-inner\"><div class=\"media\"><div class=\"post-thumb\"><a href=\"https:\/\/frocase.com\/pl\/references\/ariel-slezak\/\" class=\"post-image-link\"><img decoding=\"async\" src=\"https:\/\/frocase.com\/wp-content\/uploads\/elementor\/thumbs\/pexels-dinielle-de-veyra-2610843-4195342-scaled-r267gm13yuhpsa9bpkxcw01fforxt7o1akx17it2rw.jpg\" title=\"pexels-dinielle-de-veyra-2610843-4195342\" alt=\"\" class=\"img-fluid squared img-fluid squared\" \/><\/a><\/div><!-- .post-thumb --><div class=\"media-body\"><div class=\"post-excerpt\">Zalecenie All Direction Logistics Piotr Gawda &amp; Ariel \u015al\u0119zak s.c. pragnie wyrazi\u0107 najwy\u017csze uznanie dla US\u0141UGI TRANSPORTOWE \u201eNIKOL\u201d DARIUSZ FRONTCZAK, z kt\u00f3rych us\u0142ug transportowych korzystali\u015bmy w ramach wsp\u00f3\u0142pracy w ostatnich miesi\u0105cach. Jako firma spedycyjna zawsze stawiamy na profesjonalizm i rzetelno\u015b\u0107 naszych partner\u00f3w, a wsp\u00f3\u0142praca z Panem Dariuszem Frontczakiem i jego..<\/div><!-- .post-excerpt --><h4 class=\"post-title-head\"><a href=\"https:\/\/frocase.com\/pl\/references\/ariel-slezak\/\" class=\"client-name post-title\">Ariel \u015al\u0119zak<\/a><\/h4><div class=\"top-meta clearfix\"><ul class=\"nav top-meta-list meta-left\"><li><div class=\"testimonial-designation\"><div class=\"post-designation-head\">All Directions Logistics<\/div><\/div><!-- .testimonial-designation --><\/li><li><\/li><\/ul><\/div><\/div><!-- .media --><\/div><!-- .media-body --><\/div><!-- .testimonial-inner --><\/div><!-- .col \/ .owl-carousel-item \/ .isotope --><\/div><!-- .row --><div class=\"row\"><div class=\"col-lg-12 col-md-12\" ><div class=\"testimonial-inner\"><div class=\"media\"><div class=\"post-thumb\"><a href=\"https:\/\/frocase.com\/pl\/references\/maciej-goralski\/\" class=\"post-image-link\"><img decoding=\"async\" src=\"https:\/\/frocase.com\/wp-content\/uploads\/elementor\/thumbs\/pexels-olly-3778876-scaled-r267gro53upfpy14snd4aym700053eafbcty36kpqk.jpg\" title=\"pexels-olly-3778876\" alt=\"\" class=\"img-fluid squared img-fluid squared img-fluid squared\" \/><\/a><\/div><!-- .post-thumb --><div class=\"media-body\"><div class=\"post-excerpt\">Zalecenie Z przyjemno\u015bci\u0105 udzielamy rekomendacji dla firmy US\u0141UGI TRANSPORTOWE \u201eNIKOL\u201d DARIUSZA FRONTCZAKA jako rzetelnego i profesjonalnego partnera transportowego. GTI LOGISTIK Sp\u00f3\u0142ka z o.o. mia\u0142a okazj\u0119 wsp\u00f3\u0142pracowa\u0107 z firm\u0105 NIKOL w zakresie transportu mi\u0119dzynarodowego i pragniemy podkre\u015bli\u0107 wysok\u0105 jako\u015b\u0107 \u015bwiadczonych us\u0142ug. US\u0141UGI TRANSPORTOWE \u201eNIKOL\u201d wykaza\u0142y si\u0119 wyj\u0105tkow\u0105 terminowo\u015bci\u0105 i elastyczno\u015bci\u0105 w..<\/div><!-- .post-excerpt --><h4 class=\"post-title-head\"><a href=\"https:\/\/frocase.com\/pl\/references\/maciej-goralski\/\" class=\"client-name post-title\">Maciej G\u00f3ralski<\/a><\/h4><div class=\"top-meta clearfix\"><ul class=\"nav top-meta-list meta-left\"><li><div class=\"testimonial-designation\"><div class=\"post-designation-head\">GTI Logistik<\/div><\/div><!-- .testimonial-designation --><\/li><li><\/li><\/ul><\/div><\/div><!-- .media --><\/div><!-- .media-body --><\/div><!-- .testimonial-inner --><\/div><!-- .col \/ .owl-carousel-item \/ .isotope --><\/div><!-- .row --><div class=\"row\"><div class=\"col-lg-12 col-md-12\" ><div class=\"testimonial-inner\"><div class=\"media\"><div class=\"post-thumb\"><a href=\"https:\/\/frocase.com\/pl\/references\/thomas-barnes\/\" class=\"post-image-link\"><img decoding=\"async\" src=\"https:\/\/frocase.com\/wp-content\/uploads\/elementor\/thumbs\/serious-businessman-thoughtful-young-man-in-forma-2025-02-21-10-26-00-utc-scaled-r267gwdc20vvbzub17e95ffhyxcz5vt3003dhkdqvg.jpg\" title=\"Serious businessman. Thoughtful young man in formalwear keeping arms crossed and looking at camera\" alt=\"\" class=\"img-fluid squared img-fluid squared img-fluid squared img-fluid squared\" \/><\/a><\/div><!-- .post-thumb --><div class=\"media-body\"><div class=\"post-excerpt\">Rekomendacja dla \u201eFROCASE LIMITED\u201d My, SELECT WINDOWS (HOME IMPROVEMENTS) LIMITED, z przyjemno\u015bci\u0105 przedstawiamy nasz\u0105 pe\u0142n\u0105 rekomendacj\u0119 dla FROCASE LIMITED jako wyj\u0105tkowego partnera transportowego w zakresie dostaw materia\u0142\u00f3w budowlanych i innych towar\u00f3w zwi\u0105zanych z budow\u0105 do naszych zak\u0142ad\u00f3w w ca\u0142ej Wielkiej Brytanii. W ci\u0105gu prawie dw\u00f3ch lat naszej wsp\u00f3\u0142pracy FROCASE LIMITED..<\/div><!-- .post-excerpt --><h4 class=\"post-title-head\"><a href=\"https:\/\/frocase.com\/pl\/references\/thomas-barnes\/\" class=\"client-name post-title\">Thomas Barnes<\/a><\/h4><div class=\"top-meta clearfix\"><ul class=\"nav top-meta-list meta-left\"><li><div class=\"testimonial-designation\"><div class=\"post-designation-head\">Wybierz Windows<\/div><\/div><!-- .testimonial-designation --><\/li><li><\/li><\/ul><\/div><\/div><!-- .media --><\/div><!-- .media-body --><\/div><!-- .testimonial-inner --><\/div><!-- .col \/ .owl-carousel-item \/ .isotope --><\/div><!-- .row -->\t\t\t\n\t\t<\/div>\n\t\t\t\t<\/div>\n\t\t\t\t\t<\/div>\n\t\t<\/div>\n\t\t\t\t\t<\/div>\n\t\t<\/section>\n\t\t\t\t\t<\/div>\n\t\t<\/div>\n\t\t\t\t\t<\/div>\n\t\t<\/section>\n\t\t\t\t<\/div>\n\t\t","protected":false},"excerpt":{"rendered":"<p>Recommendation On behalf of DHL Poland, we would like to extend our sincere recommendation for US\u0141UGI TRANSPORTOWE &#8220;NIKOL&#8221; DARIUSZ FRONTCZAK, with whom we have been cooperating continuously for the past 15 years in the delivery of parcels and courier shipments as part of our logistics operations. Throughout this collaboration, NIKOL&#8230;.<\/p>\n","protected":false},"author":2,"featured_media":0,"parent":0,"menu_order":0,"comment_status":"closed","ping_status":"closed","template":"","meta":{"footnotes":""},"class_list":["post-46837","page","type-page","status-publish","hentry"],"_links":{"self":[{"href":"https:\/\/frocase.com\/pl\/wp-json\/wp\/v2\/pages\/46837","targetHints":{"allow":["GET"]}}],"collection":[{"href":"https:\/\/frocase.com\/pl\/wp-json\/wp\/v2\/pages"}],"about":[{"href":"https:\/\/frocase.com\/pl\/wp-json\/wp\/v2\/types\/page"}],"author":[{"embeddable":true,"href":"https:\/\/frocase.com\/pl\/wp-json\/wp\/v2\/users\/2"}],"replies":[{"embeddable":true,"href":"https:\/\/frocase.com\/pl\/wp-json\/wp\/v2\/comments?post=46837"}],"version-history":[{"count":1,"href":"https:\/\/frocase.com\/pl\/wp-json\/wp\/v2\/pages\/46837\/revisions"}],"predecessor-version":[{"id":46838,"href":"https:\/\/frocase.com\/pl\/wp-json\/wp\/v2\/pages\/46837\/revisions\/46838"}],"wp:attachment":[{"href":"https:\/\/frocase.com\/pl\/wp-json\/wp\/v2\/media?parent=46837"}],"curies":[{"name":"wp","href":"https:\/\/api.w.org\/{rel}","templated":true}]}}