{"id":46839,"date":"2025-03-21T21:07:19","date_gmt":"2025-03-21T21:07:19","guid":{"rendered":"https:\/\/frocase.com\/transport-niskopodwoziowy\/"},"modified":"2025-06-14T14:38:19","modified_gmt":"2025-06-14T14:38:19","slug":"transport-niskopodwoziowy","status":"publish","type":"page","link":"https:\/\/frocase.com\/pl\/transport-niskopodwoziowy\/","title":{"rendered":"Transport niskopodwoziowy"},"content":{"rendered":"\t\t<div data-elementor-type=\"wp-page\" data-elementor-id=\"46839\" class=\"elementor elementor-46839 elementor-46308\">\n\t\t\t\t\t\t<section class=\"elementor-section elementor-top-section elementor-element elementor-element-6067b7bf elementor-section-stretched elementor-section-boxed elementor-section-height-default elementor-section-height-default\" data-id=\"6067b7bf\" data-element_type=\"section\" data-settings=\"{&quot;stretch_section&quot;:&quot;section-stretched&quot;,&quot;background_background&quot;:&quot;classic&quot;}\">\n\t\t\t\t\t\t<div class=\"elementor-container elementor-column-gap-default\">\n\t\t\t\t\t<div class=\"elementor-column elementor-col-50 elementor-top-column elementor-element elementor-element-5a0cc6a7\" data-id=\"5a0cc6a7\" data-element_type=\"column\">\n\t\t\t<div class=\"elementor-widget-wrap elementor-element-populated\">\n\t\t\t\t\t\t<div class=\"elementor-element elementor-element-4e65266d elementor-widget elementor-widget-image\" data-id=\"4e65266d\" data-element_type=\"widget\" data-widget_type=\"image.default\">\n\t\t\t\t<div class=\"elementor-widget-container\">\n\t\t\t\t\t\t\t\t\t\t\t\t\t\t\t<img decoding=\"async\" src=\"https:\/\/frocase.com\/wp-content\/uploads\/elementor\/thumbs\/Bez-nazwy-1-3-r37c9dkv5owfg0bs35j81bspsizsa3ma3c8nlxoxcy.png\" title=\"Bez nazwy-1\" alt=\"Bez nazwy-1\" loading=\"lazy\" \/>\t\t\t\t\t\t\t\t\t\t\t\t\t\t\t<\/div>\n\t\t\t\t<\/div>\n\t\t\t\t\t<\/div>\n\t\t<\/div>\n\t\t\t\t<div class=\"elementor-column elementor-col-50 elementor-top-column elementor-element elementor-element-2eb52fc3\" data-id=\"2eb52fc3\" data-element_type=\"column\" data-settings=\"{&quot;background_background&quot;:&quot;classic&quot;}\">\n\t\t\t<div class=\"elementor-widget-wrap elementor-element-populated\">\n\t\t\t\t\t\t<div class=\"elementor-element elementor-element-38763bc cea-separator-type-normal elementor-invisible elementor-widget elementor-widget-ceasectiontitle\" data-id=\"38763bc\" data-element_type=\"widget\" data-settings=\"{&quot;_animation&quot;:&quot;fadeInUp&quot;}\" data-widget_type=\"ceasectiontitle.default\">\n\t\t\t\t<div class=\"elementor-widget-container\">\n\t\t\t\t\t<div class=\"section-title-wrapper\"><div class=\"title-wrap\"><h6 class=\"sub-title\"><span class=\"subtitle-dots\">Transport niskopodwoziowy<\/span><\/h6><h2 class=\"section-title\">Profesjonalny transport \u0142adunk\u00f3w ponadgabarytowych<\/h2><div class=\"elementor-divider\"><span class=\"elementor-divider-separator\"><\/span><\/div><\/div><!-- .title-wrap --><div class=\"section-description\"><\/div><!-- .section-description --><\/div><!-- .section-title-wrapper -->\t\t\t\t<\/div>\n\t\t\t\t<\/div>\n\t\t\t\t<div class=\"elementor-element elementor-element-6f2e815a elementor-invisible elementor-widget elementor-widget-text-editor\" data-id=\"6f2e815a\" data-element_type=\"widget\" data-settings=\"{&quot;_animation&quot;:&quot;fadeInUp&quot;}\" data-widget_type=\"text-editor.default\">\n\t\t\t\t<div class=\"elementor-widget-container\">\n\t\t\t\t\t\t\t\t\t<p data-pm-slice=\"1 1 []\">Specjalizujemy si\u0119 w transporcie maszyn rolniczych, sprz\u0119tu budowlanego, pojazd\u00f3w specjalistycznych i innych \u0142adunk\u00f3w wymagaj\u0105cych naczep niskopodwoziowych. Nasze us\u0142ugi transportowe s\u0105 dost\u0119pne na terenie Wielkiej Brytanii, Polski i ca\u0142ej Europy <\/p>\t\t\t\t\t\t\t\t<\/div>\n\t\t\t\t<\/div>\n\t\t\t\t\t<\/div>\n\t\t<\/div>\n\t\t\t\t\t<\/div>\n\t\t<\/section>\n\t\t\t\t<section class=\"elementor-section elementor-top-section elementor-element elementor-element-339b05c elementor-section-boxed elementor-section-height-default elementor-section-height-default\" data-id=\"339b05c\" data-element_type=\"section\">\n\t\t\t\t\t\t<div class=\"elementor-container elementor-column-gap-default\">\n\t\t\t\t\t<div class=\"elementor-column elementor-col-50 elementor-top-column elementor-element elementor-element-1f3bded\" data-id=\"1f3bded\" data-element_type=\"column\">\n\t\t\t<div class=\"elementor-widget-wrap\">\n\t\t\t\t\t\t\t<\/div>\n\t\t<\/div>\n\t\t\t\t<div class=\"elementor-column elementor-col-50 elementor-top-column elementor-element elementor-element-2c233528\" data-id=\"2c233528\" data-element_type=\"column\" data-settings=\"{&quot;background_background&quot;:&quot;classic&quot;}\">\n\t\t\t<div class=\"elementor-widget-wrap elementor-element-populated\">\n\t\t\t\t\t\t<section class=\"elementor-section elementor-inner-section elementor-element elementor-element-63d0dac0 elementor-section-content-middle elementor-section-boxed elementor-section-height-default elementor-section-height-default elementor-invisible\" data-id=\"63d0dac0\" data-element_type=\"section\" data-settings=\"{&quot;background_background&quot;:&quot;classic&quot;,&quot;animation&quot;:&quot;fadeInUp&quot;}\">\n\t\t\t\t\t\t\t<div class=\"elementor-background-overlay\"><\/div>\n\t\t\t\t\t\t\t<div class=\"elementor-container elementor-column-gap-default\">\n\t\t\t\t\t<div class=\"elementor-column elementor-col-100 elementor-inner-column elementor-element elementor-element-1091cfd9\" data-id=\"1091cfd9\" data-element_type=\"column\">\n\t\t\t<div class=\"elementor-widget-wrap elementor-element-populated\">\n\t\t\t\t\t\t<div class=\"elementor-element elementor-element-2a0db9d6 elementor-widget elementor-widget-ceaiconlist\" data-id=\"2a0db9d6\" data-element_type=\"widget\" data-widget_type=\"ceaiconlist.default\">\n\t\t\t\t<div class=\"elementor-widget-container\">\n\t\t\t\t\t\t\t\r\n\t\t<ul class=\"nav flex-column cea-icon-list\">\r\n\t\t<li class=\"cea-icon-list-item\">\t\t\t\t\t<span class=\"cea-icon-list-icon\">\r\n\t\t\t\t\t\t<i aria-hidden=\"true\" class=\" bi-send-fill\"><\/i>\t\t\t\t\t<\/span>\r\n\t\t\t\t<span class=\"icon-list-text\">\u0141adowno\u015b\u0107 - do 120 ton<\/span><\/li><li class=\"cea-icon-list-item\">\t\t\t\t\t<span class=\"cea-icon-list-icon\">\r\n\t\t\t\t\t\t<i aria-hidden=\"true\" class=\" bi-send-fill\"><\/i>\t\t\t\t\t<\/span>\r\n\t\t\t\t<span class=\"icon-list-text\">Mo\u017cliwo\u015b\u0107 za\u0142adunku - rampy hydrauliczne u\u0142atwiaj\u0105ce za\u0142adunek<\/span><\/li><li class=\"cea-icon-list-item\">\t\t\t\t\t<span class=\"cea-icon-list-icon\">\r\n\t\t\t\t\t\t<i aria-hidden=\"true\" class=\" bi-send-fill\"><\/i>\t\t\t\t\t<\/span>\r\n\t\t\t\t<span class=\"icon-list-text\">Transport ponadgabarytowy - wszystkie niezb\u0119dne zezwolenia i pojazdy eskortuj\u0105ce<\/span><\/li><li class=\"cea-icon-list-item\">\t\t\t\t\t<span class=\"cea-icon-list-icon\">\r\n\t\t\t\t\t\t<i aria-hidden=\"true\" class=\" bi-send-fill\"><\/i>\t\t\t\t\t<\/span>\r\n\t\t\t\t<span class=\"icon-list-text\">Ubezpieczenie \u0142adunku - pe\u0142na ochrona, minimalizuj\u0105ca ryzyko uszkodze\u0144<\/span><\/li>\t\t<\/ul>\r\n\t\t\r\n\t\t\t\t\t\t<\/div>\n\t\t\t\t<\/div>\n\t\t\t\t\t<\/div>\n\t\t<\/div>\n\t\t\t\t\t<\/div>\n\t\t<\/section>\n\t\t\t\t\t<\/div>\n\t\t<\/div>\n\t\t\t\t\t<\/div>\n\t\t<\/section>\n\t\t<div class=\"elementor-element elementor-element-3a51a1c5 e-flex e-con-boxed e-con e-parent\" data-id=\"3a51a1c5\" data-element_type=\"container\">\n\t\t\t\t\t<div class=\"e-con-inner\">\n\t\t<div class=\"elementor-element elementor-element-25ed478c e-con-full e-flex e-con e-child\" data-id=\"25ed478c\" data-element_type=\"container\">\n\t\t<div class=\"elementor-element elementor-element-771e04ba e-con-full e-flex e-con e-child\" data-id=\"771e04ba\" data-element_type=\"container\">\n\t\t\t\t<div class=\"elementor-element elementor-element-78f62f8a animated-fast elementor-invisible elementor-widget elementor-widget-ceasectiontitle\" data-id=\"78f62f8a\" data-element_type=\"widget\" data-settings=\"{&quot;_animation&quot;:&quot;fadeInUp&quot;}\" data-widget_type=\"ceasectiontitle.default\">\n\t\t\t\t<div class=\"elementor-widget-container\">\n\t\t\t\t\t<div class=\"section-title-wrapper\"><div class=\"title-wrap\"><div class=\"sub-title\"><span class=\"subtitle-dots\">Maszyny rolnicze, ci\u0105gniki, sprz\u0119t budowlany, transport \u0142adunk\u00f3w ponadgabarytowych<\/span><\/div><h2 class=\"section-title\">Transport \u0142adunk\u00f3w naczep\u0105 niskopodwoziow\u0105<\/h2><\/div><!-- .title-wrap --><div class=\"section-description\"><p class=\"section-content\"><p>Jeste\u015bmy liderem w bran\u017cy transportu ci\u0119\u017ckiego i ponadgabarytowego. Oferujemy kompleksowe wsparcie logistyczne i gwarantujemy pe\u0142ne bezpiecze\u0144stwo przewo\u017conych towar\u00f3w. Planujemy tras\u0119, uzyskujemy niezb\u0119dne pozwolenia i organizujemy eskort\u0119.  <\/p><\/div><!-- .section-description --><\/div><!-- .section-title-wrapper -->\t\t\t\t<\/div>\n\t\t\t\t<\/div>\n\t\t\t\t<div class=\"elementor-element elementor-element-28435bf6 animated-fast elementor-invisible elementor-widget elementor-widget-ceasectiontitle\" data-id=\"28435bf6\" data-element_type=\"widget\" data-settings=\"{&quot;_animation&quot;:&quot;fadeInUp&quot;}\" data-widget_type=\"ceasectiontitle.default\">\n\t\t\t\t<div class=\"elementor-widget-container\">\n\t\t\t\t\t<div class=\"section-title-wrapper\"><div class=\"title-wrap\"><h3 class=\"section-title\">Nasze us\u0142ugi obejmuj\u0105<\/h3><\/div><!-- .title-wrap --><div class=\"section-description\"><\/div><!-- .section-description --><\/div><!-- .section-title-wrapper -->\t\t\t\t<\/div>\n\t\t\t\t<\/div>\n\t\t\t\t<div class=\"elementor-element elementor-element-f46dfb9 elementor-align-left elementor-widget elementor-widget-ceaiconlist\" data-id=\"f46dfb9\" data-element_type=\"widget\" data-widget_type=\"ceaiconlist.default\">\n\t\t\t\t<div class=\"elementor-widget-container\">\n\t\t\t\t\t\t\t\r\n\t\t<ul class=\"nav flex-column cea-icon-list\">\r\n\t\t<li class=\"cea-icon-list-item\">\t\t\t\t\t<span class=\"cea-icon-list-icon\">\r\n\t\t\t\t\t\t<i aria-hidden=\"true\" class=\" bi-chevron-double-right\"><\/i>\t\t\t\t\t<\/span>\r\n\t\t\t\t<span class=\"icon-list-text\"><b>Transport maszyn rolniczych <\/b> <p>- Transportujemy ci\u0105gniki, kombajny, siewniki, prasy, opryskiwacze, p\u0142ugi, agregaty uprawowe, rozrzutniki obornika i inny sprz\u0119t rolniczy.  <\/span><\/li><li class=\"cea-icon-list-item\">\t\t\t\t\t<span class=\"cea-icon-list-icon\">\r\n\t\t\t\t\t\t<i aria-hidden=\"true\" class=\" bi-chevron-double-right\"><\/i>\t\t\t\t\t<\/span>\r\n\t\t\t\t<span class=\"icon-list-text\"><b>Transport maszyn budowlanych<\/b> <p>- Oferujemy transport koparek, \u0142adowarek, walc\u00f3w drogowych, r\u00f3wniarek, d\u017awig\u00f3w, betoniarek, wywrotek i innego sprz\u0119tu budowlanego.<\/span><\/li><li class=\"cea-icon-list-item\">\t\t\t\t\t<span class=\"cea-icon-list-icon\">\r\n\t\t\t\t\t\t<i aria-hidden=\"true\" class=\" bi-chevron-double-right\"><\/i>\t\t\t\t\t<\/span>\r\n\t\t\t\t<span class=\"icon-list-text\"><b>Transport pojazd\u00f3w specjalistycznych<\/b> <p>- Zajmujemy si\u0119 transportem woz\u00f3w stra\u017cackich, pojazd\u00f3w wojskowych, maszyn le\u015bnych, cystern, autobus\u00f3w, ci\u0119\u017car\u00f3wek, pojazd\u00f3w g\u00f3rniczych oraz sprz\u0119tu wykorzystywanego w sektorze przemys\u0142owym.<\/span><\/li><li class=\"cea-icon-list-item\">\t\t\t\t\t<span class=\"cea-icon-list-icon\">\r\n\t\t\t\t\t\t<i aria-hidden=\"true\" class=\" bi-chevron-double-right\"><\/i>\t\t\t\t\t<\/span>\r\n\t\t\t\t<span class=\"icon-list-text\"><b>Transport konstrukcji stalowych i prefabrykat\u00f3w<\/b> <p>- przewozimy elementy most\u00f3w, konstrukcje hal magazynowych i produkcyjnych, d\u017awigary, tory kolejowe i inne wielkogabarytowe elementy budowlane.<\/span><\/li><li class=\"cea-icon-list-item\">\t\t\t\t\t<span class=\"cea-icon-list-icon\">\r\n\t\t\t\t\t\t<i aria-hidden=\"true\" class=\" bi-chevron-double-right\"><\/i>\t\t\t\t\t<\/span>\r\n\t\t\t\t<span class=\"icon-list-text\"><b>Transport maszyn przemys\u0142owych i urz\u0105dze\u0144 technicznych<\/b> <p>- Zapewniamy transport tokarek, frezarek, pras hydraulicznych, agregat\u00f3w pr\u0105dotw\u00f3rczych, silnik\u00f3w i innych maszyn wykorzystywanych w przemy\u015ble ci\u0119\u017ckim i produkcyjnym.<\/span><\/li>\t\t<\/ul>\r\n\t\t\r\n\t\t\t\t\t\t<\/div>\n\t\t\t\t<\/div>\n\t\t\t\t<div class=\"elementor-element elementor-element-6e105140 animated-fast elementor-invisible elementor-widget elementor-widget-ceasectiontitle\" data-id=\"6e105140\" data-element_type=\"widget\" data-settings=\"{&quot;_animation&quot;:&quot;fadeInUp&quot;}\" data-widget_type=\"ceasectiontitle.default\">\n\t\t\t\t<div class=\"elementor-widget-container\">\n\t\t\t\t\t<div class=\"section-title-wrapper\"><div class=\"title-wrap\"><h3 class=\"section-title\">Dlaczego warto Nas wybra\u0107?<\/h3><\/div><!-- .title-wrap --><div class=\"section-description\"><\/div><!-- .section-description --><\/div><!-- .section-title-wrapper -->\t\t\t\t<\/div>\n\t\t\t\t<\/div>\n\t\t\t\t<div class=\"elementor-element elementor-element-1b99b03 elementor-align-left elementor-widget elementor-widget-ceaiconlist\" data-id=\"1b99b03\" data-element_type=\"widget\" data-widget_type=\"ceaiconlist.default\">\n\t\t\t\t<div class=\"elementor-widget-container\">\n\t\t\t\t\t\t\t\r\n\t\t<ul class=\"nav flex-column cea-icon-list\">\r\n\t\t<li class=\"cea-icon-list-item\">\t\t\t\t\t<span class=\"cea-icon-list-icon\">\r\n\t\t\t\t\t\t<i aria-hidden=\"true\" class=\" bi-chevron-double-right\"><\/i>\t\t\t\t\t<\/span>\r\n\t\t\t\t<span class=\"icon-list-text\"><b>Nowoczesna flota transportowa<\/b> - obs\u0142uga specjalistycznych naczep niskopodwoziowych, w tym: <p>- <b>Naczepy niskopodwoziowe<\/b> - idealne do transportu maszyn rolniczych i budowlanych. <br>- <b>Naczepy z rampami hydraulicznymi<\/b> - umo\u017cliwiaj\u0105ce szybki i bezpieczny za\u0142adunek\/roz\u0142adunek ci\u0119\u017ckich pojazd\u00f3w. <br>- <b>Naczepy modu\u0142owe<\/b> - przeznaczone do transportu wyj\u0105tkowo du\u017cych \u0142adunk\u00f3w ponadgabarytowych.<\/span><\/li><li class=\"cea-icon-list-item\">\t\t\t\t\t<span class=\"cea-icon-list-icon\">\r\n\t\t\t\t\t\t<i aria-hidden=\"true\" class=\" bi-chevron-double-right\"><\/i>\t\t\t\t\t<\/span>\r\n\t\t\t\t<span class=\"icon-list-text\"><b>Do\u015bwiadczenie i profesjonalizm<\/b> - od lat realizujemy us\u0142ugi transportowe na terenie ca\u0142ej Polski i Europy, zatrudniaj\u0105c wykwalifikowanych kierowc\u00f3w i operator\u00f3w sprz\u0119tu.<\/span><\/li><li class=\"cea-icon-list-item\">\t\t\t\t\t<span class=\"cea-icon-list-icon\">\r\n\t\t\t\t\t\t<i aria-hidden=\"true\" class=\" bi-chevron-double-right\"><\/i>\t\t\t\t\t<\/span>\r\n\t\t\t\t<span class=\"icon-list-text\"><b>Kompleksowe wsparcie logistyczne<\/b> - zajmujemy si\u0119 planowaniem ca\u0142ej trasy, uzyskujemy pozwolenia na przew\u00f3z \u0142adunk\u00f3w ponadgabarytowych i w razie potrzeby zapewniamy us\u0142ugi eskorty pilota.<\/span><\/li><li class=\"cea-icon-list-item\">\t\t\t\t\t<span class=\"cea-icon-list-icon\">\r\n\t\t\t\t\t\t<i aria-hidden=\"true\" class=\" bi-chevron-double-right\"><\/i>\t\t\t\t\t<\/span>\r\n\t\t\t\t<span class=\"icon-list-text\"><b>Niezawodno\u015b\u0107 i bezpiecze\u0144stwo<\/b> - ubezpieczenie \u0142adunku i certyfikowane rozwi\u0105zania transportowe.<\/span><\/li><li class=\"cea-icon-list-item\">\t\t\t\t\t<span class=\"cea-icon-list-icon\">\r\n\t\t\t\t\t\t<i aria-hidden=\"true\" class=\" bi-chevron-double-right\"><\/i>\t\t\t\t\t<\/span>\r\n\t\t\t\t<span class=\"icon-list-text\"><b>Konkurencyjne ceny i atrakcyjne warunki wsp\u00f3\u0142pracy<\/b> - ka\u017cda oferta jest indywidualnie wyceniana na podstawie ilo\u015bci \u0142adunku i d\u0142ugo\u015bci trasy.<\/span><\/li>\t\t<\/ul>\r\n\t\t\r\n\t\t\t\t\t\t<\/div>\n\t\t\t\t<\/div>\n\t\t\t\t<div class=\"elementor-element elementor-element-3cc75ea7 animated-fast elementor-invisible elementor-widget elementor-widget-ceasectiontitle\" data-id=\"3cc75ea7\" data-element_type=\"widget\" data-settings=\"{&quot;_animation&quot;:&quot;fadeInUp&quot;}\" data-widget_type=\"ceasectiontitle.default\">\n\t\t\t\t<div class=\"elementor-widget-container\">\n\t\t\t\t\t<div class=\"section-title-wrapper\"><div class=\"title-wrap\"><h3 class=\"section-title\">Skontaktuj si\u0119 z nami i zoptymalizuj swoj\u0105 logistyk\u0119!<\/h3><\/div><!-- .title-wrap --><div class=\"section-description\"><p class=\"section-content\"><br>Potrzebujesz niezawodnego transportu? Chcesz usprawni\u0107 logistyk\u0119 swojej firmy? Skontaktuj si\u0119 z nami, a przygotujemy dla Ciebie indywidualn\u0105 ofert\u0119!  <\/p><\/div><!-- .section-description --><\/div><!-- .section-title-wrapper -->\t\t\t\t<\/div>\n\t\t\t\t<\/div>\n\t\t\t\t<\/div>\n\t\t\t\t<\/div>\n\t\t\t\t\t<\/div>\n\t\t\t\t<\/div>\n\t\t<div class=\"elementor-element elementor-element-521aa4a5 e-flex e-con-boxed e-con e-parent\" data-id=\"521aa4a5\" data-element_type=\"container\">\n\t\t\t\t\t<div class=\"e-con-inner\">\n\t\t<div class=\"elementor-element elementor-element-329317ab e-con-full e-flex e-con e-child\" data-id=\"329317ab\" data-element_type=\"container\">\n\t\t\t\t<div class=\"elementor-element elementor-element-77a7ded4 cea-view-stacked cea-shape-circle elementor-widget elementor-widget-ceafeaturebox\" data-id=\"77a7ded4\" data-element_type=\"widget\" data-widget_type=\"ceafeaturebox.default\">\n\t\t\t\t<div class=\"elementor-widget-container feature-box-wrapper feature-box-modern\">\n\t\t\t<div class=\"media\"><div class=\"media-icon-part align-self-center\"><div class=\"cea-featured-icon\"><i aria-hidden=\"true\" class=\" bi-geo-alt-fill\"><\/i><\/div><\/div><div class=\"media-body align-self-center\"><h4 class=\"feature-box-title\">Nasz adres<\/h4><div class=\"fbox-content\">Dworki 2, 82-335 Gronowo Elbl\u0105skie, POLSKA<\/div><\/div><!-- .media-body --><\/div><!-- .media -->\t\t<\/div>\n\t\t\t\t<\/div>\n\t\t\t\t<\/div>\n\t\t<div class=\"elementor-element elementor-element-730559e0 e-con-full e-flex e-con e-child\" data-id=\"730559e0\" data-element_type=\"container\">\n\t\t\t\t<div class=\"elementor-element elementor-element-47317a49 cea-view-stacked cea-shape-circle elementor-widget elementor-widget-ceafeaturebox\" data-id=\"47317a49\" data-element_type=\"widget\" data-widget_type=\"ceafeaturebox.default\">\n\t\t\t\t<div class=\"elementor-widget-container feature-box-wrapper feature-box-modern\">\n\t\t\t<div class=\"media\"><div class=\"media-icon-part align-self-center\"><div class=\"cea-featured-icon\"><i aria-hidden=\"true\" class=\" bi-headset\"><\/i><\/div><\/div><div class=\"media-body align-self-center\"><h4 class=\"feature-box-title\">Wsparcie 24\/7<\/h4><div class=\"fbox-content\"><a href=\"tel: (+48)%20573%20588%20299\">(+48) 573 588 299<\/a>\n<br><a href=\"tel: (+48)%20573%20588%20299\">(+48) 573 588 299<\/a><\/div><\/div><!-- .media-body --><\/div><!-- .media -->\t\t<\/div>\n\t\t\t\t<\/div>\n\t\t\t\t<\/div>\n\t\t<div class=\"elementor-element elementor-element-502f5798 e-con-full e-flex e-con e-child\" data-id=\"502f5798\" data-element_type=\"container\">\n\t\t\t\t<div class=\"elementor-element elementor-element-31332aff cea-view-stacked cea-shape-circle elementor-widget elementor-widget-ceafeaturebox\" data-id=\"31332aff\" data-element_type=\"widget\" data-widget_type=\"ceafeaturebox.default\">\n\t\t\t\t<div class=\"elementor-widget-container feature-box-wrapper feature-box-modern\">\n\t\t\t<div class=\"media\"><div class=\"media-icon-part align-self-center\"><div class=\"cea-featured-icon\"><i aria-hidden=\"true\" class=\" bi-envelope-fill\"><\/i><\/div><\/div><div class=\"media-body align-self-center\"><h4 class=\"feature-box-title\">Wy\u015blij e-mail<\/h4><div class=\"fbox-content\"><a href=\"mailto:office@frocase.com\">office@frocase.com<\/a>\n<br><a href=\"mailto:office@frocase.com\">office@frocase.com<\/a><\/div><\/div><!-- .media-body --><\/div><!-- .media -->\t\t<\/div>\n\t\t\t\t<\/div>\n\t\t\t\t<\/div>\n\t\t<div class=\"elementor-element elementor-element-18e7d7fc e-con-full e-flex e-con e-child\" data-id=\"18e7d7fc\" data-element_type=\"container\">\n\t\t\t\t<div class=\"elementor-element elementor-element-37cfc7b7 cea-view-stacked cea-shape-circle elementor-widget elementor-widget-ceafeaturebox\" data-id=\"37cfc7b7\" data-element_type=\"widget\" data-widget_type=\"ceafeaturebox.default\">\n\t\t\t\t<div class=\"elementor-widget-container feature-box-wrapper feature-box-modern\">\n\t\t\t<div class=\"media\"><div class=\"media-icon-part align-self-center\"><div class=\"cea-featured-icon\"><i aria-hidden=\"true\" class=\" bi-alarm-fill\"><\/i><\/div><\/div><div class=\"media-body align-self-center\"><h4 class=\"feature-box-title\">Godziny otwarcia<\/h4><div class=\"fbox-content\">Od poniedzia\u0142ku do soboty: 07.00-20.00 <br> <p>Niedziela - zamkni\u0119te<\/p><\/div><\/div><!-- .media-body --><\/div><!-- .media -->\t\t<\/div>\n\t\t\t\t<\/div>\n\t\t\t\t<\/div>\n\t\t\t\t\t<\/div>\n\t\t\t\t<\/div>\n\t\t\t\t<\/div>\n\t\t","protected":false},"excerpt":{"rendered":"<p>Transport niskopodwoziowy Profesjonalny transport \u0142adunk\u00f3w ponadgabarytowych Specjalizujemy si\u0119 w transporcie maszyn rolniczych, sprz\u0119tu budowlanego, pojazd\u00f3w specjalistycznych i innych \u0142adunk\u00f3w wymagaj\u0105cych naczep niskopodwoziowych. Nasze us\u0142ugi transportowe s\u0105 dost\u0119pne..<\/p>\n","protected":false},"author":3,"featured_media":0,"parent":0,"menu_order":0,"comment_status":"closed","ping_status":"closed","template":"","meta":{"footnotes":""},"class_list":["post-46839","page","type-page","status-publish","hentry"],"_links":{"self":[{"href":"https:\/\/frocase.com\/pl\/wp-json\/wp\/v2\/pages\/46839","targetHints":{"allow":["GET"]}}],"collection":[{"href":"https:\/\/frocase.com\/pl\/wp-json\/wp\/v2\/pages"}],"about":[{"href":"https:\/\/frocase.com\/pl\/wp-json\/wp\/v2\/types\/page"}],"author":[{"embeddable":true,"href":"https:\/\/frocase.com\/pl\/wp-json\/wp\/v2\/users\/3"}],"replies":[{"embeddable":true,"href":"https:\/\/frocase.com\/pl\/wp-json\/wp\/v2\/comments?post=46839"}],"version-history":[{"count":3,"href":"https:\/\/frocase.com\/pl\/wp-json\/wp\/v2\/pages\/46839\/revisions"}],"predecessor-version":[{"id":47223,"href":"https:\/\/frocase.com\/pl\/wp-json\/wp\/v2\/pages\/46839\/revisions\/47223"}],"wp:attachment":[{"href":"https:\/\/frocase.com\/pl\/wp-json\/wp\/v2\/media?parent=46839"}],"curies":[{"name":"wp","href":"https:\/\/api.w.org\/{rel}","templated":true}]}}