{"id":46842,"date":"2025-03-21T20:39:43","date_gmt":"2025-03-21T20:39:43","guid":{"rendered":"https:\/\/frocase.com\/transport-wywrotka\/"},"modified":"2025-06-14T14:54:11","modified_gmt":"2025-06-14T14:54:11","slug":"transport-wywrotka","status":"publish","type":"page","link":"https:\/\/frocase.com\/pl\/transport-wywrotka\/","title":{"rendered":"Transport \u0142adunk\u00f3w wywrotk\u0105"},"content":{"rendered":"\t\t<div data-elementor-type=\"wp-page\" data-elementor-id=\"46842\" class=\"elementor elementor-46842 elementor-46291\">\n\t\t\t\t\t\t<section class=\"elementor-section elementor-top-section elementor-element elementor-element-7ef32960 elementor-section-stretched elementor-section-boxed elementor-section-height-default elementor-section-height-default\" data-id=\"7ef32960\" data-element_type=\"section\" data-settings=\"{&quot;stretch_section&quot;:&quot;section-stretched&quot;,&quot;background_background&quot;:&quot;classic&quot;}\">\n\t\t\t\t\t\t<div class=\"elementor-container elementor-column-gap-default\">\n\t\t\t\t\t<div class=\"elementor-column elementor-col-50 elementor-top-column elementor-element elementor-element-1d5caf47\" data-id=\"1d5caf47\" data-element_type=\"column\">\n\t\t\t<div class=\"elementor-widget-wrap elementor-element-populated\">\n\t\t\t\t\t\t<div class=\"elementor-element elementor-element-55e13b5b elementor-widget elementor-widget-image\" data-id=\"55e13b5b\" data-element_type=\"widget\" data-widget_type=\"image.default\">\n\t\t\t\t<div class=\"elementor-widget-container\">\n\t\t\t\t\t\t\t\t\t\t\t\t\t\t\t<img decoding=\"async\" src=\"https:\/\/frocase.com\/wp-content\/uploads\/elementor\/thumbs\/Bez-nazwy-1-2-r37bac5ge0xmnb82p09w3644lfp7caihxwr1kln9b6.png\" title=\"Bez nazwy-1\" alt=\"Bez nazwy-1\" loading=\"lazy\" \/>\t\t\t\t\t\t\t\t\t\t\t\t\t\t\t<\/div>\n\t\t\t\t<\/div>\n\t\t\t\t\t<\/div>\n\t\t<\/div>\n\t\t\t\t<div class=\"elementor-column elementor-col-50 elementor-top-column elementor-element elementor-element-15231be8\" data-id=\"15231be8\" data-element_type=\"column\" data-settings=\"{&quot;background_background&quot;:&quot;classic&quot;}\">\n\t\t\t<div class=\"elementor-widget-wrap elementor-element-populated\">\n\t\t\t\t\t\t<div class=\"elementor-element elementor-element-5b19b82c cea-separator-type-normal elementor-invisible elementor-widget elementor-widget-ceasectiontitle\" data-id=\"5b19b82c\" data-element_type=\"widget\" data-settings=\"{&quot;_animation&quot;:&quot;fadeInUp&quot;}\" data-widget_type=\"ceasectiontitle.default\">\n\t\t\t\t<div class=\"elementor-widget-container\">\n\t\t\t\t\t<div class=\"section-title-wrapper\"><div class=\"title-wrap\"><h6 class=\"sub-title\"><span class=\"subtitle-dots\">transport \u0142adunk\u00f3w wywrotk\u0105<\/span><\/h6><h2 class=\"section-title\">Transport materia\u0142\u00f3w sypkich<\/h2><div class=\"elementor-divider\"><span class=\"elementor-divider-separator\"><\/span><\/div><\/div><!-- .title-wrap --><div class=\"section-description\"><\/div><!-- .section-description --><\/div><!-- .section-title-wrapper -->\t\t\t\t<\/div>\n\t\t\t\t<\/div>\n\t\t\t\t<div class=\"elementor-element elementor-element-29163881 elementor-invisible elementor-widget elementor-widget-text-editor\" data-id=\"29163881\" data-element_type=\"widget\" data-settings=\"{&quot;_animation&quot;:&quot;fadeInUp&quot;}\" data-widget_type=\"text-editor.default\">\n\t\t\t\t<div class=\"elementor-widget-container\">\n\t\t\t\t\t\t\t\t\t<p data-pm-slice=\"1 1 []\">Jeste\u015bmy do\u015bwiadczon\u0105 firm\u0105 transportow\u0105 specjalizuj\u0105c\u0105 si\u0119 w przewozie materia\u0142\u00f3w sypkich na terenie Wielkiej Brytanii, Polski i Europy. Dzi\u0119ki nowoczesnym naczepom wywrotkom realizujemy dostawy szybko, bezpiecznie i z najwy\u017csz\u0105 wydajno\u015bci\u0105. Specjalizujemy si\u0119 w kompleksowym transporcie kruszyw, zb\u00f3\u017c, odpad\u00f3w oraz surowc\u00f3w dla przemys\u0142u.  <\/p>\t\t\t\t\t\t\t\t<\/div>\n\t\t\t\t<\/div>\n\t\t\t\t\t<\/div>\n\t\t<\/div>\n\t\t\t\t\t<\/div>\n\t\t<\/section>\n\t\t\t\t<section class=\"elementor-section elementor-top-section elementor-element elementor-element-5e9894a9 elementor-section-boxed elementor-section-height-default elementor-section-height-default\" data-id=\"5e9894a9\" data-element_type=\"section\">\n\t\t\t\t\t\t<div class=\"elementor-container elementor-column-gap-default\">\n\t\t\t\t\t<div class=\"elementor-column elementor-col-50 elementor-top-column elementor-element elementor-element-3dfac53d\" data-id=\"3dfac53d\" data-element_type=\"column\">\n\t\t\t<div class=\"elementor-widget-wrap\">\n\t\t\t\t\t\t\t<\/div>\n\t\t<\/div>\n\t\t\t\t<div class=\"elementor-column elementor-col-50 elementor-top-column elementor-element elementor-element-67b85ba\" data-id=\"67b85ba\" data-element_type=\"column\" data-settings=\"{&quot;background_background&quot;:&quot;classic&quot;}\">\n\t\t\t<div class=\"elementor-widget-wrap elementor-element-populated\">\n\t\t\t\t\t\t<section class=\"elementor-section elementor-inner-section elementor-element elementor-element-1c7ab4e elementor-section-content-middle elementor-section-boxed elementor-section-height-default elementor-section-height-default elementor-invisible\" data-id=\"1c7ab4e\" data-element_type=\"section\" data-settings=\"{&quot;background_background&quot;:&quot;classic&quot;,&quot;animation&quot;:&quot;fadeInUp&quot;}\">\n\t\t\t\t\t\t\t<div class=\"elementor-background-overlay\"><\/div>\n\t\t\t\t\t\t\t<div class=\"elementor-container elementor-column-gap-default\">\n\t\t\t\t\t<div class=\"elementor-column elementor-col-100 elementor-inner-column elementor-element elementor-element-3f866200\" data-id=\"3f866200\" data-element_type=\"column\">\n\t\t\t<div class=\"elementor-widget-wrap elementor-element-populated\">\n\t\t\t\t\t\t<div class=\"elementor-element elementor-element-31f2e70f elementor-widget elementor-widget-ceaiconlist\" data-id=\"31f2e70f\" data-element_type=\"widget\" data-widget_type=\"ceaiconlist.default\">\n\t\t\t\t<div class=\"elementor-widget-container\">\n\t\t\t\t\t\t\t\r\n\t\t<ul class=\"nav flex-column cea-icon-list\">\r\n\t\t<li class=\"cea-icon-list-item\">\t\t\t\t\t<span class=\"cea-icon-list-icon\">\r\n\t\t\t\t\t\t<i aria-hidden=\"true\" class=\" bi-send-fill\"><\/i>\t\t\t\t\t<\/span>\r\n\t\t\t\t<span class=\"icon-list-text\">Ud\u017awig - od 25 do 60 m\u00b3<\/span><\/li><li class=\"cea-icon-list-item\">\t\t\t\t\t<span class=\"cea-icon-list-icon\">\r\n\t\t\t\t\t\t<i aria-hidden=\"true\" class=\" bi-send-fill\"><\/i>\t\t\t\t\t<\/span>\r\n\t\t\t\t<span class=\"icon-list-text\">\u0141adowno\u015b\u0107 - do 30 ton<\/span><\/li><li class=\"cea-icon-list-item\">\t\t\t\t\t<span class=\"cea-icon-list-icon\">\r\n\t\t\t\t\t\t<i aria-hidden=\"true\" class=\" bi-send-fill\"><\/i>\t\t\t\t\t<\/span>\r\n\t\t\t\t<span class=\"icon-list-text\">System wywrotu - roz\u0142adunek tylny lub boczny<\/span><\/li><li class=\"cea-icon-list-item\">\t\t\t\t\t<span class=\"cea-icon-list-icon\">\r\n\t\t\t\t\t\t<i aria-hidden=\"true\" class=\" bi-send-fill\"><\/i>\t\t\t\t\t<\/span>\r\n\t\t\t\t<span class=\"icon-list-text\">Zabezpieczenia - opcjonalne plandeki, uszczelki i wzmocnione \u015bciany boczne<\/span><\/li>\t\t<\/ul>\r\n\t\t\r\n\t\t\t\t\t\t<\/div>\n\t\t\t\t<\/div>\n\t\t\t\t\t<\/div>\n\t\t<\/div>\n\t\t\t\t\t<\/div>\n\t\t<\/section>\n\t\t\t\t\t<\/div>\n\t\t<\/div>\n\t\t\t\t\t<\/div>\n\t\t<\/section>\n\t\t<div class=\"elementor-element elementor-element-39a53697 e-flex e-con-boxed e-con e-parent\" data-id=\"39a53697\" data-element_type=\"container\">\n\t\t\t\t\t<div class=\"e-con-inner\">\n\t\t<div class=\"elementor-element elementor-element-f1111c e-con-full e-flex e-con e-child\" data-id=\"f1111c\" data-element_type=\"container\">\n\t\t<div class=\"elementor-element elementor-element-46bdb9a1 e-con-full e-flex e-con e-child\" data-id=\"46bdb9a1\" data-element_type=\"container\">\n\t\t\t\t<div class=\"elementor-element elementor-element-5b769ed4 animated-fast elementor-invisible elementor-widget elementor-widget-ceasectiontitle\" data-id=\"5b769ed4\" data-element_type=\"widget\" data-settings=\"{&quot;_animation&quot;:&quot;fadeInUp&quot;}\" data-widget_type=\"ceasectiontitle.default\">\n\t\t\t\t<div class=\"elementor-widget-container\">\n\t\t\t\t\t<div class=\"section-title-wrapper\"><div class=\"title-wrap\"><div class=\"sub-title\"><span class=\"subtitle-dots\">Kruszywa, ziarna, materia\u0142y sypkie<\/span><\/div><h2 class=\"section-title\">Profesjonalny transport wywrotkami naczepowymi<\/h2><\/div><!-- .title-wrap --><div class=\"section-description\"><p class=\"section-content\"><p>Specjalizujemy si\u0119 w transporcie materia\u0142\u00f3w sypkich na terenie Wielkiej Brytanii, Polski i Europy. Dzi\u0119ki naszej nowoczesnej flocie naczep wywrotek oferujemy szybki, bezpieczny i wydajny transport kruszyw, zb\u00f3\u017c, odpad\u00f3w budowlanych i innych \u0142adunk\u00f3w masowych. <\/p><\/div><!-- .section-description --><\/div><!-- .section-title-wrapper -->\t\t\t\t<\/div>\n\t\t\t\t<\/div>\n\t\t\t\t<div class=\"elementor-element elementor-element-365796 animated-fast elementor-invisible elementor-widget elementor-widget-ceasectiontitle\" data-id=\"365796\" data-element_type=\"widget\" data-settings=\"{&quot;_animation&quot;:&quot;fadeInUp&quot;}\" data-widget_type=\"ceasectiontitle.default\">\n\t\t\t\t<div class=\"elementor-widget-container\">\n\t\t\t\t\t<div class=\"section-title-wrapper\"><div class=\"title-wrap\"><h3 class=\"section-title\">Nasze us\u0142ugi obejmuj\u0105<\/h3><\/div><!-- .title-wrap --><div class=\"section-description\"><\/div><!-- .section-description --><\/div><!-- .section-title-wrapper -->\t\t\t\t<\/div>\n\t\t\t\t<\/div>\n\t\t\t\t<div class=\"elementor-element elementor-element-251dadc2 elementor-align-left elementor-widget elementor-widget-ceaiconlist\" data-id=\"251dadc2\" data-element_type=\"widget\" data-widget_type=\"ceaiconlist.default\">\n\t\t\t\t<div class=\"elementor-widget-container\">\n\t\t\t\t\t\t\t\r\n\t\t<ul class=\"nav flex-column cea-icon-list\">\r\n\t\t<li class=\"cea-icon-list-item\">\t\t\t\t\t<span class=\"cea-icon-list-icon\">\r\n\t\t\t\t\t\t<i aria-hidden=\"true\" class=\" bi-chevron-double-right\"><\/i>\t\t\t\t\t<\/span>\r\n\t\t\t\t<span class=\"icon-list-text\"><b>Transport kruszywa <\/b> <p>- Przewozimy piasek, \u017cwir, kruszony kamie\u0144, ska\u0142y, gruz budowlany, bazalt, wapie\u0144 i inne materia\u0142y wykorzystywane w budownictwie i drogownictwie.<\/span><\/li><li class=\"cea-icon-list-item\">\t\t\t\t\t<span class=\"cea-icon-list-icon\">\r\n\t\t\t\t\t\t<i aria-hidden=\"true\" class=\" bi-chevron-double-right\"><\/i>\t\t\t\t\t<\/span>\r\n\t\t\t\t<span class=\"icon-list-text\"><b>Transport zbo\u017ca i produkt\u00f3w rolnych <\/b> <p>- Zajmujemy si\u0119 transportem pszenicy, kukurydzy, j\u0119czmienia, owsa, rzepaku i innych produkt\u00f3w rolnych, kt\u00f3re wymagaj\u0105 specjalistycznych naczep.<\/span><\/li><li class=\"cea-icon-list-item\">\t\t\t\t\t<span class=\"cea-icon-list-icon\">\r\n\t\t\t\t\t\t<i aria-hidden=\"true\" class=\" bi-chevron-double-right\"><\/i>\t\t\t\t\t<\/span>\r\n\t\t\t\t<span class=\"icon-list-text\"><b>Transport materia\u0142\u00f3w przemys\u0142owych<\/b> <p>- Transportujemy w\u0119giel, biomas\u0119, z\u0142om, cement, gips, nawozy i inne surowce.<\/span><\/li><li class=\"cea-icon-list-item\">\t\t\t\t\t<span class=\"cea-icon-list-icon\">\r\n\t\t\t\t\t\t<i aria-hidden=\"true\" class=\" bi-chevron-double-right\"><\/i>\t\t\t\t\t<\/span>\r\n\t\t\t\t<span class=\"icon-list-text\"><b>Transport odpad\u00f3w budowlanych i poprodukcyjnych<\/b> <p>- Zapewniamy sprawny wyw\u00f3z gruzu, ziemi, odpad\u00f3w mineralnych i surowc\u00f3w wt\u00f3rnych.  <\/span><\/li><li class=\"cea-icon-list-item\">\t\t\t\t\t<span class=\"cea-icon-list-icon\">\r\n\t\t\t\t\t\t<i aria-hidden=\"true\" class=\" bi-chevron-double-right\"><\/i>\t\t\t\t\t<\/span>\r\n\t\t\t\t<span class=\"icon-list-text\"><b>Transport materia\u0142\u00f3w sypkich i masowych<\/b> <p>- Naczepy wywrotki s\u0105 idealne do przewo\u017cenia du\u017cych ilo\u015bci \u0142adunk\u00f3w sypkich, minimalizuj\u0105c straty i poprawiaj\u0105c wydajno\u015b\u0107 roz\u0142adunku.<\/span><\/li>\t\t<\/ul>\r\n\t\t\r\n\t\t\t\t\t\t<\/div>\n\t\t\t\t<\/div>\n\t\t\t\t<div class=\"elementor-element elementor-element-6ebd70ef animated-fast elementor-invisible elementor-widget elementor-widget-ceasectiontitle\" data-id=\"6ebd70ef\" data-element_type=\"widget\" data-settings=\"{&quot;_animation&quot;:&quot;fadeInUp&quot;}\" data-widget_type=\"ceasectiontitle.default\">\n\t\t\t\t<div class=\"elementor-widget-container\">\n\t\t\t\t\t<div class=\"section-title-wrapper\"><div class=\"title-wrap\"><h3 class=\"section-title\">Dlaczego warto wybra\u0107 nas?<\/h3><\/div><!-- .title-wrap --><div class=\"section-description\"><\/div><!-- .section-description --><\/div><!-- .section-title-wrapper -->\t\t\t\t<\/div>\n\t\t\t\t<\/div>\n\t\t\t\t<div class=\"elementor-element elementor-element-149b6417 elementor-align-left elementor-widget elementor-widget-ceaiconlist\" data-id=\"149b6417\" data-element_type=\"widget\" data-widget_type=\"ceaiconlist.default\">\n\t\t\t\t<div class=\"elementor-widget-container\">\n\t\t\t\t\t\t\t\r\n\t\t<ul class=\"nav flex-column cea-icon-list\">\r\n\t\t<li class=\"cea-icon-list-item\">\t\t\t\t\t<span class=\"cea-icon-list-icon\">\r\n\t\t\t\t\t\t<i aria-hidden=\"true\" class=\" bi-chevron-double-right\"><\/i>\t\t\t\t\t<\/span>\r\n\t\t\t\t<span class=\"icon-list-text\"><b>Nowoczesna flota transportowa<\/b> - Posiadamy wysokiej jako\u015bci naczepy wywrotki (typu half-pipe) o r\u00f3\u017cnej \u0142adowno\u015bci, przystosowane do transportu materia\u0142\u00f3w sypkich.<\/span><\/li><li class=\"cea-icon-list-item\">\t\t\t\t\t<span class=\"cea-icon-list-icon\">\r\n\t\t\t\t\t\t<i aria-hidden=\"true\" class=\" bi-chevron-double-right\"><\/i>\t\t\t\t\t<\/span>\r\n\t\t\t\t<span class=\"icon-list-text\"><b>Wydajno\u015b\u0107 i oszcz\u0119dno\u015b\u0107 czasu<\/b> - Nasze pojazdy s\u0105 wyposa\u017cone w systemy szybkiego roz\u0142adunku, co skraca ca\u0142kowity czas transportu.<\/span><\/li><li class=\"cea-icon-list-item\">\t\t\t\t\t<span class=\"cea-icon-list-icon\">\r\n\t\t\t\t\t\t<i aria-hidden=\"true\" class=\" bi-chevron-double-right\"><\/i>\t\t\t\t\t<\/span>\r\n\t\t\t\t<span class=\"icon-list-text\"><b>Bezpiecze\u0144stwo \u0142adunku<\/b> - U\u017cywamy szczelnych burt, plandek ochronnych i system\u00f3w stabilizacji \u0142adunku, aby wyeliminowa\u0107 ryzyko rozsypania materia\u0142u podczas transportu.<\/span><\/li><li class=\"cea-icon-list-item\">\t\t\t\t\t<span class=\"cea-icon-list-icon\">\r\n\t\t\t\t\t\t<i aria-hidden=\"true\" class=\" bi-chevron-double-right\"><\/i>\t\t\t\t\t<\/span>\r\n\t\t\t\t<span class=\"icon-list-text\"><b>Elastyczna oferta i koncentracja na kliencie<\/b> \u2013 \u015awiadczymy us\u0142ugi transportowe zar\u00f3wno w ramach jednorazowych zlece\u0144, jak i um\u00f3w d\u0142ugoterminowych.<\/span><\/li><li class=\"cea-icon-list-item\">\t\t\t\t\t<span class=\"cea-icon-list-icon\">\r\n\t\t\t\t\t\t<i aria-hidden=\"true\" class=\" bi-chevron-double-right\"><\/i>\t\t\t\t\t<\/span>\r\n\t\t\t\t<span class=\"icon-list-text\"><b>Niezawodno\u015b\u0107 i bezpiecze\u0144stwo<\/b> - Ubezpieczenie \u0142adunku i certyfikowane rozwi\u0105zania transportowe.<\/span><\/li><li class=\"cea-icon-list-item\">\t\t\t\t\t<span class=\"cea-icon-list-icon\">\r\n\t\t\t\t\t\t<i aria-hidden=\"true\" class=\" bi-chevron-double-right\"><\/i>\t\t\t\t\t<\/span>\r\n\t\t\t\t<span class=\"icon-list-text\"><b>Konkurencyjne ceny i atrakcyjne warunki wsp\u00f3\u0142pracy<\/b> - Ka\u017cda oferta jest indywidualnie wyceniana na podstawie ilo\u015bci \u0142adunku i d\u0142ugo\u015bci trasy.<\/span><\/li>\t\t<\/ul>\r\n\t\t\r\n\t\t\t\t\t\t<\/div>\n\t\t\t\t<\/div>\n\t\t\t\t<div class=\"elementor-element elementor-element-11a17e36 animated-fast elementor-invisible elementor-widget elementor-widget-ceasectiontitle\" data-id=\"11a17e36\" data-element_type=\"widget\" data-settings=\"{&quot;_animation&quot;:&quot;fadeInUp&quot;}\" data-widget_type=\"ceasectiontitle.default\">\n\t\t\t\t<div class=\"elementor-widget-container\">\n\t\t\t\t\t<div class=\"section-title-wrapper\"><div class=\"title-wrap\"><h3 class=\"section-title\">Skontaktuj si\u0119 z nami i zoptymalizuj swoj\u0105 logistyk\u0119!<\/h3><\/div><!-- .title-wrap --><div class=\"section-description\"><p class=\"section-content\"><br>Potrzebujesz niezawodnego transportu? Chcesz usprawni\u0107 logistyk\u0119 swojej firmy? Skontaktuj si\u0119 z nami, a przygotujemy dla Ciebie indywidualn\u0105 ofert\u0119!  <\/p><\/div><!-- .section-description --><\/div><!-- .section-title-wrapper -->\t\t\t\t<\/div>\n\t\t\t\t<\/div>\n\t\t\t\t<\/div>\n\t\t\t\t<\/div>\n\t\t\t\t\t<\/div>\n\t\t\t\t<\/div>\n\t\t<div class=\"elementor-element elementor-element-40bfee05 e-flex e-con-boxed e-con e-parent\" data-id=\"40bfee05\" data-element_type=\"container\">\n\t\t\t\t\t<div class=\"e-con-inner\">\n\t\t<div class=\"elementor-element elementor-element-ed20706 e-con-full e-flex e-con e-child\" data-id=\"ed20706\" data-element_type=\"container\">\n\t\t\t\t<div class=\"elementor-element elementor-element-b952f6b cea-view-stacked cea-shape-circle elementor-widget elementor-widget-ceafeaturebox\" data-id=\"b952f6b\" data-element_type=\"widget\" data-widget_type=\"ceafeaturebox.default\">\n\t\t\t\t<div class=\"elementor-widget-container feature-box-wrapper feature-box-modern\">\n\t\t\t<div class=\"media\"><div class=\"media-icon-part align-self-center\"><div class=\"cea-featured-icon\"><i aria-hidden=\"true\" class=\" bi-geo-alt-fill\"><\/i><\/div><\/div><div class=\"media-body align-self-center\"><h4 class=\"feature-box-title\">Nasz adres<\/h4><div class=\"fbox-content\">Dworki 2, 82-335 Gronowo Elbl\u0105skie, POLSKA<\/div><\/div><!-- .media-body --><\/div><!-- .media -->\t\t<\/div>\n\t\t\t\t<\/div>\n\t\t\t\t<\/div>\n\t\t<div class=\"elementor-element elementor-element-228f093d e-con-full e-flex e-con e-child\" data-id=\"228f093d\" data-element_type=\"container\">\n\t\t\t\t<div class=\"elementor-element elementor-element-688283c8 cea-view-stacked cea-shape-circle elementor-widget elementor-widget-ceafeaturebox\" data-id=\"688283c8\" data-element_type=\"widget\" data-widget_type=\"ceafeaturebox.default\">\n\t\t\t\t<div class=\"elementor-widget-container feature-box-wrapper feature-box-modern\">\n\t\t\t<div class=\"media\"><div class=\"media-icon-part align-self-center\"><div class=\"cea-featured-icon\"><i aria-hidden=\"true\" class=\" bi-headset\"><\/i><\/div><\/div><div class=\"media-body align-self-center\"><h4 class=\"feature-box-title\">Wsparcie 24\/7<\/h4><div class=\"fbox-content\"><a href=\"tel: (+48)%20573%20588%20299\">(+48) 573 588 299<\/a>\n<br><a href=\"tel: (+48)%20573%20588%20299\">(+48) 573 588 299<\/a><\/div><\/div><!-- .media-body --><\/div><!-- .media -->\t\t<\/div>\n\t\t\t\t<\/div>\n\t\t\t\t<\/div>\n\t\t<div class=\"elementor-element elementor-element-6d8e28b8 e-con-full e-flex e-con e-child\" data-id=\"6d8e28b8\" data-element_type=\"container\">\n\t\t\t\t<div class=\"elementor-element elementor-element-76beffbe cea-view-stacked cea-shape-circle elementor-widget elementor-widget-ceafeaturebox\" data-id=\"76beffbe\" data-element_type=\"widget\" data-widget_type=\"ceafeaturebox.default\">\n\t\t\t\t<div class=\"elementor-widget-container feature-box-wrapper feature-box-modern\">\n\t\t\t<div class=\"media\"><div class=\"media-icon-part align-self-center\"><div class=\"cea-featured-icon\"><i aria-hidden=\"true\" class=\" bi-envelope-fill\"><\/i><\/div><\/div><div class=\"media-body align-self-center\"><h4 class=\"feature-box-title\">Wy\u015blij e-mail<\/h4><div class=\"fbox-content\"><a href=\"mailto:office@frocase.com\">office@frocase.com<\/a>\n<br><a href=\"mailto:office@frocase.com\">office@frocase.com<\/a><\/div><\/div><!-- .media-body --><\/div><!-- .media -->\t\t<\/div>\n\t\t\t\t<\/div>\n\t\t\t\t<\/div>\n\t\t<div class=\"elementor-element elementor-element-191aa3e0 e-con-full e-flex e-con e-child\" data-id=\"191aa3e0\" data-element_type=\"container\">\n\t\t\t\t<div class=\"elementor-element elementor-element-60d7b31c cea-view-stacked cea-shape-circle elementor-widget elementor-widget-ceafeaturebox\" data-id=\"60d7b31c\" data-element_type=\"widget\" data-widget_type=\"ceafeaturebox.default\">\n\t\t\t\t<div class=\"elementor-widget-container feature-box-wrapper feature-box-modern\">\n\t\t\t<div class=\"media\"><div class=\"media-icon-part align-self-center\"><div class=\"cea-featured-icon\"><i aria-hidden=\"true\" class=\" bi-alarm-fill\"><\/i><\/div><\/div><div class=\"media-body align-self-center\"><h4 class=\"feature-box-title\">Godziny otwarcia<\/h4><div class=\"fbox-content\">Od poniedzia\u0142ku do soboty: 07.00-20.00 <br> <p>Niedziela - zamkni\u0119te<\/p><\/div><\/div><!-- .media-body --><\/div><!-- .media -->\t\t<\/div>\n\t\t\t\t<\/div>\n\t\t\t\t<\/div>\n\t\t\t\t\t<\/div>\n\t\t\t\t<\/div>\n\t\t\t\t<\/div>\n\t\t","protected":false},"excerpt":{"rendered":"<p>transport \u0142adunk\u00f3w wywrotk\u0105 Transport materia\u0142\u00f3w sypkich Jeste\u015bmy do\u015bwiadczon\u0105 firm\u0105 transportow\u0105 specjalizuj\u0105c\u0105 si\u0119 w przewozie materia\u0142\u00f3w sypkich na terenie Wielkiej Brytanii, Polski i Europy. Dzi\u0119ki nowoczesnym naczepom wywrotkom..<\/p>\n","protected":false},"author":3,"featured_media":0,"parent":0,"menu_order":0,"comment_status":"closed","ping_status":"closed","template":"","meta":{"footnotes":""},"class_list":["post-46842","page","type-page","status-publish","hentry"],"_links":{"self":[{"href":"https:\/\/frocase.com\/pl\/wp-json\/wp\/v2\/pages\/46842","targetHints":{"allow":["GET"]}}],"collection":[{"href":"https:\/\/frocase.com\/pl\/wp-json\/wp\/v2\/pages"}],"about":[{"href":"https:\/\/frocase.com\/pl\/wp-json\/wp\/v2\/types\/page"}],"author":[{"embeddable":true,"href":"https:\/\/frocase.com\/pl\/wp-json\/wp\/v2\/users\/3"}],"replies":[{"embeddable":true,"href":"https:\/\/frocase.com\/pl\/wp-json\/wp\/v2\/comments?post=46842"}],"version-history":[{"count":3,"href":"https:\/\/frocase.com\/pl\/wp-json\/wp\/v2\/pages\/46842\/revisions"}],"predecessor-version":[{"id":47225,"href":"https:\/\/frocase.com\/pl\/wp-json\/wp\/v2\/pages\/46842\/revisions\/47225"}],"wp:attachment":[{"href":"https:\/\/frocase.com\/pl\/wp-json\/wp\/v2\/media?parent=46842"}],"curies":[{"name":"wp","href":"https:\/\/api.w.org\/{rel}","templated":true}]}}