{"id":46846,"date":"2025-03-17T22:46:36","date_gmt":"2025-03-17T22:46:36","guid":{"rendered":"https:\/\/frocase.com\/transport-chlodniczy\/"},"modified":"2025-06-14T16:31:26","modified_gmt":"2025-06-14T16:31:26","slug":"transport-chlodniczy","status":"publish","type":"page","link":"https:\/\/frocase.com\/pl\/transport-chlodniczy\/","title":{"rendered":"Transport ch\u0142odniczy"},"content":{"rendered":"\t\t<div data-elementor-type=\"wp-page\" data-elementor-id=\"46846\" class=\"elementor elementor-46846 elementor-46206\">\n\t\t\t\t\t\t<section class=\"elementor-section elementor-top-section elementor-element elementor-element-7a674d1 elementor-section-stretched elementor-section-boxed elementor-section-height-default elementor-section-height-default\" data-id=\"7a674d1\" data-element_type=\"section\" data-settings=\"{&quot;stretch_section&quot;:&quot;section-stretched&quot;,&quot;background_background&quot;:&quot;classic&quot;}\">\n\t\t\t\t\t\t<div class=\"elementor-container elementor-column-gap-default\">\n\t\t\t\t\t<div class=\"elementor-column elementor-col-50 elementor-top-column elementor-element elementor-element-a52195e\" data-id=\"a52195e\" data-element_type=\"column\">\n\t\t\t<div class=\"elementor-widget-wrap elementor-element-populated\">\n\t\t\t\t\t\t<div class=\"elementor-element elementor-element-681d816 elementor-widget elementor-widget-image\" data-id=\"681d816\" data-element_type=\"widget\" data-widget_type=\"image.default\">\n\t\t\t\t<div class=\"elementor-widget-container\">\n\t\t\t\t\t\t\t\t\t\t\t\t\t\t\t<img decoding=\"async\" src=\"https:\/\/frocase.com\/wp-content\/uploads\/elementor\/thumbs\/refrigerated_transport-r38eomukmmh4xn2gu2oed9monp3dqx1zltua72q0o2.png\" title=\"refrigerated_transport\" alt=\"refrigerated_transport\" loading=\"lazy\" \/>\t\t\t\t\t\t\t\t\t\t\t\t\t\t\t<\/div>\n\t\t\t\t<\/div>\n\t\t\t\t\t<\/div>\n\t\t<\/div>\n\t\t\t\t<div class=\"elementor-column elementor-col-50 elementor-top-column elementor-element elementor-element-dd673c2\" data-id=\"dd673c2\" data-element_type=\"column\" data-settings=\"{&quot;background_background&quot;:&quot;classic&quot;}\">\n\t\t\t<div class=\"elementor-widget-wrap elementor-element-populated\">\n\t\t\t\t\t\t<div class=\"elementor-element elementor-element-0e90c97 cea-separator-type-normal elementor-invisible elementor-widget elementor-widget-ceasectiontitle\" data-id=\"0e90c97\" data-element_type=\"widget\" data-settings=\"{&quot;_animation&quot;:&quot;fadeInUp&quot;}\" data-widget_type=\"ceasectiontitle.default\">\n\t\t\t\t<div class=\"elementor-widget-container\">\n\t\t\t\t\t<div class=\"section-title-wrapper\"><div class=\"title-wrap\"><h6 class=\"sub-title\"><span class=\"subtitle-dots\">transport ch\u0142odniczy<\/span><\/h6><h2 class=\"section-title\">Dostarczamy Twoje towary wsz\u0119dzie, gdzie trzeba<\/h2><div class=\"elementor-divider\"><span class=\"elementor-divider-separator\"><\/span><\/div><\/div><!-- .title-wrap --><div class=\"section-description\"><\/div><!-- .section-description --><\/div><!-- .section-title-wrapper -->\t\t\t\t<\/div>\n\t\t\t\t<\/div>\n\t\t\t\t<div class=\"elementor-element elementor-element-ba33ced elementor-invisible elementor-widget elementor-widget-text-editor\" data-id=\"ba33ced\" data-element_type=\"widget\" data-settings=\"{&quot;_animation&quot;:&quot;fadeInUp&quot;}\" data-widget_type=\"text-editor.default\">\n\t\t\t\t<div class=\"elementor-widget-container\">\n\t\t\t\t\t\t\t\t\t<p data-pm-slice=\"1 1 []\">Jeste\u015bmy uznan\u0105 firm\u0105 transportowo-logistyczn\u0105 z wieloletnim do\u015bwiadczeniem, specjalizuj\u0105c\u0105 si\u0119 w transporcie towar\u00f3w w kontrolowanej temperaturze. Nasze us\u0142ugi skierowane s\u0105 do firm produkcyjnych z r\u00f3\u017cnych bran\u017c, zapewniaj\u0105c niezawodno\u015b\u0107, bezpiecze\u0144stwo i najwy\u017csz\u0105 jako\u015b\u0107 dostaw. <\/p>\t\t\t\t\t\t\t\t<\/div>\n\t\t\t\t<\/div>\n\t\t\t\t\t<\/div>\n\t\t<\/div>\n\t\t\t\t\t<\/div>\n\t\t<\/section>\n\t\t\t\t<section class=\"elementor-section elementor-top-section elementor-element elementor-element-33ef126 elementor-section-boxed elementor-section-height-default elementor-section-height-default\" data-id=\"33ef126\" data-element_type=\"section\">\n\t\t\t\t\t\t<div class=\"elementor-container elementor-column-gap-default\">\n\t\t\t\t\t<div class=\"elementor-column elementor-col-50 elementor-top-column elementor-element elementor-element-0475731\" data-id=\"0475731\" data-element_type=\"column\">\n\t\t\t<div class=\"elementor-widget-wrap\">\n\t\t\t\t\t\t\t<\/div>\n\t\t<\/div>\n\t\t\t\t<div class=\"elementor-column elementor-col-50 elementor-top-column elementor-element elementor-element-cfc381f\" data-id=\"cfc381f\" data-element_type=\"column\" data-settings=\"{&quot;background_background&quot;:&quot;classic&quot;}\">\n\t\t\t<div class=\"elementor-widget-wrap elementor-element-populated\">\n\t\t\t\t\t\t<section class=\"elementor-section elementor-inner-section elementor-element elementor-element-5ffa572 elementor-section-content-middle elementor-section-boxed elementor-section-height-default elementor-section-height-default elementor-invisible\" data-id=\"5ffa572\" data-element_type=\"section\" data-settings=\"{&quot;background_background&quot;:&quot;classic&quot;,&quot;animation&quot;:&quot;fadeInUp&quot;}\">\n\t\t\t\t\t\t\t<div class=\"elementor-background-overlay\"><\/div>\n\t\t\t\t\t\t\t<div class=\"elementor-container elementor-column-gap-default\">\n\t\t\t\t\t<div class=\"elementor-column elementor-col-100 elementor-inner-column elementor-element elementor-element-5bd61b9\" data-id=\"5bd61b9\" data-element_type=\"column\">\n\t\t\t<div class=\"elementor-widget-wrap elementor-element-populated\">\n\t\t\t\t\t\t<div class=\"elementor-element elementor-element-a1e6274 elementor-widget elementor-widget-ceaiconlist\" data-id=\"a1e6274\" data-element_type=\"widget\" data-widget_type=\"ceaiconlist.default\">\n\t\t\t\t<div class=\"elementor-widget-container\">\n\t\t\t\t\t\t\t\r\n\t\t<ul class=\"nav flex-column cea-icon-list\">\r\n\t\t<li class=\"cea-icon-list-item\">\t\t\t\t\t<span class=\"cea-icon-list-icon\">\r\n\t\t\t\t\t\t<i aria-hidden=\"true\" class=\" bi-send-fill\"><\/i>\t\t\t\t\t<\/span>\r\n\t\t\t\t<span class=\"icon-list-text\">Sektor spo\u017cywczy (nabia\u0142, mi\u0119so, owoce i warzywa, mro\u017conki)<\/span><\/li><li class=\"cea-icon-list-item\">\t\t\t\t\t<span class=\"cea-icon-list-icon\">\r\n\t\t\t\t\t\t<i aria-hidden=\"true\" class=\" bi-send-fill\"><\/i>\t\t\t\t\t<\/span>\r\n\t\t\t\t<span class=\"icon-list-text\">Farmaceutyka i biotechnologia (leki, szczepionki, materia\u0142y medyczne)<\/span><\/li><li class=\"cea-icon-list-item\">\t\t\t\t\t<span class=\"cea-icon-list-icon\">\r\n\t\t\t\t\t\t<i aria-hidden=\"true\" class=\" bi-send-fill\"><\/i>\t\t\t\t\t<\/span>\r\n\t\t\t\t<span class=\"icon-list-text\">Przemys\u0142 chemiczny (chemikalia i substancje wra\u017cliwe na temperatur\u0119)<\/span><\/li><li class=\"cea-icon-list-item\">\t\t\t\t\t<span class=\"cea-icon-list-icon\">\r\n\t\t\t\t\t\t<i aria-hidden=\"true\" class=\" bi-send-fill\"><\/i>\t\t\t\t\t<\/span>\r\n\t\t\t\t<span class=\"icon-list-text\">Kosmetyki i produkty ekologiczne<\/span><\/li>\t\t<\/ul>\r\n\t\t\r\n\t\t\t\t\t\t<\/div>\n\t\t\t\t<\/div>\n\t\t\t\t\t<\/div>\n\t\t<\/div>\n\t\t\t\t\t<\/div>\n\t\t<\/section>\n\t\t\t\t\t<\/div>\n\t\t<\/div>\n\t\t\t\t\t<\/div>\n\t\t<\/section>\n\t\t<div class=\"elementor-element elementor-element-9920968 e-flex e-con-boxed e-con e-parent\" data-id=\"9920968\" data-element_type=\"container\">\n\t\t\t\t\t<div class=\"e-con-inner\">\n\t\t<div class=\"elementor-element elementor-element-80ace0e e-con-full e-flex e-con e-child\" data-id=\"80ace0e\" data-element_type=\"container\">\n\t\t<div class=\"elementor-element elementor-element-96d06c7 e-con-full e-flex e-con e-child\" data-id=\"96d06c7\" data-element_type=\"container\">\n\t\t\t\t<div class=\"elementor-element elementor-element-39c4e98 animated-fast elementor-invisible elementor-widget elementor-widget-ceasectiontitle\" data-id=\"39c4e98\" data-element_type=\"widget\" data-settings=\"{&quot;_animation&quot;:&quot;fadeInUp&quot;}\" data-widget_type=\"ceasectiontitle.default\">\n\t\t\t\t<div class=\"elementor-widget-container\">\n\t\t\t\t\t<div class=\"section-title-wrapper\"><div class=\"title-wrap\"><div class=\"sub-title\"><span class=\"subtitle-dots\">niezawodna logistyka<\/span><\/div><h2 class=\"section-title\">Profesjonalna obs\u0142uga logistyczna dla sektora produkcyjnego<\/h2><\/div><!-- .title-wrap --><div class=\"section-description\"><p class=\"section-content\"><p>Dysponujemy w\u0142asn\u0105 flot\u0105 nowoczesnych naczep ch\u0142odniczych wyposa\u017conych w zaawansowane systemy \u015bledzenia GPS i monitorowania temperatury w czasie rzeczywistym. Zapewnia to pe\u0142n\u0105 widoczno\u015b\u0107 i kontrol\u0119 nad procesem transportu, daj\u0105c Ci pewno\u015b\u0107, \u017ce Tw\u00f3j \u0142adunek jest w bezpiecznych r\u0119kach. Specjalizujemy si\u0119 w transporcie na terenie Wielkiej Brytanii, Polski i Europy.  <\/p><\/div><!-- .section-description --><\/div><!-- .section-title-wrapper -->\t\t\t\t<\/div>\n\t\t\t\t<\/div>\n\t\t\t\t<div class=\"elementor-element elementor-element-9a59b79 animated-fast elementor-invisible elementor-widget elementor-widget-ceasectiontitle\" data-id=\"9a59b79\" data-element_type=\"widget\" data-settings=\"{&quot;_animation&quot;:&quot;fadeInUp&quot;}\" data-widget_type=\"ceasectiontitle.default\">\n\t\t\t\t<div class=\"elementor-widget-container\">\n\t\t\t\t\t<div class=\"section-title-wrapper\"><div class=\"title-wrap\"><h3 class=\"section-title\">Nasze us\u0142ugi logistyczne i transportowe<\/h3><\/div><!-- .title-wrap --><div class=\"section-description\"><\/div><!-- .section-description --><\/div><!-- .section-title-wrapper -->\t\t\t\t<\/div>\n\t\t\t\t<\/div>\n\t\t\t\t<div class=\"elementor-element elementor-element-3ba6093 elementor-align-left elementor-widget elementor-widget-ceaiconlist\" data-id=\"3ba6093\" data-element_type=\"widget\" data-widget_type=\"ceaiconlist.default\">\n\t\t\t\t<div class=\"elementor-widget-container\">\n\t\t\t\t\t\t\t\r\n\t\t<ul class=\"nav flex-column cea-icon-list\">\r\n\t\t<li class=\"cea-icon-list-item\">\t\t\t\t\t<span class=\"cea-icon-list-icon\">\r\n\t\t\t\t\t\t<i aria-hidden=\"true\" class=\" bi-chevron-double-right\"><\/i>\t\t\t\t\t<\/span>\r\n\t\t\t\t<span class=\"icon-list-text\"><b>Transport towar\u00f3w ch\u0142odzonych i mro\u017conych<\/b> <p>- Bezpieczny i wydajny transport produkt\u00f3w spo\u017cywczych, farmaceutyk\u00f3w, chemikali\u00f3w i innych towar\u00f3w wra\u017cliwych na temperatur\u0119. <br>- Zakres temperatur: od -25\u00b0C do +25\u00b0C.<br>- Certyfikowane naczepy ch\u0142odnicze spe\u0142niaj\u0105ce normy ATP\/FRC.<\/span><\/li><li class=\"cea-icon-list-item\">\t\t\t\t\t<span class=\"cea-icon-list-icon\">\r\n\t\t\t\t\t\t<i aria-hidden=\"true\" class=\" bi-chevron-double-right\"><\/i>\t\t\t\t\t<\/span>\r\n\t\t\t\t<span class=\"icon-list-text\"><b>Zaawansowane monitorowanie temperatury<\/b> <p>- Kontrola temperatury w czasie rzeczywistym podczas ca\u0142ej podr\u00f3\u017cy. <br>- Dost\u0119p do szczeg\u00f3\u0142owych raport\u00f3w temperatury dla pe\u0142nej przejrzysto\u015bci i zgodno\u015bci.<\/span><\/li><li class=\"cea-icon-list-item\">\t\t\t\t\t<span class=\"cea-icon-list-icon\">\r\n\t\t\t\t\t\t<i aria-hidden=\"true\" class=\" bi-chevron-double-right\"><\/i>\t\t\t\t\t<\/span>\r\n\t\t\t\t<span class=\"icon-list-text\"><b>Nowoczesna flota i niezawodny sprz\u0119t<\/b> <p>- Dedykowana flota ci\u0119\u017car\u00f3wek i naczep ch\u0142odniczych, utrzymywana zgodnie z najwy\u017cszymi standardami. <br>- Wszystkie pojazdy s\u0105 wyposa\u017cone w system \u015bledzenia GPS i czujniki temperatury. <br>- Regularne kontrole pojazd\u00f3w w celu zapewnienia zgodno\u015bci z europejskimi przepisami dotycz\u0105cymi ochrony \u015brodowiska.<\/span><\/li><li class=\"cea-icon-list-item\">\t\t\t\t\t<span class=\"cea-icon-list-icon\">\r\n\t\t\t\t\t\t<i aria-hidden=\"true\" class=\" bi-chevron-double-right\"><\/i>\t\t\t\t\t<\/span>\r\n\t\t\t\t<span class=\"icon-list-text\"><b>Indywidualne rozwi\u0105zania logistyczne<\/b> <p>- Indywidualne rozwi\u0105zania transportowe dostosowane do konkretnych wymaga\u0144 produkcyjnych. <br>- Opcje zar\u00f3wno d\u0142ugoterminowej wsp\u00f3\u0142pracy, jak i jednorazowych wysy\u0142ek. <br>- Dedykowani opiekunowie klienta zapewniaj\u0105cy bie\u017c\u0105ce wsparcie i koordynacj\u0119.<\/span><\/li><li class=\"cea-icon-list-item\">\t\t\t\t\t<span class=\"cea-icon-list-icon\">\r\n\t\t\t\t\t\t<i aria-hidden=\"true\" class=\" bi-chevron-double-right\"><\/i>\t\t\t\t\t<\/span>\r\n\t\t\t\t<span class=\"icon-list-text\"><b>Gwarantowane bezpiecze\u0144stwo i terminowo\u015b\u0107 dostaw<\/b> <p>- Zoptymalizowane trasy i do\u015bwiadczeni kierowcy zapewniaj\u0105 terminowe i bezpieczne dostawy. <br>- Kompleksowe ubezpieczenie \u0142adunku zapewniaj\u0105ce pe\u0142n\u0105 ochron\u0119 towar\u00f3w. <br>- Profesjonalna obs\u0142uga klienta z szybk\u0105 reakcj\u0105 na wszelkie pilne pro\u015bby.<\/span><\/li>\t\t<\/ul>\r\n\t\t\r\n\t\t\t\t\t\t<\/div>\n\t\t\t\t<\/div>\n\t\t\t\t<div class=\"elementor-element elementor-element-69bff19 animated-fast elementor-invisible elementor-widget elementor-widget-ceasectiontitle\" data-id=\"69bff19\" data-element_type=\"widget\" data-settings=\"{&quot;_animation&quot;:&quot;fadeInUp&quot;}\" data-widget_type=\"ceasectiontitle.default\">\n\t\t\t\t<div class=\"elementor-widget-container\">\n\t\t\t\t\t<div class=\"section-title-wrapper\"><div class=\"title-wrap\"><h3 class=\"section-title\">Dlaczego warto Nas wybra\u0107?<\/h3><\/div><!-- .title-wrap --><div class=\"section-description\"><\/div><!-- .section-description --><\/div><!-- .section-title-wrapper -->\t\t\t\t<\/div>\n\t\t\t\t<\/div>\n\t\t\t\t<div class=\"elementor-element elementor-element-d8e0db1 elementor-align-left elementor-widget elementor-widget-ceaiconlist\" data-id=\"d8e0db1\" data-element_type=\"widget\" data-widget_type=\"ceaiconlist.default\">\n\t\t\t\t<div class=\"elementor-widget-container\">\n\t\t\t\t\t\t\t\r\n\t\t<ul class=\"nav flex-column cea-icon-list\">\r\n\t\t<li class=\"cea-icon-list-item\">\t\t\t\t\t<span class=\"cea-icon-list-icon\">\r\n\t\t\t\t\t\t<i aria-hidden=\"true\" class=\" bi-chevron-double-right\"><\/i>\t\t\t\t\t<\/span>\r\n\t\t\t\t<span class=\"icon-list-text\"><b>Wieloletnie do\u015bwiadczenie<\/b> - rozleg\u0142e do\u015bwiadczenie w transporcie w kontrolowanej temperaturze.<\/span><\/li><li class=\"cea-icon-list-item\">\t\t\t\t\t<span class=\"cea-icon-list-icon\">\r\n\t\t\t\t\t\t<i aria-hidden=\"true\" class=\" bi-chevron-double-right\"><\/i>\t\t\t\t\t<\/span>\r\n\t\t\t\t<span class=\"icon-list-text\"><b>Najnowocze\u015bniejsza flota<\/b> - wysokiej jako\u015bci, w pe\u0142ni wyposa\u017cone pojazdy ch\u0142odnicze.<\/span><\/li><li class=\"cea-icon-list-item\">\t\t\t\t\t<span class=\"cea-icon-list-icon\">\r\n\t\t\t\t\t\t<i aria-hidden=\"true\" class=\" bi-chevron-double-right\"><\/i>\t\t\t\t\t<\/span>\r\n\t\t\t\t<span class=\"icon-list-text\"><b>Pe\u0142na przejrzysto\u015b\u0107<\/b> - \u015bledzenie GPS i monitorowanie temperatury na ka\u017cdym etapie.<\/span><\/li><li class=\"cea-icon-list-item\">\t\t\t\t\t<span class=\"cea-icon-list-icon\">\r\n\t\t\t\t\t\t<i aria-hidden=\"true\" class=\" bi-chevron-double-right\"><\/i>\t\t\t\t\t<\/span>\r\n\t\t\t\t<span class=\"icon-list-text\"><b>Elastyczne rozwi\u0105zania<\/b> - us\u0142ugi dostosowane do potrzeb biznesowych.<\/span><\/li><li class=\"cea-icon-list-item\">\t\t\t\t\t<span class=\"cea-icon-list-icon\">\r\n\t\t\t\t\t\t<i aria-hidden=\"true\" class=\" bi-chevron-double-right\"><\/i>\t\t\t\t\t<\/span>\r\n\t\t\t\t<span class=\"icon-list-text\"><b>Niezawodno\u015b\u0107 i bezpiecze\u0144stwo<\/b> - ubezpieczenie \u0142adunku i certyfikowane rozwi\u0105zania transportowe.<\/span><\/li>\t\t<\/ul>\r\n\t\t\r\n\t\t\t\t\t\t<\/div>\n\t\t\t\t<\/div>\n\t\t\t\t<div class=\"elementor-element elementor-element-278b7b2 animated-fast elementor-invisible elementor-widget elementor-widget-ceasectiontitle\" data-id=\"278b7b2\" data-element_type=\"widget\" data-settings=\"{&quot;_animation&quot;:&quot;fadeInUp&quot;}\" data-widget_type=\"ceasectiontitle.default\">\n\t\t\t\t<div class=\"elementor-widget-container\">\n\t\t\t\t\t<div class=\"section-title-wrapper\"><div class=\"title-wrap\"><h3 class=\"section-title\">Skontaktuj si\u0119 z nami i zoptymalizuj swoj\u0105 logistyk\u0119!<\/h3><\/div><!-- .title-wrap --><div class=\"section-description\"><p class=\"section-content\"><br>Potrzebujesz niezawodnego transportu? Chcesz usprawni\u0107 logistyk\u0119 swojej firmy? Skontaktuj si\u0119 z nami, a przygotujemy dla Ciebie indywidualn\u0105 ofert\u0119!  <\/p><\/div><!-- .section-description --><\/div><!-- .section-title-wrapper -->\t\t\t\t<\/div>\n\t\t\t\t<\/div>\n\t\t\t\t<\/div>\n\t\t\t\t<\/div>\n\t\t\t\t\t<\/div>\n\t\t\t\t<\/div>\n\t\t<div class=\"elementor-element elementor-element-92014cf e-flex e-con-boxed e-con e-parent\" data-id=\"92014cf\" data-element_type=\"container\">\n\t\t\t\t\t<div class=\"e-con-inner\">\n\t\t<div class=\"elementor-element elementor-element-23f816f e-con-full e-flex e-con e-child\" data-id=\"23f816f\" data-element_type=\"container\">\n\t\t\t\t<div class=\"elementor-element elementor-element-96366d7 cea-view-stacked cea-shape-circle elementor-widget elementor-widget-ceafeaturebox\" data-id=\"96366d7\" data-element_type=\"widget\" data-widget_type=\"ceafeaturebox.default\">\n\t\t\t\t<div class=\"elementor-widget-container feature-box-wrapper feature-box-modern\">\n\t\t\t<div class=\"media\"><div class=\"media-icon-part align-self-center\"><div class=\"cea-featured-icon\"><i aria-hidden=\"true\" class=\" bi-geo-alt-fill\"><\/i><\/div><\/div><div class=\"media-body align-self-center\"><h4 class=\"feature-box-title\">Nasz adres<\/h4><div class=\"fbox-content\">Dworki 2, 82-335 Gronowo Elbl\u0105skie, POLSKA<\/div><\/div><!-- .media-body --><\/div><!-- .media -->\t\t<\/div>\n\t\t\t\t<\/div>\n\t\t\t\t<\/div>\n\t\t<div class=\"elementor-element elementor-element-1f3e09a e-con-full e-flex e-con e-child\" data-id=\"1f3e09a\" data-element_type=\"container\">\n\t\t\t\t<div class=\"elementor-element elementor-element-744202e cea-view-stacked cea-shape-circle elementor-widget elementor-widget-ceafeaturebox\" data-id=\"744202e\" data-element_type=\"widget\" data-widget_type=\"ceafeaturebox.default\">\n\t\t\t\t<div class=\"elementor-widget-container feature-box-wrapper feature-box-modern\">\n\t\t\t<div class=\"media\"><div class=\"media-icon-part align-self-center\"><div class=\"cea-featured-icon\"><i aria-hidden=\"true\" class=\" bi-headset\"><\/i><\/div><\/div><div class=\"media-body align-self-center\"><h4 class=\"feature-box-title\">Wsparcie 24\/7<\/h4><div class=\"fbox-content\"><a href=\"tel: (+48)%20573%20588%20299\">(+48) 573 588 299<\/a>\n<br><a href=\"tel: (+48)%20573%20588%20299\">(+48) 573 588 299<\/a><\/div><\/div><!-- .media-body --><\/div><!-- .media -->\t\t<\/div>\n\t\t\t\t<\/div>\n\t\t\t\t<\/div>\n\t\t<div class=\"elementor-element elementor-element-dbff579 e-con-full e-flex e-con e-child\" data-id=\"dbff579\" data-element_type=\"container\">\n\t\t\t\t<div class=\"elementor-element elementor-element-583d317 cea-view-stacked cea-shape-circle elementor-widget elementor-widget-ceafeaturebox\" data-id=\"583d317\" data-element_type=\"widget\" data-widget_type=\"ceafeaturebox.default\">\n\t\t\t\t<div class=\"elementor-widget-container feature-box-wrapper feature-box-modern\">\n\t\t\t<div class=\"media\"><div class=\"media-icon-part align-self-center\"><div class=\"cea-featured-icon\"><i aria-hidden=\"true\" class=\" bi-envelope-fill\"><\/i><\/div><\/div><div class=\"media-body align-self-center\"><h4 class=\"feature-box-title\">Wy\u015blij e-mail<\/h4><div class=\"fbox-content\"><a href=\"mailto:office@frocase.com\">office@frocase.com<\/a>\n<br><a href=\"mailto:office@frocase.com\">office@frocase.com<\/a><\/div><\/div><!-- .media-body --><\/div><!-- .media -->\t\t<\/div>\n\t\t\t\t<\/div>\n\t\t\t\t<\/div>\n\t\t<div class=\"elementor-element elementor-element-08c82bb e-con-full e-flex e-con e-child\" data-id=\"08c82bb\" data-element_type=\"container\">\n\t\t\t\t<div class=\"elementor-element elementor-element-731ed41 cea-view-stacked cea-shape-circle elementor-widget elementor-widget-ceafeaturebox\" data-id=\"731ed41\" data-element_type=\"widget\" data-widget_type=\"ceafeaturebox.default\">\n\t\t\t\t<div class=\"elementor-widget-container feature-box-wrapper feature-box-modern\">\n\t\t\t<div class=\"media\"><div class=\"media-icon-part align-self-center\"><div class=\"cea-featured-icon\"><i aria-hidden=\"true\" class=\" bi-alarm-fill\"><\/i><\/div><\/div><div class=\"media-body align-self-center\"><h4 class=\"feature-box-title\">Godziny otwarcia<\/h4><div class=\"fbox-content\">Od poniedzia\u0142ku do soboty: 07.00-20.00 <br> <p>Niedziela - zamkni\u0119te<\/p><\/div><\/div><!-- .media-body --><\/div><!-- .media -->\t\t<\/div>\n\t\t\t\t<\/div>\n\t\t\t\t<\/div>\n\t\t\t\t\t<\/div>\n\t\t\t\t<\/div>\n\t\t\t\t<\/div>\n\t\t","protected":false},"excerpt":{"rendered":"<p>transport ch\u0142odniczy Dostarczamy Twoje towary wsz\u0119dzie, gdzie trzeba Jeste\u015bmy uznan\u0105 firm\u0105 transportowo-logistyczn\u0105 z wieloletnim do\u015bwiadczeniem, specjalizuj\u0105c\u0105 si\u0119 w transporcie towar\u00f3w w kontrolowanej temperaturze. Nasze us\u0142ugi skierowane s\u0105..<\/p>\n","protected":false},"author":3,"featured_media":0,"parent":0,"menu_order":0,"comment_status":"closed","ping_status":"closed","template":"","meta":{"footnotes":""},"class_list":["post-46846","page","type-page","status-publish","hentry"],"_links":{"self":[{"href":"https:\/\/frocase.com\/pl\/wp-json\/wp\/v2\/pages\/46846","targetHints":{"allow":["GET"]}}],"collection":[{"href":"https:\/\/frocase.com\/pl\/wp-json\/wp\/v2\/pages"}],"about":[{"href":"https:\/\/frocase.com\/pl\/wp-json\/wp\/v2\/types\/page"}],"author":[{"embeddable":true,"href":"https:\/\/frocase.com\/pl\/wp-json\/wp\/v2\/users\/3"}],"replies":[{"embeddable":true,"href":"https:\/\/frocase.com\/pl\/wp-json\/wp\/v2\/comments?post=46846"}],"version-history":[{"count":5,"href":"https:\/\/frocase.com\/pl\/wp-json\/wp\/v2\/pages\/46846\/revisions"}],"predecessor-version":[{"id":47229,"href":"https:\/\/frocase.com\/pl\/wp-json\/wp\/v2\/pages\/46846\/revisions\/47229"}],"wp:attachment":[{"href":"https:\/\/frocase.com\/pl\/wp-json\/wp\/v2\/media?parent=46846"}],"curies":[{"name":"wp","href":"https:\/\/api.w.org\/{rel}","templated":true}]}}