{"id":46856,"date":"2024-07-22T06:49:00","date_gmt":"2024-07-22T06:49:00","guid":{"rendered":"https:\/\/frocase.com\/nasze-uslugi\/"},"modified":"2025-06-13T17:36:51","modified_gmt":"2025-06-13T17:36:51","slug":"nasze-uslugi","status":"publish","type":"page","link":"https:\/\/frocase.com\/pl\/nasze-uslugi\/","title":{"rendered":"Nasze us\u0142ugi"},"content":{"rendered":"\t\t<div data-elementor-type=\"wp-page\" data-elementor-id=\"46856\" class=\"elementor elementor-46856 elementor-44049\">\n\t\t\t\t\t\t<section class=\"elementor-section elementor-top-section elementor-element elementor-element-6c475714 elementor-section-stretched elementor-section-boxed elementor-section-height-default elementor-section-height-default\" data-id=\"6c475714\" data-element_type=\"section\" data-settings=\"{&quot;stretch_section&quot;:&quot;section-stretched&quot;}\">\n\t\t\t\t\t\t<div class=\"elementor-container elementor-column-gap-wide\">\n\t\t\t\t\t<div class=\"elementor-column elementor-col-100 elementor-top-column elementor-element elementor-element-4cb7188c\" data-id=\"4cb7188c\" data-element_type=\"column\">\n\t\t\t<div class=\"elementor-widget-wrap elementor-element-populated\">\n\t\t\t\t\t\t<section class=\"elementor-section elementor-inner-section elementor-element elementor-element-60835a78 elementor-section-boxed elementor-section-height-default elementor-section-height-default\" data-id=\"60835a78\" data-element_type=\"section\">\n\t\t\t\t\t\t<div class=\"elementor-container elementor-column-gap-default\">\n\t\t\t\t\t<div class=\"elementor-column elementor-col-50 elementor-inner-column elementor-element elementor-element-251a99b3\" data-id=\"251a99b3\" data-element_type=\"column\" data-settings=\"{&quot;background_background&quot;:&quot;classic&quot;}\">\n\t\t\t<div class=\"elementor-widget-wrap elementor-element-populated\">\n\t\t\t\t\t\t<div class=\"elementor-element elementor-element-65b5f27f cus-service-flip cea-primary-icon-view-default cea-secondary-icon-view-default elementor-widget elementor-widget-ceaflipbox\" data-id=\"65b5f27f\" data-element_type=\"widget\" data-widget_type=\"ceaflipbox.default\">\n\t\t\t\t<div class=\"elementor-widget-container flip-box-wrapper\">\r\n\t\t\t<div class=\"flip-box-inner imghvr-fade\"><div class=\"flip-front\"><div class=\"flip-front-inner\"><div class=\"flip-box-image\"><img decoding=\"async\" src=\"https:\/\/frocase.com\/wp-content\/uploads\/elementor\/thumbs\/serv-icon-1-1-r11nz2mm41za5004ooz5plycukkp5ydlobryjhw2o0.png\" serv-icon-1 serv-icon-1 \/><\/div><h4 class=\"flip-box-title\">Transport Drogowy<\/h4><\/div><!-- .flip-front-inner --><\/div><!-- .flip-front --><div class=\"flip-back\"><div class=\"flip-back-inner\"><div class=\"flip-box-image\"><img decoding=\"async\" width=\"80\" height=\"80\" src=\"https:\/\/frocase.com\/wp-content\/uploads\/2023\/05\/serv-icon-1-1.png\" class=\"attachment-thumbnail size-thumbnail\" alt=\"\" \/><\/div><h4 class=\"flip-box-title\">Transport Drogowy<\/h4><div class=\"flip-content\">Niezawodny transport krajowy i mi\u0119dzynarodowy z terminow\u0105 dostaw\u0105 i konkurencyjnymi stawkami.<\/div>\t\t\t\t\t<div class=\"cea-button-wrapper\">\r\n\t\t\t\t\t\t<a href=\"https:\/\/frocase.com\/service\/road-freight\/\" class=\"cea-button-link elementor-button cea-button elementor-size-sm\">\r\n\t\t\t\t\t\t\t\t\t\t<span class=\"cea-button-content-wrapper\">\r\n\t\t\t\t\t\t\t\t<span class=\"cea-button-icon cea-align-icon-right\">\r\n\t\t\t\t\t<i aria-hidden=\"true\" class=\" bi-chevron-double-right\"><\/i>\t\t\t\t<\/span>\r\n\t\t\t\t\t\t\t\t<span class=\"cea-button-text\">Czytaj wi\u0119cej<\/span>\r\n\t\t\t<\/span>\r\n\t\t\t\t\t\t\t\t\t<\/a>\r\n\t\t\t\t\t<\/div>\r\n\t\t\t\t\t<\/div><!-- .flip-back-inner --><\/div><!-- .flip-back --><\/div><!-- .flip-inner -->\t\t<\/div>\r\n\t\t\t\t<\/div>\n\t\t\t\t\t<\/div>\n\t\t<\/div>\n\t\t\t\t<div class=\"elementor-column elementor-col-50 elementor-inner-column elementor-element elementor-element-5a96795d\" data-id=\"5a96795d\" data-element_type=\"column\">\n\t\t\t<div class=\"elementor-widget-wrap elementor-element-populated\">\n\t\t\t\t\t\t<div class=\"elementor-element elementor-element-169f8b43 cus-service-flip cea-primary-icon-view-default cea-secondary-icon-view-default elementor-widget elementor-widget-ceaflipbox\" data-id=\"169f8b43\" data-element_type=\"widget\" data-widget_type=\"ceaflipbox.default\">\n\t\t\t\t<div class=\"elementor-widget-container flip-box-wrapper\">\r\n\t\t\t<div class=\"flip-box-inner imghvr-fade\"><div class=\"flip-front\"><div class=\"flip-front-inner\"><div class=\"flip-box-image\"><img decoding=\"async\" src=\"https:\/\/frocase.com\/wp-content\/uploads\/elementor\/thumbs\/serv-icon-4-1-r11nz3kgaw0kglyrj7dsa3ptfyg2dnhc0gfg0ruohs.png\" serv-icon-4 serv-icon-4 \/><\/div><h4 class=\"flip-box-title\">Magazynowanie oparte na technologii<\/h4><\/div><!-- .flip-front-inner --><\/div><!-- .flip-front --><div class=\"flip-back\"><div class=\"flip-back-inner\"><div class=\"flip-box-image\"><img decoding=\"async\" width=\"80\" height=\"80\" src=\"https:\/\/frocase.com\/wp-content\/uploads\/2023\/05\/serv-icon-4-1.png\" class=\"attachment-thumbnail size-thumbnail\" alt=\"\" \/><\/div><h4 class=\"flip-box-title\">Magazynowanie oparte na technologii<\/h4><div class=\"flip-content\">Zaawansowana technologicznie pami\u0119\u0107 masowa zapewnia maksymaln\u0105 wydajno\u015b\u0107 i dok\u0142adno\u015b\u0107.<\/div>\t\t\t\t\t<div class=\"cea-button-wrapper\">\r\n\t\t\t\t\t\t<a href=\"https:\/\/frocase.com\/service\/smart-warehousing\/\" class=\"cea-button-link elementor-button cea-button elementor-size-sm\">\r\n\t\t\t\t\t\t\t\t\t\t<span class=\"cea-button-content-wrapper\">\r\n\t\t\t\t\t\t\t\t<span class=\"cea-button-icon cea-align-icon-right\">\r\n\t\t\t\t\t<i aria-hidden=\"true\" class=\" bi-chevron-double-right\"><\/i>\t\t\t\t<\/span>\r\n\t\t\t\t\t\t\t\t<span class=\"cea-button-text\">Czytaj wi\u0119cej<\/span>\r\n\t\t\t<\/span>\r\n\t\t\t\t\t\t\t\t\t<\/a>\r\n\t\t\t\t\t<\/div>\r\n\t\t\t\t\t<\/div><!-- .flip-back-inner --><\/div><!-- .flip-back --><\/div><!-- .flip-inner -->\t\t<\/div>\r\n\t\t\t\t<\/div>\n\t\t\t\t\t<\/div>\n\t\t<\/div>\n\t\t\t\t\t<\/div>\n\t\t<\/section>\n\t\t\t\t\t<\/div>\n\t\t<\/div>\n\t\t\t\t\t<\/div>\n\t\t<\/section>\n\t\t<div class=\"elementor-element elementor-element-b4c8e79 e-grid e-con-boxed e-con e-parent\" data-id=\"b4c8e79\" data-element_type=\"container\">\n\t\t\t\t\t<div class=\"e-con-inner\">\n\t\t\t\t<div class=\"elementor-element elementor-element-c3db166 cea-view-default elementor-invisible elementor-widget elementor-widget-ceafeaturebox\" data-id=\"c3db166\" data-element_type=\"widget\" data-settings=\"{&quot;_animation&quot;:&quot;zoomIn&quot;}\" data-widget_type=\"ceafeaturebox.default\">\n\t\t\t\t<div class=\"elementor-widget-container feature-box-wrapper feature-box-default\">\n\t\t\t<div class=\"feature-box-inner\"><figure class=\"cea-feature-box-img\"><img fetchpriority=\"high\" decoding=\"async\" width=\"2263\" height=\"605\" src=\"https:\/\/frocase.com\/wp-content\/uploads\/2025\/03\/Bez-nazwy-1.png\" class=\"attachment-full size-full\" alt=\"\" srcset=\"https:\/\/frocase.com\/wp-content\/uploads\/2025\/03\/Bez-nazwy-1.png 2263w, https:\/\/frocase.com\/wp-content\/uploads\/2025\/03\/Bez-nazwy-1-768x205.png 768w, https:\/\/frocase.com\/wp-content\/uploads\/2025\/03\/Bez-nazwy-1-1536x411.png 1536w, https:\/\/frocase.com\/wp-content\/uploads\/2025\/03\/Bez-nazwy-1-2048x548.png 2048w, https:\/\/frocase.com\/wp-content\/uploads\/2025\/03\/Bez-nazwy-1-1200x321.png 1200w\" sizes=\"(max-width: 2263px) 100vw, 2263px\" \/><\/figure><h3 class=\"feature-box-title\">Niskie Podwozie<\/h3><div class=\"fbox-content\">Ci\u0119\u017ckie i ponadgabarytowe \u0142adunki<\/div>\t\t\t\t<div class=\"cea-button-wrapper\">\n\t\t\t\t\t<a href=\"https:\/\/frocase.com\/low-loader-transport\/\" class=\"cea-button-link elementor-button cea-button elementor-size-sm elementor-animation-shrink\">\n\t\t\t\t\t\t\t\t<span class=\"cea-button-content-wrapper\">\n\t\t\t\t\t\t<span class=\"cea-button-icon cea-align-icon-\">\n\t\t\t\t\t\t\t<\/span>\n\t\t\t\t\t\t<span class=\"cea-button-text\">Czytaj wi\u0119cej<\/span>\n\t\t<\/span>\n\t\t\t\t\t\t\t<\/a>\n\t\t\t\t<\/div>\n\t\t\t\t<\/div>\t\t<\/div>\n\t\t\t\t<\/div>\n\t\t\t\t<div class=\"elementor-element elementor-element-7171dc0 cea-view-default elementor-invisible elementor-widget elementor-widget-ceafeaturebox\" data-id=\"7171dc0\" data-element_type=\"widget\" data-settings=\"{&quot;_animation&quot;:&quot;zoomIn&quot;}\" data-widget_type=\"ceafeaturebox.default\">\n\t\t\t\t<div class=\"elementor-widget-container feature-box-wrapper feature-box-default\">\n\t\t\t<div class=\"feature-box-inner\"><figure class=\"cea-feature-box-img\"><img loading=\"lazy\" decoding=\"async\" width=\"1425\" height=\"634\" src=\"https:\/\/frocase.com\/wp-content\/uploads\/2025\/03\/tipper-1.png\" class=\"attachment-full size-full\" alt=\"\" srcset=\"https:\/\/frocase.com\/wp-content\/uploads\/2025\/03\/tipper-1.png 1425w, https:\/\/frocase.com\/wp-content\/uploads\/2025\/03\/tipper-1-768x342.png 768w, https:\/\/frocase.com\/wp-content\/uploads\/2025\/03\/tipper-1-1200x534.png 1200w\" sizes=\"(max-width: 1425px) 100vw, 1425px\" \/><\/figure><h3 class=\"feature-box-title\">Wywrotka<\/h3><div class=\"fbox-content\">Towar sypki<\/div>\t\t\t\t<div class=\"cea-button-wrapper\">\n\t\t\t\t\t<a href=\"https:\/\/frocase.com\/tipper-transport\/\" class=\"cea-button-link elementor-button cea-button elementor-size-sm elementor-animation-shrink\">\n\t\t\t\t\t\t\t\t<span class=\"cea-button-content-wrapper\">\n\t\t\t\t\t\t<span class=\"cea-button-icon cea-align-icon-\">\n\t\t\t\t\t\t\t<\/span>\n\t\t\t\t\t\t<span class=\"cea-button-text\">Czytaj wi\u0119cej<\/span>\n\t\t<\/span>\n\t\t\t\t\t\t\t<\/a>\n\t\t\t\t<\/div>\n\t\t\t\t<\/div>\t\t<\/div>\n\t\t\t\t<\/div>\n\t\t\t\t<div class=\"elementor-element elementor-element-9c25bc5 cea-view-default elementor-invisible elementor-widget elementor-widget-ceafeaturebox\" data-id=\"9c25bc5\" data-element_type=\"widget\" data-settings=\"{&quot;_animation&quot;:&quot;zoomIn&quot;}\" data-widget_type=\"ceafeaturebox.default\">\n\t\t\t\t<div class=\"elementor-widget-container feature-box-wrapper feature-box-default\">\n\t\t\t<div class=\"feature-box-inner\"><figure class=\"cea-feature-box-img\"><img loading=\"lazy\" decoding=\"async\" width=\"2235\" height=\"676\" src=\"https:\/\/frocase.com\/wp-content\/uploads\/2025\/03\/refrigerated-1.png\" class=\"attachment-full size-full\" alt=\"\" srcset=\"https:\/\/frocase.com\/wp-content\/uploads\/2025\/03\/refrigerated-1.png 2235w, https:\/\/frocase.com\/wp-content\/uploads\/2025\/03\/refrigerated-1-768x232.png 768w, https:\/\/frocase.com\/wp-content\/uploads\/2025\/03\/refrigerated-1-1536x465.png 1536w, https:\/\/frocase.com\/wp-content\/uploads\/2025\/03\/refrigerated-1-2048x619.png 2048w, https:\/\/frocase.com\/wp-content\/uploads\/2025\/03\/refrigerated-1-1200x363.png 1200w\" sizes=\"(max-width: 2235px) 100vw, 2235px\" \/><\/figure><h3 class=\"feature-box-title\">Ch\u0142odnia<\/h3><div class=\"fbox-content\">Kontrolowana temperatura<\/div>\t\t\t\t<div class=\"cea-button-wrapper\">\n\t\t\t\t\t<a href=\"https:\/\/frocase.com\/refrigerated-transport\/\" class=\"cea-button-link elementor-button cea-button elementor-size-sm elementor-animation-shrink\">\n\t\t\t\t\t\t\t\t<span class=\"cea-button-content-wrapper\">\n\t\t\t\t\t\t<span class=\"cea-button-icon cea-align-icon-\">\n\t\t\t\t\t\t\t<\/span>\n\t\t\t\t\t\t<span class=\"cea-button-text\">Czytaj wi\u0119cej<\/span>\n\t\t<\/span>\n\t\t\t\t\t\t\t<\/a>\n\t\t\t\t<\/div>\n\t\t\t\t<\/div>\t\t<\/div>\n\t\t\t\t<\/div>\n\t\t\t\t<div class=\"elementor-element elementor-element-44b2af5 cea-view-default elementor-invisible elementor-widget elementor-widget-ceafeaturebox\" data-id=\"44b2af5\" data-element_type=\"widget\" data-settings=\"{&quot;_animation&quot;:&quot;zoomIn&quot;}\" data-widget_type=\"ceafeaturebox.default\">\n\t\t\t\t<div class=\"elementor-widget-container feature-box-wrapper feature-box-default\">\n\t\t\t<div class=\"feature-box-inner\"><figure class=\"cea-feature-box-img\"><img loading=\"lazy\" decoding=\"async\" width=\"2034\" height=\"677\" src=\"https:\/\/frocase.com\/wp-content\/uploads\/2025\/03\/curtain.png\" class=\"attachment-full size-full\" alt=\"\" srcset=\"https:\/\/frocase.com\/wp-content\/uploads\/2025\/03\/curtain.png 2034w, https:\/\/frocase.com\/wp-content\/uploads\/2025\/03\/curtain-768x256.png 768w, https:\/\/frocase.com\/wp-content\/uploads\/2025\/03\/curtain-1536x511.png 1536w, https:\/\/frocase.com\/wp-content\/uploads\/2025\/03\/curtain-1200x399.png 1200w\" sizes=\"(max-width: 2034px) 100vw, 2034px\" \/><\/figure><h3 class=\"feature-box-title\">Plandeka<\/h3><div class=\"fbox-content\">Towar na paletach<\/div>\t\t\t\t<div class=\"cea-button-wrapper\">\n\t\t\t\t\t<a href=\"https:\/\/frocase.com\/curtain-side-transport\/\" class=\"cea-button-link elementor-button cea-button elementor-size-sm elementor-animation-shrink\">\n\t\t\t\t\t\t\t\t<span class=\"cea-button-content-wrapper\">\n\t\t\t\t\t\t<span class=\"cea-button-icon cea-align-icon-\">\n\t\t\t\t\t\t\t<\/span>\n\t\t\t\t\t\t<span class=\"cea-button-text\">Czytaj wi\u0119cej<\/span>\n\t\t<\/span>\n\t\t\t\t\t\t\t<\/a>\n\t\t\t\t<\/div>\n\t\t\t\t<\/div>\t\t<\/div>\n\t\t\t\t<\/div>\n\t\t\t\t<div class=\"elementor-element elementor-element-72f1a95 cea-view-default elementor-invisible elementor-widget elementor-widget-ceafeaturebox\" data-id=\"72f1a95\" data-element_type=\"widget\" data-settings=\"{&quot;_animation&quot;:&quot;zoomIn&quot;}\" data-widget_type=\"ceafeaturebox.default\">\n\t\t\t\t<div class=\"elementor-widget-container feature-box-wrapper feature-box-default\">\n\t\t\t<div class=\"feature-box-inner\"><figure class=\"cea-feature-box-img\"><img loading=\"lazy\" decoding=\"async\" width=\"2067\" height=\"649\" src=\"https:\/\/frocase.com\/wp-content\/uploads\/2025\/03\/tanker-1.png\" class=\"attachment-full size-full\" alt=\"\" srcset=\"https:\/\/frocase.com\/wp-content\/uploads\/2025\/03\/tanker-1.png 2067w, https:\/\/frocase.com\/wp-content\/uploads\/2025\/03\/tanker-1-768x241.png 768w, https:\/\/frocase.com\/wp-content\/uploads\/2025\/03\/tanker-1-1536x482.png 1536w, https:\/\/frocase.com\/wp-content\/uploads\/2025\/03\/tanker-1-2048x643.png 2048w, https:\/\/frocase.com\/wp-content\/uploads\/2025\/03\/tanker-1-1200x377.png 1200w\" sizes=\"(max-width: 2067px) 100vw, 2067px\" \/><\/figure><h3 class=\"feature-box-title\">Cysterna<\/h3><div class=\"fbox-content\">Komponenty p\u0142ynne<\/div>\t\t\t\t<div class=\"cea-button-wrapper\">\n\t\t\t\t\t<a href=\"https:\/\/frocase.com\/tanker-transport\/\" class=\"cea-button-link elementor-button cea-button elementor-size-sm elementor-animation-shrink\">\n\t\t\t\t\t\t\t\t<span class=\"cea-button-content-wrapper\">\n\t\t\t\t\t\t<span class=\"cea-button-icon cea-align-icon-\">\n\t\t\t\t\t\t\t<\/span>\n\t\t\t\t\t\t<span class=\"cea-button-text\">Czytaj wi\u0119cej<\/span>\n\t\t<\/span>\n\t\t\t\t\t\t\t<\/a>\n\t\t\t\t<\/div>\n\t\t\t\t<\/div>\t\t<\/div>\n\t\t\t\t<\/div>\n\t\t\t\t<div class=\"elementor-element elementor-element-bf9f891 cea-view-default elementor-invisible elementor-widget elementor-widget-ceafeaturebox\" data-id=\"bf9f891\" data-element_type=\"widget\" data-settings=\"{&quot;_animation&quot;:&quot;zoomIn&quot;}\" data-widget_type=\"ceafeaturebox.default\">\n\t\t\t\t<div class=\"elementor-widget-container feature-box-wrapper feature-box-default\">\n\t\t\t<div class=\"feature-box-inner\"><figure class=\"cea-feature-box-img\"><img loading=\"lazy\" decoding=\"async\" width=\"2155\" height=\"676\" src=\"https:\/\/frocase.com\/wp-content\/uploads\/2025\/03\/containers.png\" class=\"attachment-full size-full\" alt=\"\" srcset=\"https:\/\/frocase.com\/wp-content\/uploads\/2025\/03\/containers.png 2155w, https:\/\/frocase.com\/wp-content\/uploads\/2025\/03\/containers-768x241.png 768w, https:\/\/frocase.com\/wp-content\/uploads\/2025\/03\/containers-1536x482.png 1536w, https:\/\/frocase.com\/wp-content\/uploads\/2025\/03\/containers-2048x642.png 2048w, https:\/\/frocase.com\/wp-content\/uploads\/2025\/03\/containers-1200x376.png 1200w\" sizes=\"(max-width: 2155px) 100vw, 2155px\" \/><\/figure><h3 class=\"feature-box-title\">Kontenery<\/h3><div class=\"fbox-content\">Kontenery transportowe<\/div>\t\t\t\t<div class=\"cea-button-wrapper\">\n\t\t\t\t\t<a href=\"https:\/\/frocase.com\/container-transport\/\" class=\"cea-button-link elementor-button cea-button elementor-size-sm elementor-animation-shrink\">\n\t\t\t\t\t\t\t\t<span class=\"cea-button-content-wrapper\">\n\t\t\t\t\t\t<span class=\"cea-button-icon cea-align-icon-\">\n\t\t\t\t\t\t\t<\/span>\n\t\t\t\t\t\t<span class=\"cea-button-text\">Czytaj wi\u0119cej<\/span>\n\t\t<\/span>\n\t\t\t\t\t\t\t<\/a>\n\t\t\t\t<\/div>\n\t\t\t\t<\/div>\t\t<\/div>\n\t\t\t\t<\/div>\n\t\t\t\t\t<\/div>\n\t\t\t\t<\/div>\n\t\t\t\t<\/div>\n\t\t","protected":false},"excerpt":{"rendered":"<p>Transport Drogowy Transport Drogowy Niezawodny transport krajowy i mi\u0119dzynarodowy z terminow\u0105 dostaw\u0105 i konkurencyjnymi stawkami. Czytaj wi\u0119cej Magazynowanie oparte na technologii Magazynowanie oparte na technologii Zaawansowana technologicznie..<\/p>\n","protected":false},"author":2,"featured_media":0,"parent":0,"menu_order":0,"comment_status":"closed","ping_status":"closed","template":"","meta":{"footnotes":""},"class_list":["post-46856","page","type-page","status-publish","hentry"],"_links":{"self":[{"href":"https:\/\/frocase.com\/pl\/wp-json\/wp\/v2\/pages\/46856","targetHints":{"allow":["GET"]}}],"collection":[{"href":"https:\/\/frocase.com\/pl\/wp-json\/wp\/v2\/pages"}],"about":[{"href":"https:\/\/frocase.com\/pl\/wp-json\/wp\/v2\/types\/page"}],"author":[{"embeddable":true,"href":"https:\/\/frocase.com\/pl\/wp-json\/wp\/v2\/users\/2"}],"replies":[{"embeddable":true,"href":"https:\/\/frocase.com\/pl\/wp-json\/wp\/v2\/comments?post=46856"}],"version-history":[{"count":4,"href":"https:\/\/frocase.com\/pl\/wp-json\/wp\/v2\/pages\/46856\/revisions"}],"predecessor-version":[{"id":47213,"href":"https:\/\/frocase.com\/pl\/wp-json\/wp\/v2\/pages\/46856\/revisions\/47213"}],"wp:attachment":[{"href":"https:\/\/frocase.com\/pl\/wp-json\/wp\/v2\/media?parent=46856"}],"curies":[{"name":"wp","href":"https:\/\/api.w.org\/{rel}","templated":true}]}}