{"id":46858,"date":"2024-07-22T06:41:00","date_gmt":"2024-07-22T06:41:00","guid":{"rendered":"https:\/\/frocase.com\/kalkulator-kosztow\/"},"modified":"2025-06-13T17:42:48","modified_gmt":"2025-06-13T17:42:48","slug":"kalkulator-kosztow","status":"publish","type":"page","link":"https:\/\/frocase.com\/pl\/kalkulator-kosztow\/","title":{"rendered":"Kalkulator koszt\u00f3w"},"content":{"rendered":"\t\t<div data-elementor-type=\"wp-page\" data-elementor-id=\"46858\" class=\"elementor elementor-46858 elementor-44021\">\n\t\t\t\t\t\t<section class=\"elementor-section elementor-top-section elementor-element elementor-element-3d4fc611 elementor-section-stretched elementor-section-content-middle elementor-section-boxed elementor-section-height-default elementor-section-height-default\" data-id=\"3d4fc611\" data-element_type=\"section\" data-settings=\"{&quot;stretch_section&quot;:&quot;section-stretched&quot;,&quot;background_background&quot;:&quot;classic&quot;}\">\n\t\t\t\t\t\t\t<div class=\"elementor-background-overlay\"><\/div>\n\t\t\t\t\t\t\t<div class=\"elementor-container elementor-column-gap-wide\">\n\t\t\t\t\t<div class=\"elementor-column elementor-col-100 elementor-top-column elementor-element elementor-element-3cfdec30\" data-id=\"3cfdec30\" data-element_type=\"column\">\n\t\t\t<div class=\"elementor-widget-wrap elementor-element-populated\">\n\t\t\t\t\t\t<section class=\"elementor-section elementor-inner-section elementor-element elementor-element-5f8ec842 elementor-section-boxed elementor-section-height-default elementor-section-height-default\" data-id=\"5f8ec842\" data-element_type=\"section\">\n\t\t\t\t\t\t<div class=\"elementor-container elementor-column-gap-default\">\n\t\t\t\t\t<div class=\"elementor-column elementor-col-33 elementor-inner-column elementor-element elementor-element-2d37476f\" data-id=\"2d37476f\" data-element_type=\"column\">\n\t\t\t<div class=\"elementor-widget-wrap\">\n\t\t\t\t\t\t\t<\/div>\n\t\t<\/div>\n\t\t\t\t<div class=\"elementor-column elementor-col-33 elementor-inner-column elementor-element elementor-element-59ef1270\" data-id=\"59ef1270\" data-element_type=\"column\">\n\t\t\t<div class=\"elementor-widget-wrap elementor-element-populated\">\n\t\t\t\t\t\t<div class=\"elementor-element elementor-element-c528a5 cea-align-center cea-separator-type-normal elementor-invisible elementor-widget elementor-widget-ceasectiontitle\" data-id=\"c528a5\" data-element_type=\"widget\" data-settings=\"{&quot;_animation&quot;:&quot;fadeInUp&quot;}\" data-widget_type=\"ceasectiontitle.default\">\n\t\t\t\t<div class=\"elementor-widget-container\">\n\t\t\t\t\t<div class=\"section-title-wrapper\"><div class=\"title-wrap\"><div class=\"sub-title\"><span class=\"subtitle-dots\">Kalkulator koszt\u00f3w<\/span><\/div><h2 class=\"section-title\">Transport Drogowy<\/h2><div class=\"elementor-divider\"><span class=\"elementor-divider-separator\"><\/span><\/div><\/div><!-- .title-wrap --><div class=\"section-description\"><\/div><!-- .section-description --><\/div><!-- .section-title-wrapper -->\t\t\t\t<\/div>\n\t\t\t\t<\/div>\n\t\t\t\t\t<\/div>\n\t\t<\/div>\n\t\t\t\t<div class=\"elementor-column elementor-col-33 elementor-inner-column elementor-element elementor-element-43313ea8\" data-id=\"43313ea8\" data-element_type=\"column\">\n\t\t\t<div class=\"elementor-widget-wrap\">\n\t\t\t\t\t\t\t<\/div>\n\t\t<\/div>\n\t\t\t\t\t<\/div>\n\t\t<\/section>\n\t\t\t\t<section class=\"elementor-section elementor-inner-section elementor-element elementor-element-56bad863 elementor-section-boxed elementor-section-height-default elementor-section-height-default\" data-id=\"56bad863\" data-element_type=\"section\">\n\t\t\t\t\t\t<div class=\"elementor-container elementor-column-gap-default\">\n\t\t\t\t\t<div class=\"elementor-column elementor-col-100 elementor-inner-column elementor-element elementor-element-62a4dfc9\" data-id=\"62a4dfc9\" data-element_type=\"column\">\n\t\t\t<div class=\"elementor-widget-wrap elementor-element-populated\">\n\t\t\t\t\t\t<div class=\"elementor-element elementor-element-9cd1dfb cus-cc-form elementor-widget elementor-widget-shortcode\" data-id=\"9cd1dfb\" data-element_type=\"widget\" data-widget_type=\"shortcode.default\">\n\t\t\t\t<div class=\"elementor-widget-container\">\n\t\t\t\t\t\t\t<div class=\"elementor-shortcode\"><div class=\"btQuoteBooking  btQuoteBookingWithColor c69e16cd3df394\"  data-admin_email=\"office@frocase.com\" data-cf7_id=\"\" data-email_client=\"yes\" data-email_gdpr=\"yes\" data-email_gdpr_text=\"\" data-email_gdpr_not_text=\"\" data-email_rtl=\"\" data-currency=\"\u20ac\" data-currency_after=\"\" data-currency_space=\"yes\" data-url_confirmation=\"\" data-url_ajax=\"https:\/\/frocase.com\/wp-admin\/admin-ajax.php\" data-subject=\"This is email\" data-email_header=\"\" data-email_footer=\"\" data-date_text=\"Preferred Service Date\" data-time_text=\"Preferred Service Time\" data-message_please_wait=\"Please wait...\" data-message_success=\"Thank you, we will contact you soon!\" data-message_error=\"Error! Please try again later.\" data-message_mandatory=\"Please fill out all required fields.\" data-rec_secret_key=\"6LeCTjcrAAAAAGZemRvHIeqBcrtxlt\" data-total_text=\"Total\" data-total_format=\"currency_1\" data-total_decimals=\"2\" data-date_format=\"mm\/dd\/yy\" data-bt_cc_nonce=\"b3c88ec0ff\" data-hide_total=\"\"><div class=\"btQuoteBookingWrap\"><div class=\"btQuoteBookingForm btActive\"><div class=\"btQuoteMBlock\"><div class=\"btQuoteItem \" id=\"btQuoteItem69e16cd3df49b\" ><label>Vehicle Type<\/label>\n\t\t<div class=\"btQuoteItemInput\"><div id=\"69e16cd3df7b6W644\" class=\"btQuoteSelect btContactField btDropDown btQuoteElement\" data-condition=\"\" data-initial-value=\"1\"><\/div><\/div><\/div><div class=\"btQuoteItem \" id=\"btQuoteItem69e16cd3df849\" ><label>Distance (km)<\/label>\n\t\t<div class=\"btQuoteItemInput\"><div class=\"btQuoteSlider btQuoteElement\" data-value=\"100\"  data-initial-value=\"100\" data-min=\"0\" data-max=\"9999\" data-step=\"1\" data-price=\"1\" data-offset=\"0\" data-condition=\"\"><\/div><span class=\"btQuoteSliderValue\">100<\/span><\/div><\/div><div class=\"btQuoteItem \" id=\"btQuoteItem69e16cd3df8a5\" ><label>Type of Load<\/label>\n\t\t<div class=\"btQuoteItemInput\"><div id=\"69e16cd3df8bdW709\" class=\"btQuoteSelect btContactField btDropDown btQuoteElement\" data-condition=\"\" data-initial-value=\"1\"><\/div><\/div><\/div><\/div><div class=\"btQuoteItem \" id=\"btQuoteItem69e16cd3df92f\" ><label>Pallets Exchange \/ Multi Temperature \/ Doppelstock<\/label>\n\t\t<div class=\"btQuoteItemInput\"><div class=\"btQuoteSwitch btQuoteElement\" data-off=\"0\" data-on=\"120\" data-condition=\"\" data-initial-value=\"\"><div class=\"btQuoteSwitchInner\"><\/div><\/div><\/div><\/div><div class=\"btQuoteItem \" id=\"btQuoteItem69e16cd3df975\" ><label>Hazardous<\/label>\n\t\t<div class=\"btQuoteItemInput\"><div class=\"btQuoteSwitch btQuoteElement\" data-off=\"0\" data-on=\"350\" data-condition=\"\" data-initial-value=\"\"><div class=\"btQuoteSwitchInner\"><\/div><\/div><\/div><\/div><div class=\"btTotalNextWrapper\"><div class=\"btQuoteTotal\"><span class=\"btQuoteTotalText\">Total<\/span><span class=\"btQuoteTotalCurrency\">\u20ac&nbsp;<\/span><span class=\"btQuoteTotalCalc\"><\/span><\/div><div class=\"boldBtn btnAccent btnSmall btnIco\"><button type=\"submit\" class=\"btContactNext\">Next<\/button><\/div><\/div><\/div><div class=\"btTotalQuoteContactGroup\"><div class=\"btQuoteContact\"><form action=\"#\"><div class=\"btQuoteItem btContactFieldMandatory\"><input type=\"text\" class=\"btContactName btContactField\" placeholder=\"Name\" autocomplete=\"name\"><\/div><div class=\"btQuoteItem btContactFieldMandatory\"><input type=\"email\" class=\"btContactEmail btContactField\" placeholder=\"Email\" autocomplete=\"email\"><\/div><div class=\"btQuoteItem\"><input type=\"text\" class=\"btContactPhone btContactField\" placeholder=\"Phone\" autocomplete=\"tel\"><\/div><div class=\"btQuoteItem\"><input type=\"text\" class=\"btContactAddress btContactField\" placeholder=\"Address\"><\/div><div class=\"btQuoteItem btContactFieldMandatory\"><input type=\"text\" class=\"btContactDate btContactField\" id=\"date1593876015\" placeholder=\"Preferred Service Date\"><\/div><div class=\"btQuoteItem btContactFieldMandatory\"><div class=\"btContactTime btContactField btDropDown\" data-time-start=\"00:00\" data-time-end=\"23:00\" data-time-format=\"24\" data-time-text=\"Preferred Service Time\"><\/div><\/div><div class=\"btQuoteItem btQuoteItemFullWidth\"><textarea class=\"btContactMessage btContactField\" placeholder=\"Message\"><\/textarea><\/div><div class=\"bt_cc_email_confirmation_container\"><input id=\"69e16cd3df9bb\" class=\"bt_cc_email_confirmation\" type=\"checkbox\" value=\"yes\"><label for=\"69e16cd3df9bb\">Email me quote!<\/label><\/div><div id=69e16cd3df9be class=\"g-rec\" data-sk=\"6LeCTjcrAAAAAITwbbbI0_YnFGCL3k4b5wZAfBE4\"><\/div><div class=\"boldBtn btnAccent btnSmall btnIco\"><button type=\"submit\" class=\"btContactSubmit\">Submit<\/button><\/div><div class=\"btSubmitMessage\"><\/div><\/form><\/div><!-- btQuoteContact --><\/div><\/div><\/div><\/div>\n\t\t\t\t\t\t<\/div>\n\t\t\t\t<\/div>\n\t\t\t\t<div class=\"elementor-element elementor-element-507d04e elementor-widget elementor-widget-html\" data-id=\"507d04e\" data-element_type=\"widget\" data-widget_type=\"html.default\">\n\t\t\t\t<div class=\"elementor-widget-container\">\n\t\t\t\t\t<script>document.addEventListener('DOMContentLoaded', function () {\r\n  function toggleTimeFields(type) {\r\n    const selected = document.querySelector(`input[name=\"${type}-time-option\"]:checked`)?.value;\r\n    const isFixed = selected === \"Fixed time\";\r\n    document.querySelector(`.${type}-time-fixed`)?.style.setProperty(\"display\", isFixed ? \"block\" : \"none\");\r\n    document.querySelector(`.${type}-time-range`)?.style.setProperty(\"display\", isFixed ? \"none\" : \"block\");\r\n  }\r\n\r\n  ['pickup', 'delivery'].forEach(type => {\r\n    document.querySelectorAll(`input[name=\"${type}-time-option\"]`).forEach(el =>el.addEventListener('change', () => toggleTimeFields(type))\r\n    );\r\n    toggleTimeFields(type); \/\/ Initial run\r\n  });\r\n});\r\n<\/script>\t\t\t\t<\/div>\n\t\t\t\t<\/div>\n\t\t\t\t<div class=\"elementor-element elementor-element-4164d9b elementor-widget elementor-widget-html\" data-id=\"4164d9b\" data-element_type=\"widget\" data-widget_type=\"html.default\">\n\t\t\t\t<div class=\"elementor-widget-container\">\n\t\t\t\t\t* Wy\u015bwietlana cena jest jedynie szacunkowa. Zawsze staramy si\u0119 oferowa\u0107 najbardziej konkurencyjne stawki, kt\u00f3re mog\u0105 si\u0119 r\u00f3\u017cni\u0107 w zale\u017cno\u015bci od warunk\u00f3w transportu, pilno\u015bci i tego, czy mo\u017cemy po\u0142\u0105czy\u0107 Tw\u00f3j \u0142adunek z innymi. \t\t\t\t<\/div>\n\t\t\t\t<\/div>\n\t\t\t\t\t<\/div>\n\t\t<\/div>\n\t\t\t\t\t<\/div>\n\t\t<\/section>\n\t\t\t\t\t<\/div>\n\t\t<\/div>\n\t\t\t\t\t<\/div>\n\t\t<\/section>\n\t\t\t\t<section data-cea-float=\"[{&quot;float_title&quot;:&quot;Floating Image&quot;,&quot;float_img&quot;:&quot;https:\\\/\\\/wordpress.zozothemes.com\\\/tranzkart\\\/wp-content\\\/uploads\\\/sites\\\/7\\\/2023\\\/05\\\/circle-road-rotate.png&quot;,&quot;float_left&quot;:&quot;-19&quot;,&quot;float_top&quot;:&quot;-3&quot;,&quot;float_distance&quot;:&quot;100&quot;,&quot;float_animation&quot;:&quot;2&quot;,&quot;float_mouse&quot;:&quot;0&quot;,&quot;float_width&quot;:&quot;600px&quot;}]\" class=\"elementor-section elementor-top-section elementor-element elementor-element-7aa70bf1 elementor-section-stretched elementor-section-content-middle elementor-section-full_width elementor-section-height-default elementor-section-height-default\" data-id=\"7aa70bf1\" data-element_type=\"section\" data-settings=\"{&quot;stretch_section&quot;:&quot;section-stretched&quot;,&quot;background_background&quot;:&quot;classic&quot;}\">\n\t\t\t\t\t\t\t<div class=\"elementor-background-overlay\"><\/div>\n\t\t\t\t\t\t\t<div class=\"elementor-container elementor-column-gap-wide\">\n\t\t\t\t\t<div class=\"elementor-column elementor-col-33 elementor-top-column elementor-element elementor-element-3edd4d63\" data-id=\"3edd4d63\" data-element_type=\"column\" data-settings=\"{&quot;background_background&quot;:&quot;classic&quot;}\">\n\t\t\t<div class=\"elementor-widget-wrap elementor-element-populated\">\n\t\t\t\t\t\t<div class=\"elementor-element elementor-element-7425917e elementor-widget elementor-widget-image\" data-id=\"7425917e\" data-element_type=\"widget\" data-widget_type=\"image.default\">\n\t\t\t\t<div class=\"elementor-widget-container\">\n\t\t\t\t\t\t\t\t\t\t\t\t\t\t\t<img fetchpriority=\"high\" decoding=\"async\" width=\"499\" height=\"656\" src=\"https:\/\/frocase.com\/wp-content\/uploads\/2023\/05\/truck-and-flight-1.png\" class=\"attachment-full size-full wp-image-44758\" alt=\"\" \/>\t\t\t\t\t\t\t\t\t\t\t\t\t\t\t<\/div>\n\t\t\t\t<\/div>\n\t\t\t\t\t<\/div>\n\t\t<\/div>\n\t\t\t\t<div class=\"elementor-column elementor-col-33 elementor-top-column elementor-element elementor-element-12e91620\" data-id=\"12e91620\" data-element_type=\"column\" data-settings=\"{&quot;background_background&quot;:&quot;classic&quot;}\">\n\t\t\t<div class=\"elementor-widget-wrap elementor-element-populated\">\n\t\t\t\t\t<div class=\"elementor-background-overlay\"><\/div>\n\t\t\t\t\t\t<div class=\"elementor-element elementor-element-1657c5d4 theme-separator cea-align-center cea-separator-type-normal elementor-invisible elementor-widget elementor-widget-ceasectiontitle\" data-id=\"1657c5d4\" data-element_type=\"widget\" data-settings=\"{&quot;_animation&quot;:&quot;fadeInUp&quot;}\" data-widget_type=\"ceasectiontitle.default\">\n\t\t\t\t<div class=\"elementor-widget-container\">\n\t\t\t\t\t<div class=\"section-title-wrapper\"><div class=\"title-wrap\"><h6 class=\"sub-title\"><span class=\"subtitle-dots\">DLACZEGO JESTE\u015aMY NAJLEPSI<\/span><\/h6><h2 class=\"section-title\">Kilka powod\u00f3w, dla kt\u00f3rych warto nas wybra\u0107<\/h2><div class=\"elementor-divider\"><span class=\"elementor-divider-separator\"><\/span><\/div><\/div><!-- .title-wrap --><div class=\"section-description\"><\/div><!-- .section-description --><\/div><!-- .section-title-wrapper -->\t\t\t\t<\/div>\n\t\t\t\t<\/div>\n\t\t\t\t<section class=\"elementor-section elementor-inner-section elementor-element elementor-element-5d00eb45 elementor-section-boxed elementor-section-height-default elementor-section-height-default\" data-id=\"5d00eb45\" data-element_type=\"section\">\n\t\t\t\t\t\t\t<div class=\"elementor-background-overlay\"><\/div>\n\t\t\t\t\t\t\t<div class=\"elementor-container elementor-column-gap-default\">\n\t\t\t\t\t<div class=\"elementor-column elementor-col-33 elementor-inner-column elementor-element elementor-element-50389f05\" data-id=\"50389f05\" data-element_type=\"column\">\n\t\t\t<div class=\"elementor-widget-wrap elementor-element-populated\">\n\t\t\t\t\t\t<div class=\"elementor-element elementor-element-7b1cc7e3 cea-view-stacked cea-shape-circle elementor-invisible elementor-widget elementor-widget-ceafeaturebox\" data-id=\"7b1cc7e3\" data-element_type=\"widget\" data-settings=\"{&quot;_animation&quot;:&quot;fadeInUp&quot;}\" data-widget_type=\"ceafeaturebox.default\">\n\t\t\t\t<div class=\"elementor-widget-container feature-box-wrapper feature-box-default\">\n\t\t\t<div class=\"feature-box-inner\"><div class=\"cea-featured-icon\"><i aria-hidden=\"true\" class=\" bi-cart-check-fill\"><\/i><\/div><h4 class=\"feature-box-title\">Dostawa na czas<\/h4><div class=\"fbox-content\">Zapewniamy szybkie, punktualne i niezawodne dostawy, aby Twoja firma dzia\u0142a\u0142a sprawnie. Dzi\u0119ki naszej precyzji i zaanga\u017cowaniu mo\u017cesz nam zaufa\u0107. <\/div><\/div>\t\t<\/div>\n\t\t\t\t<\/div>\n\t\t\t\t\t<\/div>\n\t\t<\/div>\n\t\t\t\t<div class=\"elementor-column elementor-col-33 elementor-inner-column elementor-element elementor-element-3ceac496\" data-id=\"3ceac496\" data-element_type=\"column\">\n\t\t\t<div class=\"elementor-widget-wrap elementor-element-populated\">\n\t\t\t\t\t\t<div class=\"elementor-element elementor-element-17957671 cea-view-stacked cea-shape-circle elementor-invisible elementor-widget elementor-widget-ceafeaturebox\" data-id=\"17957671\" data-element_type=\"widget\" data-settings=\"{&quot;_animation&quot;:&quot;fadeInUp&quot;}\" data-widget_type=\"ceafeaturebox.default\">\n\t\t\t\t<div class=\"elementor-widget-container feature-box-wrapper feature-box-default\">\n\t\t\t<div class=\"feature-box-inner\"><div class=\"cea-featured-icon\"><i aria-hidden=\"true\" class=\" bi-geo-alt-fill\"><\/i><\/div><h4 class=\"feature-box-title\">\u015aledzenie w czasie rzeczywistym<\/h4><div class=\"fbox-content\">Dzi\u0119ki technologii monitorowania w czasie rzeczywistym masz pe\u0142n\u0105 przejrzysto\u015b\u0107 i spok\u00f3j ducha, wiedz\u0105c, \u017ce wszystko jest pod kontrol\u0105 - zawsze i wsz\u0119dzie!<\/div><\/div>\t\t<\/div>\n\t\t\t\t<\/div>\n\t\t\t\t\t<\/div>\n\t\t<\/div>\n\t\t\t\t<div class=\"elementor-column elementor-col-33 elementor-inner-column elementor-element elementor-element-6512c54f\" data-id=\"6512c54f\" data-element_type=\"column\">\n\t\t\t<div class=\"elementor-widget-wrap elementor-element-populated\">\n\t\t\t\t\t\t<div class=\"elementor-element elementor-element-3b81d2f cea-view-stacked cea-shape-circle elementor-invisible elementor-widget elementor-widget-ceafeaturebox\" data-id=\"3b81d2f\" data-element_type=\"widget\" data-settings=\"{&quot;_animation&quot;:&quot;fadeInUp&quot;}\" data-widget_type=\"ceafeaturebox.default\">\n\t\t\t\t<div class=\"elementor-widget-container feature-box-wrapper feature-box-default\">\n\t\t\t<div class=\"feature-box-inner\"><div class=\"cea-featured-icon\"><i aria-hidden=\"true\" class=\" bi-headset\"><\/i><\/div><h4 class=\"feature-box-title\">Wsparcie online 24\/7<\/h4><div class=\"fbox-content\">Nasz zesp\u00f3\u0142 jest dost\u0119pny przez ca\u0142\u0105 dob\u0119, aby pom\u00f3c w ka\u017cdej sytuacji. Bez wzgl\u0119du na por\u0119, mo\u017cesz na nas liczy\u0107 - szybko, profesjonalnie i skutecznie! <\/div><\/div>\t\t<\/div>\n\t\t\t\t<\/div>\n\t\t\t\t\t<\/div>\n\t\t<\/div>\n\t\t\t\t\t<\/div>\n\t\t<\/section>\n\t\t\t\t\t<\/div>\n\t\t<\/div>\n\t\t\t\t<div class=\"elementor-column elementor-col-33 elementor-top-column elementor-element elementor-element-13634017\" data-id=\"13634017\" data-element_type=\"column\" data-settings=\"{&quot;background_background&quot;:&quot;classic&quot;}\">\n\t\t\t<div class=\"elementor-widget-wrap\">\n\t\t\t\t\t\t\t<\/div>\n\t\t<\/div>\n\t\t\t\t\t<\/div>\n\t\t<\/section>\n\t\t\t\t<section class=\"elementor-section elementor-top-section elementor-element elementor-element-7339d861 elementor-section-full_width elementor-section-stretched elementor-hidden-tablet elementor-hidden-mobile elementor-section-height-default elementor-section-height-default\" data-id=\"7339d861\" data-element_type=\"section\" data-settings=\"{&quot;stretch_section&quot;:&quot;section-stretched&quot;,&quot;background_background&quot;:&quot;classic&quot;}\">\n\t\t\t\t\t\t<div class=\"elementor-container elementor-column-gap-wide\">\n\t\t\t\t\t<div class=\"elementor-column elementor-col-33 elementor-top-column elementor-element elementor-element-338cdac7\" data-id=\"338cdac7\" data-element_type=\"column\">\n\t\t\t<div class=\"elementor-widget-wrap\">\n\t\t\t\t\t\t\t<\/div>\n\t\t<\/div>\n\t\t\t\t<div class=\"elementor-column elementor-col-33 elementor-top-column elementor-element elementor-element-3af2be9f\" data-id=\"3af2be9f\" data-element_type=\"column\">\n\t\t\t<div class=\"elementor-widget-wrap\">\n\t\t\t\t\t\t\t<\/div>\n\t\t<\/div>\n\t\t\t\t<div class=\"elementor-column elementor-col-33 elementor-top-column elementor-element elementor-element-4d964f08\" data-id=\"4d964f08\" data-element_type=\"column\" data-settings=\"{&quot;background_background&quot;:&quot;classic&quot;}\">\n\t\t\t<div class=\"elementor-widget-wrap\">\n\t\t\t\t\t\t\t<\/div>\n\t\t<\/div>\n\t\t\t\t\t<\/div>\n\t\t<\/section>\n\t\t\t\t<\/div>\n\t\t","protected":false},"excerpt":{"rendered":"<p>Kalkulator koszt\u00f3w Transport Drogowy * Wy\u015bwietlana cena jest jedynie szacunkowa. Zawsze staramy si\u0119 oferowa\u0107 najbardziej konkurencyjne stawki, kt\u00f3re mog\u0105 si\u0119 r\u00f3\u017cni\u0107 w zale\u017cno\u015bci od warunk\u00f3w transportu, pilno\u015bci..<\/p>\n","protected":false},"author":2,"featured_media":0,"parent":0,"menu_order":0,"comment_status":"closed","ping_status":"closed","template":"","meta":{"footnotes":""},"class_list":["post-46858","page","type-page","status-publish","hentry"],"_links":{"self":[{"href":"https:\/\/frocase.com\/pl\/wp-json\/wp\/v2\/pages\/46858","targetHints":{"allow":["GET"]}}],"collection":[{"href":"https:\/\/frocase.com\/pl\/wp-json\/wp\/v2\/pages"}],"about":[{"href":"https:\/\/frocase.com\/pl\/wp-json\/wp\/v2\/types\/page"}],"author":[{"embeddable":true,"href":"https:\/\/frocase.com\/pl\/wp-json\/wp\/v2\/users\/2"}],"replies":[{"embeddable":true,"href":"https:\/\/frocase.com\/pl\/wp-json\/wp\/v2\/comments?post=46858"}],"version-history":[{"count":5,"href":"https:\/\/frocase.com\/pl\/wp-json\/wp\/v2\/pages\/46858\/revisions"}],"predecessor-version":[{"id":47215,"href":"https:\/\/frocase.com\/pl\/wp-json\/wp\/v2\/pages\/46858\/revisions\/47215"}],"wp:attachment":[{"href":"https:\/\/frocase.com\/pl\/wp-json\/wp\/v2\/media?parent=46858"}],"curies":[{"name":"wp","href":"https:\/\/api.w.org\/{rel}","templated":true}]}}