{"id":46860,"date":"2025-05-27T13:50:22","date_gmt":"2025-05-27T13:50:22","guid":{"rendered":"https:\/\/frocase.com\/polityka-prywatnosci\/"},"modified":"2025-10-05T17:23:59","modified_gmt":"2025-10-05T17:23:59","slug":"polityka-prywatnosci","status":"publish","type":"page","link":"https:\/\/frocase.com\/pl\/polityka-prywatnosci\/","title":{"rendered":"Polityka prywatno\u015bci"},"content":{"rendered":"\t\t<div data-elementor-type=\"wp-page\" data-elementor-id=\"46860\" class=\"elementor elementor-46860 elementor-46692\">\n\t\t\t\t<div class=\"elementor-element elementor-element-3bfb607 e-flex e-con-boxed e-con e-parent\" data-id=\"3bfb607\" data-element_type=\"container\">\n\t\t\t\t\t<div class=\"e-con-inner\">\n\t\t\t\t<div class=\"elementor-element elementor-element-87e9028 cea-align-center cea-separator-type-normal elementor-invisible elementor-widget elementor-widget-ceasectiontitle\" data-id=\"87e9028\" data-element_type=\"widget\" data-settings=\"{&quot;_animation&quot;:&quot;fadeInUp&quot;}\" data-widget_type=\"ceasectiontitle.default\">\n\t\t\t\t<div class=\"elementor-widget-container\">\n\t\t\t\t\t<div class=\"section-title-wrapper\"><div class=\"title-wrap\"><div class=\"sub-title\"><span class=\"subtitle-dots\">Polityka prywatno\u015bci<\/span><\/div><h2 class=\"section-title\">Jak zarz\u0105dzamy danymi u\u017cytkownik\u00f3w<\/h2><div class=\"elementor-divider\"><span class=\"elementor-divider-separator\"><\/span><\/div><\/div><!-- .title-wrap --><div class=\"section-description\"><\/div><!-- .section-description --><\/div><!-- .section-title-wrapper -->\t\t\t\t<\/div>\n\t\t\t\t<\/div>\n\t\t\t\t\t<\/div>\n\t\t\t\t<\/div>\n\t\t<div class=\"elementor-element elementor-element-e31b011 e-flex e-con-boxed e-con e-parent\" data-id=\"e31b011\" data-element_type=\"container\">\n\t\t\t\t\t<div class=\"e-con-inner\">\n\t\t\t\t<div class=\"elementor-element elementor-element-21cbf6f elementor-widget elementor-widget-text-editor\" data-id=\"21cbf6f\" data-element_type=\"widget\" data-widget_type=\"text-editor.default\">\n\t\t\t\t<div class=\"elementor-widget-container\">\n\t\t\t\t\t\t\t\t\t<p data-start=\"268\" data-end=\"341\"><strong data-start=\"268\" data-end=\"286\">POLITYKA PRYWATNO\u015aCI<\/strong><br data-start=\"286\" data-end=\"289\"><strong data-start=\"289\" data-end=\"341\">Frocase Sp. z o.o. | Frocase Ltd | Frocase Group <\/strong><\/p><p data-start=\"343\" data-end=\"367\">Ostatnia aktualizacja: 27\/05\/2025<\/p><p data-start=\"369\" data-end=\"672\">Niniejsza Polityka prywatno\u015bci okre\u015bla, w jaki spos\u00f3b Frocase Group (dalej: \u201emy\u201d, \u201enas\u201d, \u201enasz\u201d) gromadzi, wykorzystuje, przechowuje, udost\u0119pnia i chroni dane osobowe u\u017cytkownika podczas korzystania z naszej strony internetowej <a class=\"\" href=\"https:\/\/frocase.com\/pl\/\" target=\"_new\" rel=\"noopener\" data-start=\"537\" data-end=\"579\">https:\/\/frocase.com,<\/a> kontaktowania si\u0119 z nami lub wsp\u00f3\u0142pracy z nami jako klient, podwykonawca, kierowca lub inny partner biznesowy.<\/p><p data-start=\"674\" data-end=\"808\">Przetwarzamy dane zgodnie z brytyjskim og\u00f3lnym rozporz\u0105dzeniem o ochronie danych (RODO), RODO UE i ustaw\u0105 o ochronie danych z 2018 r.<\/p><hr data-start=\"810\" data-end=\"813\"><h3 data-start=\"815\" data-end=\"837\">1. Administrator danych<\/h3><p data-start=\"839\" data-end=\"874\">Dane u\u017cytkownika s\u0105 wsp\u00f3lnie kontrolowane przez:<\/p><p data-start=\"876\" data-end=\"1020\"><strong data-start=\"876\" data-end=\"896\">Frocase Ltd (UK)<\/strong><br data-start=\"896\" data-end=\"899\">Registered in England and Wales, Companies House No: 14502714<\/p><p data-start=\"876\" data-end=\"1020\">Registered office: 20 Basalt Lane, WS10 8WF, Wednesbury<br data-start=\"991\" data-end=\"994\">Email: <a class=\"cursor-pointer\" rel=\"noopener\" data-start=\"1001\" data-end=\"1020\">office@frocase.com<\/a><\/p><p data-start=\"1022\" data-end=\"1145\"><strong data-start=\"1022\" data-end=\"1049\">Frocase Sp. z o.o. (PL) <\/strong><br data-start=\"1049\" data-end=\"1052\">NIP: 5783174574, KRS: 0001142571<br data-start=\"1080\" data-end=\"1083\">Registered office: Dworki 2\/3, 82-335 Gronowo Elblaskie, Poland<br data-start=\"1119\" data-end=\"1122\">Email: <a class=\"cursor-pointer\" rel=\"noopener\" data-start=\"1001\" data-end=\"1020\">office@frocase.com<\/a><\/p><hr data-start=\"1147\" data-end=\"1150\"><h3 data-start=\"1152\" data-end=\"1191\">2. Podstawa prawna przetwarzania danych<\/h3><p data-start=\"1193\" data-end=\"1246\">Przetwarzamy dane u\u017cytkownika w oparciu o nast\u0119puj\u0105ce podstawy prawne:<\/p><ul data-start=\"1248\" data-end=\"1554\"><li data-start=\"1248\" data-end=\"1332\"><p data-start=\"1250\" data-end=\"1332\"><strong data-start=\"1250\" data-end=\"1261\">Zgoda<\/strong> - gdy u\u017cytkownik wyra\u017ca dobrowoln\u0105 zgod\u0119 (np. formularze kontaktowe, marketing).<\/p><\/li><li data-start=\"1333\" data-end=\"1404\"><p data-start=\"1335\" data-end=\"1404\"><strong data-start=\"1335\" data-end=\"1360\">Konieczno\u015b\u0107 umowna<\/strong> - w celu wykonania um\u00f3w transportowych\/ekspedycyjnych<\/p><\/li><li data-start=\"1405\" data-end=\"1474\"><p data-start=\"1407\" data-end=\"1474\"><strong data-start=\"1407\" data-end=\"1427\">Obowi\u0105zki prawne<\/strong> - np. podatkowe, celne, fakturowanie, prawo pracy<\/p><\/li><li data-start=\"1475\" data-end=\"1554\"><p data-start=\"1477\" data-end=\"1554\"><strong data-start=\"1477\" data-end=\"1501\">Uzasadnione interesy<\/strong> - np. telematyka, \u015bledzenie logistyki, obrona przed roszczeniami<\/p><\/li><\/ul><hr data-start=\"1556\" data-end=\"1559\"><h3 data-start=\"1561\" data-end=\"1595\">3. Cele przetwarzania danych<\/h3><p data-start=\"1597\" data-end=\"1626\">Mo\u017cemy przetwarza\u0107 dane u\u017cytkownika w nast\u0119puj\u0105cych celach<\/p><ul data-start=\"1628\" data-end=\"2081\"><li data-start=\"1628\" data-end=\"1727\"><p data-start=\"1630\" data-end=\"1727\">\u015awiadczenie mi\u0119dzynarodowych us\u0142ug transportowych i logistycznych (FTL, LTL, \u0142adunki o kontrolowanej temperaturze)<\/p><\/li><li data-start=\"1728\" data-end=\"1779\"><p data-start=\"1730\" data-end=\"1779\">Zarz\u0105dzanie relacjami z klientami i podwykonawcami<\/p><\/li><li data-start=\"1780\" data-end=\"1855\"><p data-start=\"1782\" data-end=\"1855\">Obs\u0142uga planowania tras i danych telematycznych (np. GPS, Webfleet, FireTMS)<\/p><\/li><li data-start=\"1856\" data-end=\"1905\"><p data-start=\"1858\" data-end=\"1905\">Kontakt i komunikacja (formularze, telefon, e-mail)<\/p><\/li><li data-start=\"1906\" data-end=\"1966\"><p data-start=\"1908\" data-end=\"1966\">Fakturowanie, deklaracje celne i zgodno\u015b\u0107 z przepisami ksi\u0119gowymi<\/p><\/li><li data-start=\"1967\" data-end=\"2025\"><p data-start=\"1969\" data-end=\"2025\">Cele zwi\u0105zane z zatrudnieniem i zasobami ludzkimi (dla kierowc\u00f3w lub pracownik\u00f3w biurowych)<\/p><\/li><li data-start=\"2026\" data-end=\"2081\"><p data-start=\"2028\" data-end=\"2081\">Informacje marketingowe i dotycz\u0105ce us\u0142ug (za zgod\u0105 u\u017cytkownika)<\/p><\/li><\/ul><hr data-start=\"2083\" data-end=\"2086\"><h3 data-start=\"2088\" data-end=\"2119\">4. Rodzaje przetwarzanych przez nas danych<\/h3><p data-start=\"2121\" data-end=\"2167\">Mo\u017cemy gromadzi\u0107 i przetwarza\u0107 nast\u0119puj\u0105ce dane:<\/p><ul data-start=\"2169\" data-end=\"2476\"><li data-start=\"2169\" data-end=\"2238\"><p data-start=\"2171\" data-end=\"2238\">Imi\u0119 i nazwisko, stanowisko, nazwa firmy, numery identyfikacji podatkowej (NIP\/VAT)<\/p><\/li><li data-start=\"2239\" data-end=\"2286\"><p data-start=\"2241\" data-end=\"2286\">Adres e-mail, numer telefonu, adres fizyczny<\/p><\/li><li data-start=\"2287\" data-end=\"2369\"><p data-start=\"2289\" data-end=\"2369\">Dane floty\/ci\u0119\u017car\u00f3wki\/kierowcy (identyfikator tachografu, licencja, pozycja GPS, dane dotycz\u0105ce temperatury)<\/p><\/li><li data-start=\"2370\" data-end=\"2402\"><p data-start=\"2372\" data-end=\"2402\">Informacje o p\u0142atno\u015bci lub fakturze<\/p><\/li><li data-start=\"2403\" data-end=\"2476\"><p data-start=\"2405\" data-end=\"2476\">Dane zwi\u0105zane z zatrudnieniem (kadry\/p\u0142ace dla kierowc\u00f3w zatrudnionych lub pracuj\u0105cych na podstawie umowy)<\/p><\/li><\/ul><hr data-start=\"2478\" data-end=\"2481\"><h3 data-start=\"2483\" data-end=\"2517\">5. Komu udost\u0119pniamy dane u\u017cytkownika<\/h3><p data-start=\"2519\" data-end=\"2548\">Dane u\u017cytkownika mog\u0105 by\u0107 udost\u0119pniane<\/p><ul data-start=\"2550\" data-end=\"2883\"><li data-start=\"2550\" data-end=\"2633\"><p data-start=\"2552\" data-end=\"2633\">Partnerzy w zakresie telematyki transportu (FireTMS, Webfleet, Inelo, Navifleet, DKV, Eurowag)<\/p><\/li><li data-start=\"2634\" data-end=\"2685\"><p data-start=\"2636\" data-end=\"2685\">Dostawcy us\u0142ug IT i CRM (Bitrix24, Google Workspace)<\/p><\/li><li data-start=\"2686\" data-end=\"2742\"><p data-start=\"2688\" data-end=\"2742\">Nasi ksi\u0119gowi, doradcy prawni i dostawcy us\u0142ug kadrowo-p\u0142acowych<\/p><\/li><li data-start=\"2743\" data-end=\"2807\"><p data-start=\"2745\" data-end=\"2807\">brytyjskie\/unijne organy podatkowe i celne (HMRC, KAS, ZUS, GITD itp.)<\/p><\/li><li data-start=\"2808\" data-end=\"2883\"><p data-start=\"2810\" data-end=\"2883\">Przewo\u017anicy podwykonawcy i partnerzy magazynowi (na zasadzie ograniczonego dost\u0119pu)<\/p><\/li><\/ul><p data-start=\"2885\" data-end=\"2991\">Wszystkie zewn\u0119trzne podmioty przetwarzaj\u0105ce dane s\u0105 umownie zobowi\u0105zane do ochrony danych zgodnie z brytyjskim\/unijnym RODO.<\/p><hr data-start=\"2993\" data-end=\"2996\"><h3 data-start=\"2998\" data-end=\"3032\">6. Przelewy poza Wielk\u0105 Brytani\u0119\/UE<\/h3><p data-start=\"3034\" data-end=\"3202\">Dane u\u017cytkownika mog\u0105 by\u0107 przekazywane pomi\u0119dzy Frocase Ltd (UK) i Frocase Sp. z o.o. (PL) oraz dostawcom us\u0142ug dzia\u0142aj\u0105cym w innych jurysdykcjach. Wszystkie transfery s\u0105 zgodne z:  <\/p><ul data-start=\"3203\" data-end=\"3374\"><li data-start=\"3203\" data-end=\"3233\"><p data-start=\"3205\" data-end=\"3233\"><strong data-start=\"3205\" data-end=\"3233\">Decyzje UK\/UE w sprawie adekwatno\u015bci<\/strong><\/p><\/li><li data-start=\"3234\" data-end=\"3291\"><p data-start=\"3236\" data-end=\"3291\">W razie potrzeby <strong data-start=\"3236\" data-end=\"3275\">standardowe klauzule umowne (SCC)<\/strong> <\/p><\/li><li data-start=\"3292\" data-end=\"3374\"><p data-start=\"3294\" data-end=\"3374\">Dodatkowe zabezpieczenia, takie jak pseudonimizacja, szyfrowanie i bezpieczne protoko\u0142y.<\/p><\/li><\/ul><hr data-start=\"3376\" data-end=\"3379\"><h3 data-start=\"3381\" data-end=\"3402\">7. Przechowywanie danych<\/h3><p data-start=\"3404\" data-end=\"3497\">Przechowujemy dane u\u017cytkownika tylko tak d\u0142ugo, jak jest to konieczne do realizacji cel\u00f3w okre\u015blonych powy\u017cej, w tym:<\/p><ul data-start=\"3498\" data-end=\"3665\"><li data-start=\"3498\" data-end=\"3559\"><p data-start=\"3500\" data-end=\"3559\">6 lat do cel\u00f3w umownych\/ksi\u0119gowych (HMRC, prawo podatkowe)<\/p><\/li><li data-start=\"3560\" data-end=\"3617\"><p data-start=\"3562\" data-end=\"3617\">Dop\u00f3ki zgoda u\u017cytkownika jest wa\u017cna (np. w przypadku newsletter\u00f3w)<\/p><\/li><li data-start=\"3618\" data-end=\"3665\"><p data-start=\"3620\" data-end=\"3665\">Do up\u0142ywu termin\u00f3w przedawnienia roszcze\u0144<\/p><\/li><\/ul><hr data-start=\"3667\" data-end=\"3670\"><h3 data-start=\"3672\" data-end=\"3690\">8. Prawa u\u017cytkownika<\/h3><p data-start=\"3692\" data-end=\"3741\">Zgodnie z brytyjskim RODO i unijnym RODO u\u017cytkownik ma prawo do:<\/p><ul data-start=\"3743\" data-end=\"4119\"><li data-start=\"3743\" data-end=\"3761\"><p data-start=\"3745\" data-end=\"3761\">Dost\u0119p do danych<\/p><\/li><li data-start=\"3762\" data-end=\"3801\"><p data-start=\"3764\" data-end=\"3801\">Poprawianie niedok\u0142adnych lub niekompletnych danych<\/p><\/li><li data-start=\"3802\" data-end=\"3845\"><p data-start=\"3804\" data-end=\"3845\">\u017b\u0105danie usuni\u0119cia danych (\u201eprawo do bycia zapomnianym\u201d)<\/p><\/li><li data-start=\"3846\" data-end=\"3893\"><p data-start=\"3848\" data-end=\"3893\">Ograniczenie przetwarzania lub sprzeciw wobec okre\u015blonych zastosowa\u0144<\/p><\/li><li data-start=\"3894\" data-end=\"3934\"><p data-start=\"3896\" data-end=\"3934\">Przenoszenie danych (w niekt\u00f3rych kontekstach)<\/p><\/li><li data-start=\"3935\" data-end=\"3965\"><p data-start=\"3937\" data-end=\"3965\">Wycofanie zgody w dowolnym momencie<\/p><\/li><li data-start=\"3966\" data-end=\"4119\"><p data-start=\"3968\" data-end=\"4014\">Z\u0142o\u017cy\u0107 skarg\u0119 do organu nadzorczego:<\/p><ul data-start=\"4017\" data-end=\"4119\"><li data-start=\"4017\" data-end=\"4065\"><p data-start=\"4019\" data-end=\"4065\">WIELKA BRYTANIA: <a class=\"\" href=\"https:\/\/ico.org.uk\" target=\"_new\" rel=\"noopener\" data-start=\"4023\" data-end=\"4065\">ICO - www.ico.org.uk<\/a><\/p><\/li><li data-start=\"4068\" data-end=\"4119\"><p data-start=\"4070\" data-end=\"4119\">PL: <a class=\"\" href=\"https:\/\/uodo.gov.pl\" target=\"_new\" rel=\"noopener\" data-start=\"4074\" data-end=\"4119\">UODO - www.uodo.gov.pl<\/a><\/p><\/li><\/ul><\/li><\/ul><p data-start=\"4121\" data-end=\"4175\">Skontaktuj si\u0119 z nami pod adresem: <a class=\"cursor-pointer\" rel=\"noopener\" data-start=\"4136\" data-end=\"4155\">privacy@frocase.com<\/a> lub <a class=\"cursor-pointer\" rel=\"noopener\" data-start=\"4159\" data-end=\"4175\">rodo@frocase.com<\/a><\/p><hr data-start=\"4177\" data-end=\"4180\"><h3 data-start=\"4182\" data-end=\"4207\">9. Pliki cookie i \u015bledzenie<\/h3><p data-start=\"4209\" data-end=\"4237\">Nasza strona wykorzystuje pliki cookies do:<\/p><ul data-start=\"4239\" data-end=\"4385\"><li data-start=\"4239\" data-end=\"4284\"><p data-start=\"4241\" data-end=\"4284\">Zachowanie preferencji sesji i nawigacji<\/p><\/li><li data-start=\"4285\" data-end=\"4331\"><p data-start=\"4287\" data-end=\"4331\">\u015aledzenie wydajno\u015bci witryny (Google Analytics)<\/p><\/li><li data-start=\"4332\" data-end=\"4385\"><p data-start=\"4334\" data-end=\"4385\">Wy\u015bwietlanie ukierunkowanych reklam (wy\u0142\u0105cznie za zgod\u0105 u\u017cytkownika)<\/p><\/li><\/ul><p data-start=\"4387\" data-end=\"4514\">U\u017cytkownik mo\u017ce skonfigurowa\u0107 swoj\u0105 przegl\u0105dark\u0119 tak, aby odrzuca\u0142a pliki cookie lub usuwa\u0142a je w dowolnym momencie. Szczeg\u00f3\u0142owe informacje mo\u017cna znale\u017a\u0107 w naszej [Polityce plik\u00f3w cookie]. <\/p><hr data-start=\"4516\" data-end=\"4519\"><h3 data-start=\"4521\" data-end=\"4562\">10. Telematyka i monitorowanie pojazd\u00f3w<\/h3><p data-start=\"4564\" data-end=\"4609\">Wszystkie pojazdy floty Frocase s\u0105 wyposa\u017cone w:<\/p><ul data-start=\"4611\" data-end=\"4782\"><li data-start=\"4611\" data-end=\"4666\"><p data-start=\"4613\" data-end=\"4666\">Systemy GPS i telematyczne (FireTMS, Webfleet, Inelo)<\/p><\/li><li data-start=\"4667\" data-end=\"4739\"><p data-start=\"4669\" data-end=\"4739\">Monitorowanie temperatury w czasie rzeczywistym (Schmitz ThermoControl, Carrier\/SLXi)<\/p><\/li><li data-start=\"4740\" data-end=\"4782\"><p data-start=\"4742\" data-end=\"4782\">Zbieranie danych identyfikacyjnych kierowc\u00f3w i danych z tachograf\u00f3w<\/p><\/li><\/ul><p data-start=\"4784\" data-end=\"5025\">Takie dane s\u0105 wykorzystywane w celu wype\u0142nienia zobowi\u0105za\u0144 prawnych (np. CMR, ATP, ADR), poprawy bezpiecze\u0144stwa operacyjnego i spe\u0142nienia standard\u00f3w umownych dotycz\u0105cych transportu czasowego. Korzystanie ze \u015bledzenia opiera si\u0119 na uzasadnionych interesach i konieczno\u015bci operacyjnej. <\/p><hr data-start=\"5027\" data-end=\"5030\"><h3 data-start=\"5032\" data-end=\"5062\">11. \u015arodki bezpiecze\u0144stwa danych<\/h3><p data-start=\"5064\" data-end=\"5140\">Wdra\u017camy odpowiednie zabezpieczenia techniczne i organizacyjne, w tym:<\/p><ul data-start=\"5142\" data-end=\"5303\"><li data-start=\"5142\" data-end=\"5177\"><p data-start=\"5144\" data-end=\"5177\">Szyfrowanie SSL i bezpieczny hosting<\/p><\/li><li data-start=\"5178\" data-end=\"5219\"><p data-start=\"5180\" data-end=\"5219\">Kontrola dost\u0119pu i uwierzytelnianie u\u017cytkownik\u00f3w<\/p><\/li><li data-start=\"5220\" data-end=\"5257\"><p data-start=\"5222\" data-end=\"5257\">Wewn\u0119trzne procedury ochrony danych<\/p><\/li><li data-start=\"5258\" data-end=\"5303\"><p data-start=\"5260\" data-end=\"5303\">Regularne audyty bezpiecze\u0144stwa i \u015bwiadomo\u015b\u0107 pracownik\u00f3w<\/p><\/li><\/ul><hr data-start=\"5305\" data-end=\"5308\"><h3 data-start=\"5310\" data-end=\"5340\">12. Aktualizacje niniejszej Polityki<\/h3><p>Mo\u017cemy aktualizowa\u0107 niniejsz\u0105 Polityk\u0119 prywatno\u015bci, aby odzwierciedli\u0107 zmiany w prawie lub praktykach firmy. Najnowsza wersja jest zawsze dost\u0119pna pod adresem<a class=\"cursor-pointer\" target=\"_new\" rel=\"noopener\">[https:\/\/frocase.com\/privacy-policy]<\/a>. <\/p>\t\t\t\t\t\t\t\t<\/div>\n\t\t\t\t<\/div>\n\t\t\t\t\t<\/div>\n\t\t\t\t<\/div>\n\t\t\t\t<section class=\"elementor-section elementor-top-section elementor-element elementor-element-905ece0 elementor-section-boxed elementor-section-height-default elementor-section-height-default\" data-id=\"905ece0\" data-element_type=\"section\">\n\t\t\t\t\t\t<div class=\"elementor-container elementor-column-gap-default\">\n\t\t\t\t\t<div class=\"elementor-column elementor-col-100 elementor-top-column elementor-element elementor-element-782cc23\" data-id=\"782cc23\" data-element_type=\"column\">\n\t\t\t<div class=\"elementor-widget-wrap elementor-element-populated\">\n\t\t\t\t\t\t<section class=\"elementor-section elementor-inner-section elementor-element elementor-element-c62cc70 elementor-section-boxed elementor-section-height-default elementor-section-height-default elementor-invisible\" data-id=\"c62cc70\" data-element_type=\"section\" data-settings=\"{&quot;animation&quot;:&quot;fadeInUp&quot;}\">\n\t\t\t\t\t\t<div class=\"elementor-container elementor-column-gap-default\">\n\t\t\t\t\t<div class=\"elementor-column elementor-col-33 elementor-inner-column elementor-element elementor-element-f7b6e16\" data-id=\"f7b6e16\" data-element_type=\"column\">\n\t\t\t<div class=\"elementor-widget-wrap elementor-element-populated\">\n\t\t\t\t\t\t<div class=\"elementor-element elementor-element-e0610ba cea-view-framed cea-shape-circle elementor-widget elementor-widget-ceafeaturebox\" data-id=\"e0610ba\" data-element_type=\"widget\" data-widget_type=\"ceafeaturebox.default\">\n\t\t\t\t<div class=\"elementor-widget-container feature-box-wrapper feature-box-classic-pro\">\n\t\t\t<div class=\"feature-box-inner\"><div class=\"cea-featured-icon\"><i aria-hidden=\"true\" class=\" bi-geo-alt-fill\"><\/i><\/div><h4 class=\"feature-box-title\">Lokalizacja<\/h4><div class=\"fbox-content\">Dworki 2, 82-335 Gronowo Elbl\u0105skie, POLSKA<\/div><\/div>\t\t<\/div>\n\t\t\t\t<\/div>\n\t\t\t\t\t<\/div>\n\t\t<\/div>\n\t\t\t\t<div class=\"elementor-column elementor-col-33 elementor-inner-column elementor-element elementor-element-47aaf6a\" data-id=\"47aaf6a\" data-element_type=\"column\">\n\t\t\t<div class=\"elementor-widget-wrap elementor-element-populated\">\n\t\t\t\t\t\t<div class=\"elementor-element elementor-element-14e06f6 cea-view-framed cea-shape-circle elementor-widget elementor-widget-ceafeaturebox\" data-id=\"14e06f6\" data-element_type=\"widget\" data-widget_type=\"ceafeaturebox.default\">\n\t\t\t\t<div class=\"elementor-widget-container feature-box-wrapper feature-box-classic-pro\">\n\t\t\t<div class=\"feature-box-inner\"><div class=\"cea-featured-icon\"><i aria-hidden=\"true\" class=\" bi-headset\"><\/i><\/div><h4 class=\"feature-box-title\">Wsparcie 24\/7<\/h4><div class=\"fbox-content\"><a href=\"tel:+48573588366\">(+48) 573 588 299<\/a>\n<br>\n  <a href=\"tel:+48573588366\">(+48) 573 588 299<\/a>\n<\/div><\/div>\t\t<\/div>\n\t\t\t\t<\/div>\n\t\t\t\t\t<\/div>\n\t\t<\/div>\n\t\t\t\t<div class=\"elementor-column elementor-col-33 elementor-inner-column elementor-element elementor-element-5922321\" data-id=\"5922321\" data-element_type=\"column\">\n\t\t\t<div class=\"elementor-widget-wrap elementor-element-populated\">\n\t\t\t\t\t\t<div class=\"elementor-element elementor-element-e1b2df5 cea-view-framed cea-shape-circle elementor-widget elementor-widget-ceafeaturebox\" data-id=\"e1b2df5\" data-element_type=\"widget\" data-widget_type=\"ceafeaturebox.default\">\n\t\t\t\t<div class=\"elementor-widget-container feature-box-wrapper feature-box-classic-pro\">\n\t\t\t<div class=\"feature-box-inner\"><div class=\"cea-featured-icon\"><i aria-hidden=\"true\" class=\" bi-envelope-fill\"><\/i><\/div><h4 class=\"feature-box-title\">Wy\u015blij e-mail<\/h4><div class=\"fbox-content\"><a href=\"mailto:office@frocase.com\">office@frocase.com<\/a>\n<br>\n  <a href=\"mailto:office@frocase.com\">office@frocase.com<\/a>\n<\/div><\/div>\t\t<\/div>\n\t\t\t\t<\/div>\n\t\t\t\t\t<\/div>\n\t\t<\/div>\n\t\t\t\t\t<\/div>\n\t\t<\/section>\n\t\t\t\t\t<\/div>\n\t\t<\/div>\n\t\t\t\t\t<\/div>\n\t\t<\/section>\n\t\t\t\t<\/div>\n\t\t","protected":false},"excerpt":{"rendered":"<p>Polityka prywatno\u015bci Jak zarz\u0105dzamy danymi u\u017cytkownik\u00f3w POLITYKA PRYWATNO\u015aCIFrocase Sp. z o.o. | Frocase Ltd | Frocase Group Ostatnia aktualizacja: 27\/05\/2025 Niniejsza Polityka prywatno\u015bci okre\u015bla, w jaki spos\u00f3b..<\/p>\n","protected":false},"author":3,"featured_media":0,"parent":0,"menu_order":0,"comment_status":"closed","ping_status":"closed","template":"","meta":{"footnotes":""},"class_list":["post-46860","page","type-page","status-publish","hentry"],"_links":{"self":[{"href":"https:\/\/frocase.com\/pl\/wp-json\/wp\/v2\/pages\/46860","targetHints":{"allow":["GET"]}}],"collection":[{"href":"https:\/\/frocase.com\/pl\/wp-json\/wp\/v2\/pages"}],"about":[{"href":"https:\/\/frocase.com\/pl\/wp-json\/wp\/v2\/types\/page"}],"author":[{"embeddable":true,"href":"https:\/\/frocase.com\/pl\/wp-json\/wp\/v2\/users\/3"}],"replies":[{"embeddable":true,"href":"https:\/\/frocase.com\/pl\/wp-json\/wp\/v2\/comments?post=46860"}],"version-history":[{"count":2,"href":"https:\/\/frocase.com\/pl\/wp-json\/wp\/v2\/pages\/46860\/revisions"}],"predecessor-version":[{"id":47501,"href":"https:\/\/frocase.com\/pl\/wp-json\/wp\/v2\/pages\/46860\/revisions\/47501"}],"wp:attachment":[{"href":"https:\/\/frocase.com\/pl\/wp-json\/wp\/v2\/media?parent=46860"}],"curies":[{"name":"wp","href":"https:\/\/api.w.org\/{rel}","templated":true}]}}