{"id":46862,"date":"2024-07-22T06:49:00","date_gmt":"2024-07-22T06:49:00","guid":{"rendered":"https:\/\/frocase.com\/nasza-historia\/"},"modified":"2025-06-14T17:44:09","modified_gmt":"2025-06-14T17:44:09","slug":"nasza-historia","status":"publish","type":"page","link":"https:\/\/frocase.com\/pl\/nasza-historia\/","title":{"rendered":"Nasza historia"},"content":{"rendered":"\t\t<div data-elementor-type=\"wp-page\" data-elementor-id=\"46862\" class=\"elementor elementor-46862 elementor-44048\">\n\t\t\t\t\t\t<section class=\"elementor-section elementor-top-section elementor-element elementor-element-3ce4d5bf elementor-section-stretched elementor-section-content-middle elementor-section-boxed elementor-section-height-default elementor-section-height-default\" data-id=\"3ce4d5bf\" data-element_type=\"section\" data-settings=\"{&quot;stretch_section&quot;:&quot;section-stretched&quot;,&quot;background_background&quot;:&quot;classic&quot;}\">\n\t\t\t\t\t\t\t<div class=\"elementor-background-overlay\"><\/div>\n\t\t\t\t\t\t\t<div class=\"elementor-container elementor-column-gap-default\">\n\t\t\t\t\t<div class=\"elementor-column elementor-col-100 elementor-top-column elementor-element elementor-element-2c0ff5f1\" data-id=\"2c0ff5f1\" data-element_type=\"column\" data-settings=\"{&quot;background_background&quot;:&quot;classic&quot;}\">\n\t\t\t<div class=\"elementor-widget-wrap elementor-element-populated\">\n\t\t\t\t\t<div class=\"elementor-background-overlay\"><\/div>\n\t\t\t\t\t\t<section class=\"elementor-section elementor-inner-section elementor-element elementor-element-4dcdf8eb elementor-section-boxed elementor-section-height-default elementor-section-height-default\" data-id=\"4dcdf8eb\" data-element_type=\"section\">\n\t\t\t\t\t\t<div class=\"elementor-container elementor-column-gap-default\">\n\t\t\t\t\t<div class=\"elementor-column elementor-col-33 elementor-inner-column elementor-element elementor-element-56d38dc9\" data-id=\"56d38dc9\" data-element_type=\"column\">\n\t\t\t<div class=\"elementor-widget-wrap\">\n\t\t\t\t\t\t\t<\/div>\n\t\t<\/div>\n\t\t\t\t<div class=\"elementor-column elementor-col-33 elementor-inner-column elementor-element elementor-element-47481cea\" data-id=\"47481cea\" data-element_type=\"column\">\n\t\t\t<div class=\"elementor-widget-wrap elementor-element-populated\">\n\t\t\t\t\t\t<div class=\"elementor-element elementor-element-63d9127c cea-align-center cea-separator-type-normal elementor-invisible elementor-widget elementor-widget-ceasectiontitle\" data-id=\"63d9127c\" data-element_type=\"widget\" data-settings=\"{&quot;_animation&quot;:&quot;fadeInUp&quot;}\" data-widget_type=\"ceasectiontitle.default\">\n\t\t\t\t<div class=\"elementor-widget-container\">\n\t\t\t\t\t<div class=\"section-title-wrapper\"><div class=\"title-wrap\"><div class=\"sub-title\"><span class=\"subtitle-dots\">HISTORIA FROCASE<\/span><\/div><h2 class=\"section-title\">Mamy wspania\u0142\u0105 histori\u0119 za\u0142o\u017cenia Naszej firmy.<\/h2><div class=\"elementor-divider\"><span class=\"elementor-divider-separator\"><\/span><\/div><\/div><!-- .title-wrap --><div class=\"section-description\"><\/div><!-- .section-description --><\/div><!-- .section-title-wrapper -->\t\t\t\t<\/div>\n\t\t\t\t<\/div>\n\t\t\t\t\t<\/div>\n\t\t<\/div>\n\t\t\t\t<div class=\"elementor-column elementor-col-33 elementor-inner-column elementor-element elementor-element-456c32ce\" data-id=\"456c32ce\" data-element_type=\"column\">\n\t\t\t<div class=\"elementor-widget-wrap\">\n\t\t\t\t\t\t\t<\/div>\n\t\t<\/div>\n\t\t\t\t\t<\/div>\n\t\t<\/section>\n\t\t\t\t<section class=\"elementor-section elementor-inner-section elementor-element elementor-element-336f24e6 elementor-section-boxed elementor-section-height-default elementor-section-height-default\" data-id=\"336f24e6\" data-element_type=\"section\">\n\t\t\t\t\t\t<div class=\"elementor-container elementor-column-gap-default\">\n\t\t\t\t\t<div class=\"elementor-column elementor-col-100 elementor-inner-column elementor-element elementor-element-6c40c8c\" data-id=\"6c40c8c\" data-element_type=\"column\">\n\t\t\t<div class=\"elementor-widget-wrap elementor-element-populated\">\n\t\t\t\t\t\t<div class=\"elementor-element elementor-element-77471fb6 elementor-invisible elementor-widget elementor-widget-ceatimeline\" data-id=\"77471fb6\" data-element_type=\"widget\" data-settings=\"{&quot;_animation&quot;:&quot;zoomIn&quot;}\" data-widget_type=\"ceatimeline.default\">\n\t\t\t\t<div class=\"elementor-widget-container\">\n\t\t\t\t\t<div class=\"timeline-wrapper timeline-style-1\"><ul class=\"timeline\"><li class=\" elementor-repeater-item-58f2e01\"><div class=\"timeline-badge rounded-circle\"><i aria-hidden=\"true\" class=\" bi-trophy-fill\"><\/i><\/div><div class=\"timeline-sep-title\">2007<span>Maj 2007<\/span><\/div><div class=\"timeline-panel\"><div class=\"timeline-heading\"><h4 class=\"timeline-title\">Narodziny koncepcji<\/h4><\/div><div class=\"timeline-body\">Firma zosta\u0142a za\u0142o\u017cona w 2007 roku w celu \u015bwiadczenia niezawodnych i punktualnych us\u0142ug transportowych. Zaczynaj\u0105c od jednego pojazdu, firma zacz\u0119\u0142a obs\u0142ugiwa\u0107 lokalnych klient\u00f3w.<\/div><\/div><\/li><!-- .timeline item li --><li class=\" timeline-inverted elementor-repeater-item-aff146e\"><div class=\"timeline-badge rounded-circle\"><i aria-hidden=\"true\" class=\" bi-clock\"><\/i><\/div><div class=\"timeline-sep-title\">2010<span>Lipiec 2010 r.<\/span><\/div><div class=\"timeline-panel\"><div class=\"timeline-heading\"><h4 class=\"timeline-title\">Partnerstwo strategiczne<\/h4><\/div><div class=\"timeline-body\">Dzi\u0119ki naszemu zaanga\u017cowaniu i ci\u0119\u017ckiej pracy zbudowali\u015bmy siln\u0105 reputacj\u0119, kt\u00f3ra zaowocowa\u0142a umow\u0105 partnersk\u0105 z DHL Polska.<\/div><\/div><\/li><!-- .timeline item li --><li class=\" elementor-repeater-item-91f3e36\"><div class=\"timeline-badge rounded-circle\"><i aria-hidden=\"true\" class=\" bi-ui-radios-grid\"><\/i><\/div><div class=\"timeline-sep-title\">2016<span>Lipiec 2016 r.<\/span><\/div><div class=\"timeline-panel\"><div class=\"timeline-heading\"><h4 class=\"timeline-title\">Inwestycje<\/h4><\/div><div class=\"timeline-body\">Nowe pojazdy wzmacniaj\u0105 nasz\u0105 flot\u0119, aby wspiera\u0107 nasz\u0105 wsp\u00f3\u0142prac\u0119 z DHL Polska, kt\u00f3ra z roku na rok stale ro\u015bnie i przyspiesza.<\/div><\/div><\/li><!-- .timeline item li --><li class=\" timeline-inverted elementor-repeater-item-7f1e1f6\"><div class=\"timeline-badge rounded-circle\"><i aria-hidden=\"true\" class=\" bi-award\"><\/i><\/div><div class=\"timeline-sep-title\">2023<span>Stycze\u0144 2023 r.<\/span><\/div><div class=\"timeline-panel\"><div class=\"timeline-heading\"><h4 class=\"timeline-title\">Du\u017ce zmiany<\/h4><\/div><div class=\"timeline-body\">Nasza flota rozros\u0142a si\u0119 do rozmiar\u00f3w, w kt\u00f3rych powa\u017cnie planujemy nowy rozdzia\u0142 dla firmy. Rozwijamy si\u0119 w kierunku transportu mi\u0119dzynarodowego.<\/div><\/div><\/li><!-- .timeline item li --><li class=\" elementor-repeater-item-fff113e\"><div class=\"timeline-badge rounded-circle\"><i aria-hidden=\"true\" class=\"ti ti-star\"><\/i><\/div><div class=\"timeline-sep-title\">2024<span>Czerwiec 2024 r.<\/span><\/div><div class=\"timeline-panel\"><div class=\"timeline-heading\"><h4 class=\"timeline-title\">Nowa marka<\/h4><\/div><div class=\"timeline-body\">Zbudowali\u015bmy niezb\u0119dn\u0105 infrastruktur\u0119 i nawi\u0105zali\u015bmy cenne kontakty. Nadszed\u0142 czas, aby umocni\u0107 nasz\u0105 pozycj\u0119. Dzi\u0119ki 17-letniemu do\u015bwiadczeniu i wdro\u017ceniu strategii marketingowych, rozpoczynamy dzia\u0142alno\u015b\u0107 pod now\u0105 mark\u0105 - Frocase Transport.<\/div><\/div><\/li><!-- .timeline item li --><\/ul><\/div><!-- .timeline-wrapper -->\t\t\t\t<\/div>\n\t\t\t\t<\/div>\n\t\t\t\t\t<\/div>\n\t\t<\/div>\n\t\t\t\t\t<\/div>\n\t\t<\/section>\n\t\t\t\t\t<\/div>\n\t\t<\/div>\n\t\t\t\t\t<\/div>\n\t\t<\/section>\n\t\t\t\t<section class=\"elementor-section elementor-top-section elementor-element elementor-element-3bc78581 elementor-section-stretched elementor-section-boxed elementor-section-height-default elementor-section-height-default\" data-id=\"3bc78581\" data-element_type=\"section\" data-settings=\"{&quot;stretch_section&quot;:&quot;section-stretched&quot;,&quot;background_background&quot;:&quot;classic&quot;}\">\n\t\t\t\t\t\t\t<div class=\"elementor-background-overlay\"><\/div>\n\t\t\t\t\t\t\t<div class=\"elementor-container elementor-column-gap-default\">\n\t\t\t\t\t<div class=\"elementor-column elementor-col-100 elementor-top-column elementor-element elementor-element-29b1d8b1\" data-id=\"29b1d8b1\" data-element_type=\"column\" data-settings=\"{&quot;background_background&quot;:&quot;classic&quot;}\">\n\t\t\t<div class=\"elementor-widget-wrap elementor-element-populated\">\n\t\t\t\t\t<div class=\"elementor-background-overlay\"><\/div>\n\t\t\t\t\t\t<section class=\"elementor-section elementor-inner-section elementor-element elementor-element-60da762a elementor-section-content-bottom elementor-section-boxed elementor-section-height-default elementor-section-height-default\" data-id=\"60da762a\" data-element_type=\"section\">\n\t\t\t\t\t\t<div class=\"elementor-container elementor-column-gap-wide\">\n\t\t\t\t\t<div class=\"elementor-column elementor-col-50 elementor-inner-column elementor-element elementor-element-1188e0d9 blur-shaded\" data-id=\"1188e0d9\" data-element_type=\"column\">\n\t\t\t<div class=\"elementor-widget-wrap elementor-element-populated\">\n\t\t\t\t\t\t<div class=\"elementor-element elementor-element-2fe92592 cea-align-left elementor-widget elementor-widget-ceasectiontitle\" data-id=\"2fe92592\" data-element_type=\"widget\" data-widget_type=\"ceasectiontitle.default\">\n\t\t\t\t<div class=\"elementor-widget-container\">\n\t\t\t\t\t<div class=\"section-title-wrapper\"><div class=\"title-wrap\"><span class=\"sub-title\"><span class=\"subtitle-dots\">Do\u0142\u0105cz do nas<\/span><\/span><h2 class=\"section-title\">Do\u0142\u0105cz i zdob\u0105d\u017a wymarzon\u0105 prac\u0119.<\/h2><\/div><!-- .title-wrap --><div class=\"section-description\">\t\t\t\t\t<div class=\"cea-button-wrapper\">\r\n\t\t\t\t\t\t<a href=\"https:\/\/frocase.com\/careers\/\" class=\"cea-button-link elementor-button cea-button elementor-size-sm\">\r\n\t\t\t\t\t\t\t\t\t<span class=\"cea-button-content-wrapper\">\r\n\t\t\t\t\t\t<span class=\"cea-button-icon cea-align-icon-left\">\r\n\t\t\t\t<i aria-hidden=\"true\" class=\" bi-cloud-upload\"><\/i>\t\t\t<\/span>\r\n\t\t\t\t\t\t<span class=\"cea-button-text\">Prze\u015blij CV<\/span>\r\n\t\t<\/span>\r\n\t\t\t\t\t\t\t\t<\/a>\r\n\t\t\t\t\t<\/div>\r\n\t\t\t\t\t<\/div><!-- .section-description --><\/div><!-- .section-title-wrapper -->\t\t\t\t<\/div>\n\t\t\t\t<\/div>\n\t\t\t\t\t<\/div>\n\t\t<\/div>\n\t\t\t\t<div class=\"elementor-column elementor-col-50 elementor-inner-column elementor-element elementor-element-eaf1021\" data-id=\"eaf1021\" data-element_type=\"column\">\n\t\t\t<div class=\"elementor-widget-wrap elementor-element-populated\">\n\t\t\t\t\t\t<div class=\"elementor-element elementor-element-1f68d871 elementor-widget elementor-widget-image\" data-id=\"1f68d871\" data-element_type=\"widget\" data-widget_type=\"image.default\">\n\t\t\t\t<div class=\"elementor-widget-container\">\n\t\t\t\t\t\t\t\t\t\t\t\t\t\t\t<img fetchpriority=\"high\" decoding=\"async\" width=\"1024\" height=\"960\" src=\"https:\/\/frocase.com\/wp-content\/uploads\/2025\/02\/freepik__a-caucasian-woman-with-glasses-45-years-old-red-ha__36007.png\" class=\"attachment-full size-full wp-image-45185\" alt=\"\" srcset=\"https:\/\/frocase.com\/wp-content\/uploads\/2025\/02\/freepik__a-caucasian-woman-with-glasses-45-years-old-red-ha__36007.png 1024w, https:\/\/frocase.com\/wp-content\/uploads\/2025\/02\/freepik__a-caucasian-woman-with-glasses-45-years-old-red-ha__36007-768x720.png 768w\" sizes=\"(max-width: 1024px) 100vw, 1024px\" \/>\t\t\t\t\t\t\t\t\t\t\t\t\t\t\t<\/div>\n\t\t\t\t<\/div>\n\t\t\t\t\t<\/div>\n\t\t<\/div>\n\t\t\t\t\t<\/div>\n\t\t<\/section>\n\t\t\t\t\t<\/div>\n\t\t<\/div>\n\t\t\t\t\t<\/div>\n\t\t<\/section>\n\t\t\t\t<section class=\"elementor-section elementor-top-section elementor-element elementor-element-5f404850 elementor-section-content-middle elementor-section-stretched cus-float-img elementor-section-boxed elementor-section-height-default elementor-section-height-default\" data-id=\"5f404850\" data-element_type=\"section\" data-settings=\"{&quot;stretch_section&quot;:&quot;section-stretched&quot;,&quot;background_background&quot;:&quot;classic&quot;}\">\n\t\t\t\t\t\t\t<div class=\"elementor-background-overlay\"><\/div>\n\t\t\t\t\t\t\t<div class=\"elementor-container elementor-column-gap-extended\">\n\t\t\t\t\t<div class=\"elementor-column elementor-col-100 elementor-top-column elementor-element elementor-element-33c499cb\" data-id=\"33c499cb\" data-element_type=\"column\">\n\t\t\t<div class=\"elementor-widget-wrap elementor-element-populated\">\n\t\t\t\t\t\t<section class=\"elementor-section elementor-inner-section elementor-element elementor-element-3795fab6 elementor-section-content-middle elementor-section-boxed elementor-section-height-default elementor-section-height-default\" data-id=\"3795fab6\" data-element_type=\"section\">\n\t\t\t\t\t\t<div class=\"elementor-container elementor-column-gap-wide\">\n\t\t\t\t\t<div class=\"elementor-column elementor-col-33 elementor-inner-column elementor-element elementor-element-8d62213\" data-id=\"8d62213\" data-element_type=\"column\">\n\t\t\t<div class=\"elementor-widget-wrap\">\n\t\t\t\t\t\t\t<\/div>\n\t\t<\/div>\n\t\t\t\t<div class=\"elementor-column elementor-col-33 elementor-inner-column elementor-element elementor-element-431f7095\" data-id=\"431f7095\" data-element_type=\"column\">\n\t\t\t<div class=\"elementor-widget-wrap elementor-element-populated\">\n\t\t\t\t\t\t<div class=\"elementor-element elementor-element-25b8e65f cea-align-center cea-separator-type-normal elementor-invisible elementor-widget elementor-widget-ceasectiontitle\" data-id=\"25b8e65f\" data-element_type=\"widget\" data-settings=\"{&quot;_animation&quot;:&quot;fadeInUp&quot;}\" data-widget_type=\"ceasectiontitle.default\">\n\t\t\t\t<div class=\"elementor-widget-container\">\n\t\t\t\t\t<div class=\"section-title-wrapper\"><div class=\"title-wrap\"><div class=\"sub-title\"><span class=\"subtitle-dots\">Nasze referencje<\/span><\/div><h2 class=\"section-title\">Co m\u00f3wi\u0105 o Frocase<\/h2><div class=\"elementor-divider\"><span class=\"elementor-divider-separator\"><\/span><\/div><\/div><!-- .title-wrap --><div class=\"section-description\"><\/div><!-- .section-description --><\/div><!-- .section-title-wrapper -->\t\t\t\t<\/div>\n\t\t\t\t<\/div>\n\t\t\t\t\t<\/div>\n\t\t<\/div>\n\t\t\t\t<div class=\"elementor-column elementor-col-33 elementor-inner-column elementor-element elementor-element-dc41c59\" data-id=\"dc41c59\" data-element_type=\"column\">\n\t\t\t<div class=\"elementor-widget-wrap\">\n\t\t\t\t\t\t\t<\/div>\n\t\t<\/div>\n\t\t\t\t\t<\/div>\n\t\t<\/section>\n\t\t\t\t<section class=\"elementor-section elementor-inner-section elementor-element elementor-element-1ad7e4b5 elementor-section-boxed elementor-section-height-default elementor-section-height-default\" data-id=\"1ad7e4b5\" data-element_type=\"section\">\n\t\t\t\t\t\t<div class=\"elementor-container elementor-column-gap-wide\">\n\t\t\t\t\t<div class=\"elementor-column elementor-col-100 elementor-inner-column elementor-element elementor-element-5f61d5bf\" data-id=\"5f61d5bf\" data-element_type=\"column\">\n\t\t\t<div class=\"elementor-widget-wrap elementor-element-populated\">\n\t\t\t\t\t\t<div class=\"elementor-element elementor-element-5432a9f7 elementor-widget__width-auto elementor-absolute e-transform e-transform cea-view-default elementor-widget elementor-widget-ceafeaturebox\" data-id=\"5432a9f7\" data-element_type=\"widget\" data-settings=\"{&quot;_position&quot;:&quot;absolute&quot;,&quot;_transform_rotateZ_effect&quot;:{&quot;unit&quot;:&quot;px&quot;,&quot;size&quot;:-90,&quot;sizes&quot;:[]},&quot;_transform_translateX_effect&quot;:{&quot;unit&quot;:&quot;%&quot;,&quot;size&quot;:-72,&quot;sizes&quot;:[]},&quot;_transform_translateX_effect_tablet&quot;:{&quot;unit&quot;:&quot;%&quot;,&quot;size&quot;:&quot;&quot;,&quot;sizes&quot;:[]},&quot;_transform_translateX_effect_mobile&quot;:{&quot;unit&quot;:&quot;%&quot;,&quot;size&quot;:&quot;&quot;,&quot;sizes&quot;:[]},&quot;_transform_translateY_effect&quot;:{&quot;unit&quot;:&quot;px&quot;,&quot;size&quot;:-96,&quot;sizes&quot;:[]},&quot;_transform_rotateZ_effect_tablet&quot;:{&quot;unit&quot;:&quot;deg&quot;,&quot;size&quot;:&quot;&quot;,&quot;sizes&quot;:[]},&quot;_transform_rotateZ_effect_mobile&quot;:{&quot;unit&quot;:&quot;deg&quot;,&quot;size&quot;:&quot;&quot;,&quot;sizes&quot;:[]},&quot;_transform_translateY_effect_tablet&quot;:{&quot;unit&quot;:&quot;px&quot;,&quot;size&quot;:&quot;&quot;,&quot;sizes&quot;:[]},&quot;_transform_translateY_effect_mobile&quot;:{&quot;unit&quot;:&quot;px&quot;,&quot;size&quot;:&quot;&quot;,&quot;sizes&quot;:[]}}\" data-widget_type=\"ceafeaturebox.default\">\n\t\t\t\t<div class=\"elementor-widget-container feature-box-wrapper feature-box-default\">\n\t\t\t<div class=\"media\"><div class=\"media-icon-part align-self-center\"><div class=\"cea-featured-icon\"><i aria-hidden=\"true\" class=\" bi-chat-left-quote\"><\/i><\/div><\/div><div class=\"media-body align-self-center\"><h5 class=\"feature-box-title\">Opinie klient\u00f3w<\/h5><\/div><!-- .media-body --><\/div><!-- .media -->\t\t<\/div>\n\t\t\t\t<\/div>\n\t\t\t\t<div class=\"elementor-element elementor-element-18560b6f elementor-invisible elementor-widget elementor-widget-ceatestimonial\" data-id=\"18560b6f\" data-element_type=\"widget\" data-settings=\"{&quot;_animation&quot;:&quot;fadeInUp&quot;}\" data-widget_type=\"ceatestimonial.default\">\n\t\t\t\t\n\t\t<div class=\"elementor-widget-container testimonial-wrapper testimonial-style-list testimonial-light testimonial-slide-model image-gallery\">\n\t\t\n\t\t\t<div class=\"cea-carousel owl-carousel\" data-loop=\"1\" data-margin=\"0\" data-center=\"0\" data-nav=\"0\" data-dots=\"1\" data-autoplay=\"1\" data-items=\"1\" data-items-tab=\"1\" data-items-mob=\"1\" data-duration=\"500000\" data-smartspeed=\"250\" data-scrollby=\"1\" data-autoheight=\"0\"><div class=\"owl-carousel-item\" ><div class=\"testimonial-inner\"><div class=\"media\"><div class=\"post-thumb\"><a href=\"https:\/\/frocase.com\/pl\/references\/sebastian-chudy\/\" class=\"post-image-link\"><img decoding=\"async\" src=\"https:\/\/frocase.com\/wp-content\/uploads\/elementor\/thumbs\/pexels-chloekalaartist-1043473-scaled-r267gge2tu9zumhimihlh1gnvdjqj11n9t04bv1ft8.jpg\" title=\"pexels-chloekalaartist-1043473\" alt=\"\" class=\"img-fluid squared\" \/><\/a><\/div><!-- .post-thumb --><div class=\"media-body\"><div class=\"post-excerpt\">Zalecenie W imieniu DHL Poland pragniemy serdecznie zarekomendowa\u0107 firm\u0119 US\u0141UGI TRANSPORTOWE \u201eNIKOL\u201d DARIUSZA FRONTCZAKA, z kt\u00f3rym wsp\u00f3\u0142pracujemy nieprzerwanie od 15 lat w zakresie dostaw paczek i przesy\u0142ek kurierskich w ramach naszej dzia\u0142alno\u015bci logistycznej. W trakcie tej wsp\u00f3\u0142pracy firma NIKOL konsekwentnie wykazywa\u0142a si\u0119..<\/div><!-- .post-excerpt --><h4 class=\"post-title-head\"><a href=\"https:\/\/frocase.com\/pl\/references\/sebastian-chudy\/\" class=\"client-name post-title\">Sebastian Chudy<\/a><\/h4><div class=\"top-meta clearfix\"><ul class=\"nav top-meta-list meta-left\"><li><div class=\"testimonial-designation\"><div class=\"post-designation-head\">DHL Polska<\/div><\/div><!-- .testimonial-designation --><\/li><li><\/li><\/ul><\/div><\/div><!-- .media --><\/div><!-- .media-body --><\/div><!-- .testimonial-inner --><\/div><!-- .col \/ .owl-carousel-item \/ .isotope --><div class=\"owl-carousel-item\" ><div class=\"testimonial-inner\"><div class=\"media\"><div class=\"post-thumb\"><a href=\"https:\/\/frocase.com\/pl\/references\/ariel-slezak\/\" class=\"post-image-link\"><img decoding=\"async\" src=\"https:\/\/frocase.com\/wp-content\/uploads\/elementor\/thumbs\/pexels-dinielle-de-veyra-2610843-4195342-scaled-r267gm13yuhpsa9bpkxcw01fforxt7o1akx17it2rw.jpg\" title=\"pexels-dinielle-de-veyra-2610843-4195342\" alt=\"\" class=\"img-fluid squared img-fluid squared\" \/><\/a><\/div><!-- .post-thumb --><div class=\"media-body\"><div class=\"post-excerpt\">Zalecenie All Direction Logistics Piotr Gawda &amp; Ariel \u015al\u0119zak s.c. pragnie wyrazi\u0107 najwy\u017csze uznanie dla US\u0141UGI TRANSPORTOWE \u201eNIKOL\u201d DARIUSZ FRONTCZAK, z kt\u00f3rych us\u0142ug transportowych korzystali\u015bmy w ramach wsp\u00f3\u0142pracy w ostatnich miesi\u0105cach. Jako firma spedycyjna zawsze stawiamy na profesjonalizm i rzetelno\u015b\u0107 naszych partner\u00f3w,..<\/div><!-- .post-excerpt --><h4 class=\"post-title-head\"><a href=\"https:\/\/frocase.com\/pl\/references\/ariel-slezak\/\" class=\"client-name post-title\">Ariel \u015al\u0119zak<\/a><\/h4><div class=\"top-meta clearfix\"><ul class=\"nav top-meta-list meta-left\"><li><div class=\"testimonial-designation\"><div class=\"post-designation-head\">All Directions Logistics<\/div><\/div><!-- .testimonial-designation --><\/li><li><\/li><\/ul><\/div><\/div><!-- .media --><\/div><!-- .media-body --><\/div><!-- .testimonial-inner --><\/div><!-- .col \/ .owl-carousel-item \/ .isotope --><div class=\"owl-carousel-item\" ><div class=\"testimonial-inner\"><div class=\"media\"><div class=\"post-thumb\"><a href=\"https:\/\/frocase.com\/pl\/references\/maciej-goralski\/\" class=\"post-image-link\"><img decoding=\"async\" src=\"https:\/\/frocase.com\/wp-content\/uploads\/elementor\/thumbs\/pexels-olly-3778876-scaled-r267gro53upfpy14snd4aym700053eafbcty36kpqk.jpg\" title=\"pexels-olly-3778876\" alt=\"\" class=\"img-fluid squared img-fluid squared img-fluid squared\" \/><\/a><\/div><!-- .post-thumb --><div class=\"media-body\"><div class=\"post-excerpt\">Zalecenie Z przyjemno\u015bci\u0105 udzielamy rekomendacji dla firmy US\u0141UGI TRANSPORTOWE \u201eNIKOL\u201d DARIUSZA FRONTCZAKA jako rzetelnego i profesjonalnego partnera transportowego. GTI LOGISTIK Sp\u00f3\u0142ka z o.o. mia\u0142a okazj\u0119 wsp\u00f3\u0142pracowa\u0107 z firm\u0105 NIKOL w zakresie transportu mi\u0119dzynarodowego i pragniemy podkre\u015bli\u0107 wysok\u0105 jako\u015b\u0107 \u015bwiadczonych us\u0142ug. US\u0141UGI TRANSPORTOWE..<\/div><!-- .post-excerpt --><h4 class=\"post-title-head\"><a href=\"https:\/\/frocase.com\/pl\/references\/maciej-goralski\/\" class=\"client-name post-title\">Maciej G\u00f3ralski<\/a><\/h4><div class=\"top-meta clearfix\"><ul class=\"nav top-meta-list meta-left\"><li><div class=\"testimonial-designation\"><div class=\"post-designation-head\">GTI Logistik<\/div><\/div><!-- .testimonial-designation --><\/li><li><\/li><\/ul><\/div><\/div><!-- .media --><\/div><!-- .media-body --><\/div><!-- .testimonial-inner --><\/div><!-- .col \/ .owl-carousel-item \/ .isotope --><div class=\"owl-carousel-item\" ><div class=\"testimonial-inner\"><div class=\"media\"><div class=\"post-thumb\"><a href=\"https:\/\/frocase.com\/pl\/references\/thomas-barnes\/\" class=\"post-image-link\"><img decoding=\"async\" src=\"https:\/\/frocase.com\/wp-content\/uploads\/elementor\/thumbs\/serious-businessman-thoughtful-young-man-in-forma-2025-02-21-10-26-00-utc-scaled-r267gwdc20vvbzub17e95ffhyxcz5vt3003dhkdqvg.jpg\" title=\"Serious businessman. Thoughtful young man in formalwear keeping arms crossed and looking at camera\" alt=\"\" class=\"img-fluid squared img-fluid squared img-fluid squared img-fluid squared\" \/><\/a><\/div><!-- .post-thumb --><div class=\"media-body\"><div class=\"post-excerpt\">Rekomendacja dla \u201eFROCASE LIMITED\u201d My, SELECT WINDOWS (HOME IMPROVEMENTS) LIMITED, z przyjemno\u015bci\u0105 przedstawiamy nasz\u0105 pe\u0142n\u0105 rekomendacj\u0119 dla FROCASE LIMITED jako wyj\u0105tkowego partnera transportowego w zakresie dostaw materia\u0142\u00f3w budowlanych i innych towar\u00f3w zwi\u0105zanych z budow\u0105 do naszych zak\u0142ad\u00f3w w ca\u0142ej Wielkiej Brytanii. W..<\/div><!-- .post-excerpt --><h4 class=\"post-title-head\"><a href=\"https:\/\/frocase.com\/pl\/references\/thomas-barnes\/\" class=\"client-name post-title\">Thomas Barnes<\/a><\/h4><div class=\"top-meta clearfix\"><ul class=\"nav top-meta-list meta-left\"><li><div class=\"testimonial-designation\"><div class=\"post-designation-head\">Wybierz Windows<\/div><\/div><!-- .testimonial-designation --><\/li><li><\/li><\/ul><\/div><\/div><!-- .media --><\/div><!-- .media-body --><\/div><!-- .testimonial-inner --><\/div><!-- .col \/ .owl-carousel-item \/ .isotope --><\/div><!-- .owl-carousel -->\t\t\t\n\t\t<\/div>\n\t\t\t\t<\/div>\n\t\t\t\t\t<\/div>\n\t\t<\/div>\n\t\t\t\t\t<\/div>\n\t\t<\/section>\n\t\t\t\t\t<\/div>\n\t\t<\/div>\n\t\t\t\t\t<\/div>\n\t\t<\/section>\n\t\t\t\t<\/div>\n\t\t","protected":false},"excerpt":{"rendered":"<p>HISTORIA FROCASE Mamy wspania\u0142\u0105 histori\u0119 za\u0142o\u017cenia Naszej firmy. 2007Maj 2007 Narodziny koncepcji Firma zosta\u0142a za\u0142o\u017cona w 2007 roku w celu \u015bwiadczenia niezawodnych i punktualnych us\u0142ug transportowych. Zaczynaj\u0105c od jednego pojazdu, firma zacz\u0119\u0142a obs\u0142ugiwa\u0107 lokalnych klient\u00f3w. 2010Lipiec 2010 r. Partnerstwo strategiczne Dzi\u0119ki naszemu..<\/p>\n","protected":false},"author":2,"featured_media":0,"parent":0,"menu_order":0,"comment_status":"closed","ping_status":"closed","template":"","meta":{"footnotes":""},"class_list":["post-46862","page","type-page","status-publish","hentry"],"_links":{"self":[{"href":"https:\/\/frocase.com\/pl\/wp-json\/wp\/v2\/pages\/46862","targetHints":{"allow":["GET"]}}],"collection":[{"href":"https:\/\/frocase.com\/pl\/wp-json\/wp\/v2\/pages"}],"about":[{"href":"https:\/\/frocase.com\/pl\/wp-json\/wp\/v2\/types\/page"}],"author":[{"embeddable":true,"href":"https:\/\/frocase.com\/pl\/wp-json\/wp\/v2\/users\/2"}],"replies":[{"embeddable":true,"href":"https:\/\/frocase.com\/pl\/wp-json\/wp\/v2\/comments?post=46862"}],"version-history":[{"count":6,"href":"https:\/\/frocase.com\/pl\/wp-json\/wp\/v2\/pages\/46862\/revisions"}],"predecessor-version":[{"id":47239,"href":"https:\/\/frocase.com\/pl\/wp-json\/wp\/v2\/pages\/46862\/revisions\/47239"}],"wp:attachment":[{"href":"https:\/\/frocase.com\/pl\/wp-json\/wp\/v2\/media?parent=46862"}],"curies":[{"name":"wp","href":"https:\/\/api.w.org\/{rel}","templated":true}]}}