{"id":46872,"date":"2024-07-22T06:49:00","date_gmt":"2024-07-22T06:49:00","guid":{"rendered":"https:\/\/frocase.com\/czesto-zadawane-pytania\/"},"modified":"2025-06-16T12:14:37","modified_gmt":"2025-06-16T12:14:37","slug":"czesto-zadawane-pytania","status":"publish","type":"page","link":"https:\/\/frocase.com\/pl\/czesto-zadawane-pytania\/","title":{"rendered":"Cz\u0119sto zadawane pytania"},"content":{"rendered":"\t\t<div data-elementor-type=\"wp-page\" data-elementor-id=\"46872\" class=\"elementor elementor-46872 elementor-44047\">\n\t\t\t\t\t\t<section class=\"elementor-section elementor-top-section elementor-element elementor-element-2568130a elementor-section-stretched elementor-section-boxed elementor-section-height-default elementor-section-height-default\" data-id=\"2568130a\" data-element_type=\"section\" data-settings=\"{&quot;stretch_section&quot;:&quot;section-stretched&quot;,&quot;background_background&quot;:&quot;classic&quot;}\">\n\t\t\t\t\t\t\t<div class=\"elementor-background-overlay\"><\/div>\n\t\t\t\t\t\t\t<div class=\"elementor-container elementor-column-gap-extended\">\n\t\t\t\t\t<div class=\"elementor-column elementor-col-100 elementor-top-column elementor-element elementor-element-6e0738dc\" data-id=\"6e0738dc\" data-element_type=\"column\" data-settings=\"{&quot;background_background&quot;:&quot;classic&quot;}\">\n\t\t\t<div class=\"elementor-widget-wrap elementor-element-populated\">\n\t\t\t\t\t<div class=\"elementor-background-overlay\"><\/div>\n\t\t\t\t\t\t<section class=\"elementor-section elementor-inner-section elementor-element elementor-element-2855aa9e elementor-section-boxed elementor-section-height-default elementor-section-height-default\" data-id=\"2855aa9e\" data-element_type=\"section\">\n\t\t\t\t\t\t<div class=\"elementor-container elementor-column-gap-default\">\n\t\t\t\t\t<div class=\"elementor-column elementor-col-33 elementor-inner-column elementor-element elementor-element-4378ef44\" data-id=\"4378ef44\" data-element_type=\"column\">\n\t\t\t<div class=\"elementor-widget-wrap\">\n\t\t\t\t\t\t\t<\/div>\n\t\t<\/div>\n\t\t\t\t<div class=\"elementor-column elementor-col-33 elementor-inner-column elementor-element elementor-element-69d1e108\" data-id=\"69d1e108\" data-element_type=\"column\">\n\t\t\t<div class=\"elementor-widget-wrap elementor-element-populated\">\n\t\t\t\t\t\t<div class=\"elementor-element elementor-element-e88a899 cea-align-center cea-separator-type-normal elementor-invisible elementor-widget elementor-widget-ceasectiontitle\" data-id=\"e88a899\" data-element_type=\"widget\" data-settings=\"{&quot;_animation&quot;:&quot;fadeInUp&quot;}\" data-widget_type=\"ceasectiontitle.default\">\n\t\t\t\t<div class=\"elementor-widget-container\">\n\t\t\t\t\t<div class=\"section-title-wrapper\"><div class=\"title-wrap\"><div class=\"sub-title\"><span class=\"subtitle-dots\">Jak mo\u017cemy Ci pom\u00f3c?<\/span><\/div><h2 class=\"section-title\">Sprawd\u017a odpowiedzi na najcz\u0119\u015bciej zadawane pytania<\/h2><div class=\"elementor-divider\"><span class=\"elementor-divider-separator\"><\/span><\/div><\/div><!-- .title-wrap --><div class=\"section-description\"><\/div><!-- .section-description --><\/div><!-- .section-title-wrapper -->\t\t\t\t<\/div>\n\t\t\t\t<\/div>\n\t\t\t\t\t<\/div>\n\t\t<\/div>\n\t\t\t\t<div class=\"elementor-column elementor-col-33 elementor-inner-column elementor-element elementor-element-2cd28963\" data-id=\"2cd28963\" data-element_type=\"column\">\n\t\t\t<div class=\"elementor-widget-wrap\">\n\t\t\t\t\t\t\t<\/div>\n\t\t<\/div>\n\t\t\t\t\t<\/div>\n\t\t<\/section>\n\t\t\t\t<section class=\"elementor-section elementor-inner-section elementor-element elementor-element-400d8d15 elementor-section-boxed elementor-section-height-default elementor-section-height-default\" data-id=\"400d8d15\" data-element_type=\"section\">\n\t\t\t\t\t\t<div class=\"elementor-container elementor-column-gap-default\">\n\t\t\t\t\t<div class=\"elementor-column elementor-col-33 elementor-inner-column elementor-element elementor-element-360a0e89\" data-id=\"360a0e89\" data-element_type=\"column\">\n\t\t\t<div class=\"elementor-widget-wrap\">\n\t\t\t\t\t\t\t<\/div>\n\t\t<\/div>\n\t\t\t\t<div class=\"elementor-column elementor-col-33 elementor-inner-column elementor-element elementor-element-1eb98499\" data-id=\"1eb98499\" data-element_type=\"column\">\n\t\t\t<div class=\"elementor-widget-wrap elementor-element-populated\">\n\t\t\t\t\t\t<div class=\"elementor-element elementor-element-2de9d118 elementor-widget elementor-widget-ceaaccordion\" data-id=\"2de9d118\" data-element_type=\"widget\" data-widget_type=\"ceaaccordion.default\">\n\t\t\t\t\r\n\t\t<div class=\"elementor-widget-container cea-accordion-elementor-widget\" data-toggle=\"\">\r\n\t\t\t<div class=\"cea-accordions\" id=\"cea-accordion-1\"><div class=\"card cea-accordion\"><div class=\"card-header cea-accordion-header\"><a class=\"nav-item nav-link active\" href=\"#cea-accordion-1-1\"><span class=\"elementor-accordion-icon elementor-accordion-icon-right\" aria-hidden=\"true\"><span class=\"cea-accordion-icon-closed\"><i class=\"ti ti-angle-double-down\"><\/i><\/span><span class=\"cea-accordion-icon-opened\"><i class=\"ti ti-angle-double-up\"><\/i><\/span><\/span>Jakie rodzaje us\u0142ug transportowych oferujecie?<\/a><\/div><!-- .card-header --><div class=\"cea-accordion-content active\" id=\"cea-accordion-1-1\"><div class=\"card-body\"><div class=\"cea-accordion-pane\"><p>Zapewniamy:<br data-start=\"516\" data-end=\"519\">\u2705 <strong data-start=\"521\" data-end=\"547\">Transport ch\u0142odniczy<\/strong> - dostawy towar\u00f3w \u0142atwo psuj\u0105cych si\u0119 w kontrolowanej temperaturze<br data-start=\"604\" data-end=\"607\">\u2705 <strong data-start=\"609\" data-end=\"635\">Transport \u0142adunk\u00f3w mro\u017conych<\/strong> - bezpieczny transport towar\u00f3w g\u0142\u0119boko mro\u017conych (-25\u00b0C i poni\u017cej)<br data-start=\"691\" data-end=\"694\">\u2705 <strong data-start=\"696\" data-end=\"723\">Transport drobnicowy<\/strong> - towary suche, palety i przesy\u0142ki przemys\u0142owe<br data-start=\"770\" data-end=\"773\">\u2705 <strong data-start=\"775\" data-end=\"813\">Dostawy ekspresowe i krytyczne czasowo<\/strong> - szybkie i niezawodne rozwi\u0105zania logistyczne<\/p>\n<\/div><\/div><!-- .card-body --><\/div><!-- .cea-accordion-content --><\/div><!-- .card --><div class=\"card cea-accordion\"><div class=\"card-header cea-accordion-header\"><a class=\"nav-item nav-link\" href=\"#cea-accordion-1-2\"><span class=\"elementor-accordion-icon elementor-accordion-icon-right\" aria-hidden=\"true\"><span class=\"cea-accordion-icon-closed\"><i class=\"ti ti-angle-double-down\"><\/i><\/span><span class=\"cea-accordion-icon-opened\"><i class=\"ti ti-angle-double-up\"><\/i><\/span><\/span>Jakie tereny obejmujecie swoim zasi\u0119giem?<\/a><\/div><!-- .card-header --><div class=\"cea-accordion-content\" id=\"cea-accordion-1-2\"><div class=\"card-body\"><div class=\"cea-accordion-pane\"><p>Zapewniamy <strong data-start=\"1246\" data-end=\"1278\">transport krajowy w Polsce \/ Wielkiej Brytanii<\/strong> oraz <strong data-start=\"1283\" data-end=\"1324\">transport mi\u0119dzynarodowy w ca\u0142ej Europie<\/strong>, w tym w Irlandii. Skontaktuj si\u0119 z nami, aby sprawdzi\u0107 dost\u0119pno\u015b\u0107 na konkretnych trasach. <\/p>\n<\/div><\/div><!-- .card-body --><\/div><!-- .cea-accordion-content --><\/div><!-- .card --><div class=\"card cea-accordion\"><div class=\"card-header cea-accordion-header\"><a class=\"nav-item nav-link\" href=\"#cea-accordion-1-3\"><span class=\"elementor-accordion-icon elementor-accordion-icon-right\" aria-hidden=\"true\"><span class=\"cea-accordion-icon-closed\"><i class=\"ti ti-angle-double-down\"><\/i><\/span><span class=\"cea-accordion-icon-opened\"><i class=\"ti ti-angle-double-up\"><\/i><\/span><\/span>Jakiego rodzaju towary przewozisz?<\/a><\/div><!-- .card-header --><div class=\"cea-accordion-content\" id=\"cea-accordion-1-3\"><div class=\"card-body\"><div class=\"cea-accordion-pane\"><p data-start=\"646\" data-end=\"658\">Wsp\u00f3\u0142pracujemy z r\u00f3\u017cnymi bran\u017cami, w tym<br data-start=\"1479\" data-end=\"1482\">\ud83d\uded2 <strong data-start=\"1485\" data-end=\"1502\">Handel detaliczny i FMCG<\/strong> - \u015awie\u017ce produkty, nabia\u0142 i mro\u017conki<br data-start=\"1542\" data-end=\"1545\">\ud83d\udc8a <strong data-start=\"1548\" data-end=\"1567\">Farmaceutyka<\/strong> - Produkty medyczne wra\u017cliwe na temperatur\u0119<br data-start=\"1608\" data-end=\"1611\">\ud83c\udfed <strong data-start=\"1614\" data-end=\"1647\">Towary przemys\u0142owe i handlowe<\/strong> - \u0141adunki suche i ci\u0119\u017ckie<br data-start=\"1675\" data-end=\"1678\">\ud83d\ude9b <strong data-start=\"1681\" data-end=\"1713\">Firmy spedycyjne<\/strong> - Niezawodne partnerstwo logistyczne<\/p>\n<\/div><\/div><!-- .card-body --><\/div><!-- .cea-accordion-content --><\/div><!-- .card --><div class=\"card cea-accordion\"><div class=\"card-header cea-accordion-header\"><a class=\"nav-item nav-link\" href=\"#cea-accordion-1-4\"><span class=\"elementor-accordion-icon elementor-accordion-icon-right\" aria-hidden=\"true\"><span class=\"cea-accordion-icon-closed\"><i class=\"ti ti-angle-double-down\"><\/i><\/span><span class=\"cea-accordion-icon-opened\"><i class=\"ti ti-angle-double-up\"><\/i><\/span><\/span>Jakie zakresy temperatur mo\u017cna utrzyma\u0107 podczas transportu?<\/a><\/div><!-- .card-header --><div class=\"cea-accordion-content\" id=\"cea-accordion-1-4\"><div class=\"card-body\"><div class=\"cea-accordion-pane\"><p data-start=\"1825\" data-end=\"1903\">Nasza flota jest wyposa\u017cona w <strong data-start=\"1852\" data-end=\"1886\">zaawansowane systemy ch\u0142odnicze<\/strong>, kt\u00f3re utrzymuj\u0105:<\/p>\n<ul data-start=\"1904\" data-end=\"2066\">\n<li data-start=\"1904\" data-end=\"1941\"><strong data-start=\"1906\" data-end=\"1922\">Mro\u017cony \u0142adunek<\/strong> (-25\u00b0C do -18\u00b0C)<\/li>\n<li data-start=\"1942\" data-end=\"1982\"><strong data-start=\"1944\" data-end=\"1965\">Transport ch\u0142odniczy<\/strong> (+2\u00b0C do +8\u00b0C)<\/li>\n<li data-start=\"1983\" data-end=\"2066\"><strong data-start=\"1985\" data-end=\"2012\">Obci\u0105\u017cenia wielotemperaturowe<\/strong> (oddzielne przedzia\u0142y dla r\u00f3\u017cnych temperatur)<\/li>\n<\/ul>\n<\/div><\/div><!-- .card-body --><\/div><!-- .cea-accordion-content --><\/div><!-- .card --><div class=\"card cea-accordion\"><div class=\"card-header cea-accordion-header\"><a class=\"nav-item nav-link\" href=\"#cea-accordion-1-5\"><span class=\"elementor-accordion-icon elementor-accordion-icon-right\" aria-hidden=\"true\"><span class=\"cea-accordion-icon-closed\"><i class=\"ti ti-angle-double-down\"><\/i><\/span><span class=\"cea-accordion-icon-opened\"><i class=\"ti ti-angle-double-up\"><\/i><\/span><\/span>Czy zapewniasz \u015bledzenie przesy\u0142ek w czasie rzeczywistym?<\/a><\/div><!-- .card-header --><div class=\"cea-accordion-content\" id=\"cea-accordion-1-5\"><div class=\"card-body\"><div class=\"cea-accordion-pane\"><p>Tak! Korzystamy <strong data-start=\"2140\" data-end=\"2193\">ze \u015bledzenia GPS i monitorowania temperatury w czasie rzeczywistym<\/strong>, zapewniaj\u0105c pe\u0142n\u0105 widoczno\u015b\u0107 i bezpiecze\u0144stwo przesy\u0142ki. <\/p>\n<\/div><\/div><!-- .card-body --><\/div><!-- .cea-accordion-content --><\/div><!-- .card --><div class=\"card cea-accordion\"><div class=\"card-header cea-accordion-header\"><a class=\"nav-item nav-link\" href=\"#cea-accordion-1-6\"><span class=\"elementor-accordion-icon elementor-accordion-icon-right\" aria-hidden=\"true\"><span class=\"cea-accordion-icon-closed\"><i class=\"ti ti-angle-double-down\"><\/i><\/span><span class=\"cea-accordion-icon-opened\"><i class=\"ti ti-angle-double-up\"><\/i><\/span><\/span>Jak zapewni\u0107 bezpiecze\u0144stwo i niezawodno\u015b\u0107 transportowanych towar\u00f3w?<\/a><\/div><!-- .card-header --><div class=\"cea-accordion-content\" id=\"cea-accordion-1-6\"><div class=\"card-body\"><div class=\"cea-accordion-pane\"><p data-start=\"1461\" data-end=\"1515\">Przestrzegamy <strong data-start=\"1474\" data-end=\"1501\">rygorystycznych protoko\u0142\u00f3w bezpiecze\u0144stwa<\/strong>, w tym:<\/p>\n<ul data-start=\"1516\" data-end=\"1680\">\n<li data-start=\"1516\" data-end=\"1551\"><strong data-start=\"1518\" data-end=\"1549\">Regularna konserwacja pojazdu<\/strong><\/li>\n<li data-start=\"1552\" data-end=\"1591\"><strong data-start=\"1554\" data-end=\"1589\">Przeszkoleni i do\u015bwiadczeni kierowcy<\/strong><\/li>\n<li data-start=\"1592\" data-end=\"1632\"><strong data-start=\"1594\" data-end=\"1630\">Monitorowanie temperatury w czasie rzeczywistym<\/strong><\/li>\n<li data-start=\"1633\" data-end=\"1680\"><strong data-start=\"1635\" data-end=\"1660\">Bezpieczna obs\u0142uga \u0142adunku<\/strong> w celu zapobiegania uszkodzeniom<\/li>\n<\/ul>\n<\/div><\/div><!-- .card-body --><\/div><!-- .cea-accordion-content --><\/div><!-- .card --><div class=\"card cea-accordion\"><div class=\"card-header cea-accordion-header\"><a class=\"nav-item nav-link\" href=\"#cea-accordion-1-7\"><span class=\"elementor-accordion-icon elementor-accordion-icon-right\" aria-hidden=\"true\"><span class=\"cea-accordion-icon-closed\"><i class=\"ti ti-angle-double-down\"><\/i><\/span><span class=\"cea-accordion-icon-opened\"><i class=\"ti ti-angle-double-up\"><\/i><\/span><\/span>Jakie dokumenty s\u0105 wymagane w przypadku transportu mi\u0119dzynarodowego?<\/a><\/div><!-- .card-header --><div class=\"cea-accordion-content\" id=\"cea-accordion-1-7\"><div class=\"card-body\"><div class=\"cea-accordion-pane\"><p data-start=\"1752\" data-end=\"1799\">Za\u0142atwiamy wszystkie niezb\u0119dne formalno\u015bci, w tym:<\/p>\n<p>\ud83d\udcc4 <strong data-start=\"2634\" data-end=\"2665\">CMR (mi\u0119dzynarodowy list przewozowy)<\/strong><br data-start=\"2665\" data-end=\"2668\">\ud83d\udcc4 <strong data-start=\"2671\" data-end=\"2702\">Dokumenty odprawy celnej<\/strong> (je\u015bli dotyczy)<br data-start=\"2718\" data-end=\"2721\">\ud83d\udcc4 <strong data-start=\"2724\" data-end=\"2770\">Dzienniki temperatur i certyfikaty zgodno\u015bci<\/strong><\/p>\n<\/div><\/div><!-- .card-body --><\/div><!-- .cea-accordion-content --><\/div><!-- .card --><div class=\"card cea-accordion\"><div class=\"card-header cea-accordion-header\"><a class=\"nav-item nav-link\" href=\"#cea-accordion-1-8\"><span class=\"elementor-accordion-icon elementor-accordion-icon-right\" aria-hidden=\"true\"><span class=\"cea-accordion-icon-closed\"><i class=\"ti ti-angle-double-down\"><\/i><\/span><span class=\"cea-accordion-icon-opened\"><i class=\"ti ti-angle-double-up\"><\/i><\/span><\/span>Jak mog\u0119 poprosi\u0107 o wycen\u0119 us\u0142ug transportowych?<\/a><\/div><!-- .card-header --><div class=\"cea-accordion-content\" id=\"cea-accordion-1-8\"><div class=\"card-body\"><div class=\"cea-accordion-pane\"><p data-start=\"2060\" data-end=\"2098\">Mo\u017cesz poprosi\u0107 o <strong data-start=\"2078\" data-end=\"2092\">bezp\u0142atn\u0105 wycen\u0119<\/strong> przez:<\/p>\n<ul data-start=\"2099\" data-end=\"2256\">\n<li data-start=\"2099\" data-end=\"2151\"><strong data-start=\"2101\" data-end=\"2132\">Wype\u0142nienie formularza online<\/strong> (na naszej stronie internetowej)<\/li>\n<li data-start=\"2152\" data-end=\"2256\"><strong data-start=\"2154\" data-end=\"2180\">Kontakt telefoniczny lub mailowy<\/strong> z podaniem szczeg\u00f3\u0142\u00f3w przesy\u0142ki (typ, waga, trasa, specjalne wymagania).<\/li>\n<\/ul>\n<\/div><\/div><!-- .card-body --><\/div><!-- .cea-accordion-content --><\/div><!-- .card --><div class=\"card cea-accordion\"><div class=\"card-header cea-accordion-header\"><a class=\"nav-item nav-link\" href=\"#cea-accordion-1-9\"><span class=\"elementor-accordion-icon elementor-accordion-icon-right\" aria-hidden=\"true\"><span class=\"cea-accordion-icon-closed\"><i class=\"ti ti-angle-double-down\"><\/i><\/span><span class=\"cea-accordion-icon-opened\"><i class=\"ti ti-angle-double-up\"><\/i><\/span><\/span>Czy mog\u0119 zaplanowa\u0107 regularne us\u0142ugi transportowe?<\/a><\/div><!-- .card-header --><div class=\"cea-accordion-content\" id=\"cea-accordion-1-9\"><div class=\"card-body\"><div class=\"cea-accordion-pane\"><p data-start=\"2060\" data-end=\"2098\">Oczywi\u015bcie! Oferujemy <strong data-start=\"2556\" data-end=\"2613\">d\u0142ugoterminowe umowy i cykliczne rozwi\u0105zania transportowe<\/strong> dla firm, kt\u00f3re wymagaj\u0105 sta\u0142ego wsparcia logistycznego. <\/p>\n<\/div><\/div><!-- .card-body --><\/div><!-- .cea-accordion-content --><\/div><!-- .card --><div class=\"card cea-accordion\"><div class=\"card-header cea-accordion-header\"><a class=\"nav-item nav-link\" href=\"#cea-accordion-1-10\"><span class=\"elementor-accordion-icon elementor-accordion-icon-right\" aria-hidden=\"true\"><span class=\"cea-accordion-icon-closed\"><i class=\"ti ti-angle-double-down\"><\/i><\/span><span class=\"cea-accordion-icon-opened\"><i class=\"ti ti-angle-double-up\"><\/i><\/span><\/span>Co powinienem zrobi\u0107 w przypadku problem\u00f3w z wysy\u0142k\u0105 lub op\u00f3\u017anieniem?<\/a><\/div><!-- .card-header --><div class=\"cea-accordion-content\" id=\"cea-accordion-1-10\"><div class=\"card-body\"><div class=\"cea-accordion-pane\"><p data-start=\"2060\" data-end=\"2098\">Nasz zesp\u00f3\u0142 obs\u0142ugi klienta jest dost\u0119pny <strong data-start=\"2781\" data-end=\"2789\">24 godziny na dob\u0119, 7 dni w tygodniu<\/strong>. Naszym priorytetem jest <strong data-start=\"2819\" data-end=\"2847\">szybkie rozwi\u0105zywanie problem\u00f3w<\/strong> i informowanie o wszelkich potencjalnych op\u00f3\u017anieniach. <\/p>\n<\/div><\/div><!-- .card-body --><\/div><!-- .cea-accordion-content --><\/div><!-- .card --><div class=\"card cea-accordion\"><div class=\"card-header cea-accordion-header\"><a class=\"nav-item nav-link\" href=\"#cea-accordion-1-11\"><span class=\"elementor-accordion-icon elementor-accordion-icon-right\" aria-hidden=\"true\"><span class=\"cea-accordion-icon-closed\"><i class=\"ti ti-angle-double-down\"><\/i><\/span><span class=\"cea-accordion-icon-opened\"><i class=\"ti ti-angle-double-up\"><\/i><\/span><\/span>Jakie s\u0105 dane firmy?<\/a><\/div><!-- .card-header --><div class=\"cea-accordion-content\" id=\"cea-accordion-1-11\"><div class=\"card-body\"><div class=\"cea-accordion-pane\"><p data-start=\"45\" data-end=\"360\">Wcze\u015bniej nasza firma dzia\u0142a\u0142a pod nazw\u0105 <strong data-start=\"93\" data-end=\"122\">Us\u0142ugi Transportowe Nikol<\/strong>, z nast\u0119puj\u0105cymi danymi:<br data-start=\"151\" data-end=\"154\">\ud83d\udccd <strong data-start=\"157\" data-end=\"206\">Us\u0142ugi Transportowe \u201eNIKOL\u201d Dariusz Frontczak<\/strong><br data-start=\"206\" data-end=\"209\">\ud83d\udccc <strong data-start=\"212\" data-end=\"220\" data-is-only-node=\"\">NIP:<\/strong> 5782537419<br data-start=\"231\" data-end=\"234\">\ud83d\udccc <strong data-start=\"237\" data-end=\"249\">Adres:<\/strong> Dworki 2\/3, 82-335 Gronowo Elbl\u0105skie<br data-start=\"286\" data-end=\"289\">\ud83d\udcde <strong data-start=\"292\" data-end=\"302\">Telefon:<\/strong> +48 573 588 299<br data-start=\"318\" data-end=\"321\">\ud83d\udce7 <strong data-start=\"324\" data-end=\"334\">Email:<\/strong> dfrontczak.1975@wp.pl<\/p>\n<p data-start=\"362\" data-end=\"426\">Obecnie przeprowadzili\u015bmy rebranding i rozszerzyli\u015bmy dzia\u0142alno\u015b\u0107 w ramach dw\u00f3ch sp\u00f3\u0142ek:<\/p>\n<p data-start=\"428\" data-end=\"641\">\ud83d\udccd  <strong data-start=\"431\" data-end=\"453\">Frocase Sp. z o.o. <\/strong>  (Polska, operacje mi\u0119dzynarodowe)<br data-start=\"462\" data-end=\"465\">\ud83d\udccc <strong data-start=\"468\" data-end=\"476\">NIP:<\/strong> 5783174574<br data-start=\"502\" data-end=\"505\">\ud83d\udccc <strong data-start=\"508\" data-end=\"520\">Adres:<\/strong> Dworki 2\/3, 82-335 Gronowo Elbl\u0105skie<br data-start=\"550\" data-end=\"553\">\ud83d\udcde <strong data-start=\"556\" data-end=\"566\">Telefon:<\/strong> +48 573 588 299<br data-start=\"595\" data-end=\"598\">\ud83d\udce7 <strong data-start=\"601\" data-end=\"611\">Email:<\/strong> office@frocase.com<\/p>\n<p data-start=\"643\" data-end=\"932\">\ud83d\udccd <strong data-start=\"646\" data-end=\"665\">Frocase Limited<\/strong> (UK, International Operations)<br data-start=\"692\" data-end=\"695\">\ud83d\udccc <strong data-start=\"698\" data-end=\"730\">Numer rejestracyjny firmy:<\/strong> 14502714<br data-start=\"772\" data-end=\"775\">\ud83d\udccc <strong data-start=\"778\" data-end=\"790\">Adres:<\/strong> 20 Basalt Lane, Wednesbury, Wielka Brytania, WS10 8WF<br data-start=\"827\" data-end=\"830\">\ud83d\udcde <strong data-start=\"833\" data-end=\"843\">Telefon:<\/strong> +44 330 533 0099<br data-start=\"879\" data-end=\"882\">\ud83d\udce7 <strong data-start=\"885\" data-end=\"895\">Email:<\/strong> office@frocase.com<\/p>\n<p data-start=\"934\" data-end=\"992\" data-is-last-node=\"\" data-is-only-node=\"\">W przypadku jakichkolwiek pyta\u0144, prosimy <strong data-start=\"966\" data-end=\"988\">o kontakt w dowolnym momencie<\/strong>! \ud83d\ude9b<\/p>\n<\/div><\/div><!-- .card-body --><\/div><!-- .cea-accordion-content --><\/div><!-- .card --><\/div>\t\t<\/div>\r\n\t\t\t\t<\/div>\n\t\t\t\t<div class=\"elementor-element elementor-element-7254643e cea-btn-tablet-align-center cea-btn-align-center elementor-invisible elementor-widget elementor-widget-ceabutton\" data-id=\"7254643e\" data-element_type=\"widget\" data-settings=\"{&quot;_animation&quot;:&quot;fadeInUp&quot;}\" data-widget_type=\"ceabutton.default\">\n\t\t\t\t<div class=\"elementor-widget-container cea-button-wrapper\">\r\n\t\t\t\t\t<div class=\"cea-button-wrapper\">\r\n\t\t\t<a href=\"https:\/\/frocase.com\/our-services\/\" class=\"cea-button-link elementor-button cea-button elementor-size-sm\">\r\n\t\t\t\t\t\t<span class=\"cea-button-content-wrapper\">\r\n\t\t\t\t\t\t<span class=\"cea-button-icon cea-align-icon-\">\r\n\t\t\t\t\t\t\t<\/span>\r\n\t\t\t\t\t\t<span class=\"cea-button-text\">Wy\u015bwietl us\u0142ugi<\/span>\r\n\t\t<\/span>\r\n\t\t\t\t\t<\/a>\r\n\t\t<\/div>\r\n\t\t\t\t<\/div>\r\n\t\t\t\t<\/div>\n\t\t\t\t\t<\/div>\n\t\t<\/div>\n\t\t\t\t<div class=\"elementor-column elementor-col-33 elementor-inner-column elementor-element elementor-element-2584a9d5\" data-id=\"2584a9d5\" data-element_type=\"column\">\n\t\t\t<div class=\"elementor-widget-wrap\">\n\t\t\t\t\t\t\t<\/div>\n\t\t<\/div>\n\t\t\t\t\t<\/div>\n\t\t<\/section>\n\t\t\t\t\t<\/div>\n\t\t<\/div>\n\t\t\t\t\t<\/div>\n\t\t<\/section>\n\t\t\t\t<\/div>\n\t\t","protected":false},"excerpt":{"rendered":"<p>Jak mo\u017cemy Ci pom\u00f3c? Sprawd\u017a odpowiedzi na najcz\u0119\u015bciej zadawane pytania Jakie rodzaje us\u0142ug transportowych oferujecie? Zapewniamy:\u2705 Transport ch\u0142odniczy - dostawy towar\u00f3w \u0142atwo psuj\u0105cych si\u0119 w kontrolowanej temperaturze\u2705..<\/p>\n","protected":false},"author":2,"featured_media":0,"parent":0,"menu_order":0,"comment_status":"closed","ping_status":"closed","template":"","meta":{"footnotes":""},"class_list":["post-46872","page","type-page","status-publish","hentry"],"_links":{"self":[{"href":"https:\/\/frocase.com\/pl\/wp-json\/wp\/v2\/pages\/46872","targetHints":{"allow":["GET"]}}],"collection":[{"href":"https:\/\/frocase.com\/pl\/wp-json\/wp\/v2\/pages"}],"about":[{"href":"https:\/\/frocase.com\/pl\/wp-json\/wp\/v2\/types\/page"}],"author":[{"embeddable":true,"href":"https:\/\/frocase.com\/pl\/wp-json\/wp\/v2\/users\/2"}],"replies":[{"embeddable":true,"href":"https:\/\/frocase.com\/pl\/wp-json\/wp\/v2\/comments?post=46872"}],"version-history":[{"count":5,"href":"https:\/\/frocase.com\/pl\/wp-json\/wp\/v2\/pages\/46872\/revisions"}],"predecessor-version":[{"id":47257,"href":"https:\/\/frocase.com\/pl\/wp-json\/wp\/v2\/pages\/46872\/revisions\/47257"}],"wp:attachment":[{"href":"https:\/\/frocase.com\/pl\/wp-json\/wp\/v2\/media?parent=46872"}],"curies":[{"name":"wp","href":"https:\/\/api.w.org\/{rel}","templated":true}]}}